{"id":51,"date":"2021-01-28T18:22:16","date_gmt":"2021-01-28T17:22:16","guid":{"rendered":"https:\/\/teste49410456.wordpress.com\/?page_id=51"},"modified":"2024-07-24T14:18:47","modified_gmt":"2024-07-24T18:18:47","slug":"simpliquer","status":"publish","type":"page","link":"https:\/\/centrelouisebibeau.com\/index.php\/simpliquer\/","title":{"rendered":"B\u00e9n\u00e9volat"},"content":{"rendered":"\n<div class=\"wp-block-cover is-light\" style=\"min-height:68px;aspect-ratio:unset;\"><span aria-hidden=\"true\" class=\"wp-block-cover__background has-background-dim\" style=\"background-color:#a99890\"><\/span><img loading=\"lazy\" decoding=\"async\" width=\"1326\" height=\"296\" class=\"wp-block-cover__image-background wp-image-1711\" alt=\"\" src=\"https:\/\/centrelouisebibeau.com\/wp-content\/uploads\/2024\/07\/Capture-decran-le-2024-07-24-a-14.18.05.png\" data-object-fit=\"cover\" srcset=\"https:\/\/centrelouisebibeau.com\/wp-content\/uploads\/2024\/07\/Capture-decran-le-2024-07-24-a-14.18.05.png 1326w, https:\/\/centrelouisebibeau.com\/wp-content\/uploads\/2024\/07\/Capture-decran-le-2024-07-24-a-14.18.05-300x67.png 300w, https:\/\/centrelouisebibeau.com\/wp-content\/uploads\/2024\/07\/Capture-decran-le-2024-07-24-a-14.18.05-1024x229.png 1024w, https:\/\/centrelouisebibeau.com\/wp-content\/uploads\/2024\/07\/Capture-decran-le-2024-07-24-a-14.18.05-768x171.png 768w, https:\/\/centrelouisebibeau.com\/wp-content\/uploads\/2024\/07\/Capture-decran-le-2024-07-24-a-14.18.05-269x60.png 269w\" sizes=\"auto, (max-width: 1326px) 100vw, 1326px\" \/><div class=\"wp-block-cover__inner-container is-layout-flow wp-block-cover-is-layout-flow\">\n<p class=\"has-text-align-center has-large-font-size\"><mark style=\"background-color:rgba(0, 0, 0, 0)\" class=\"has-inline-color has-white-color\">Votre Action B\u00e9n\u00e9vole Compte.<\/mark><\/p>\n<\/div><\/div>\n\n\n\n<div style=\"height:1px\" aria-hidden=\"true\" class=\"wp-block-spacer\"><\/div>\n\n\n\n<p>Engagez-vous b\u00e9n\u00e9volement pour soutenir les personnes vivant avec une d\u00e9ficience intellectuelle, une cause profond\u00e9ment significative. En donnant de votre temps et de votre \u00e9nergie, vous pouvez v\u00e9ritablement enrichir leur quotidien et favoriser leur int\u00e9gration sociale. C&rsquo;est une opportunit\u00e9 unique de redonner \u00e0 la soci\u00e9t\u00e9 en aidant ceux qui en ont le plus besoin. Ensemble, nous pouvons faire une diff\u00e9rence positive et offrir \u00e0 ces individus la chance de s&rsquo;\u00e9panouir pleinement dans notre soci\u00e9t\u00e9.<br><\/p>\n\n\n\n<div class=\"wp-block-group is-vertical is-layout-flex wp-container-core-group-is-layout-8cf370e7 wp-block-group-is-layout-flex\">\n<p><strong>Voici plusieurs fa\u00e7ons de vous impliquer b\u00e9n\u00e9volement :<\/strong><\/p>\n\n\n\n<ul class=\"wp-block-list\">\n<li>Faire partie du conseil d&rsquo;administration<\/li>\n\n\n\n<li>Joindre un comit\u00e9 pour des \u00e9v\u00e9nements sp\u00e9ciaux tels que les portes ouvertes ou les lev\u00e9es de fonds<\/li>\n\n\n\n<li>Accompagner les usagers lors de sorties et d&rsquo;activit\u00e9s<\/li>\n\n\n\n<li>Participer activement aux lev\u00e9es de fonds<\/li>\n\n\n\n<li>Animer des activit\u00e9s ludiques avec un ou plusieurs usagers<\/li>\n<\/ul>\n<\/div>\n\n\n\n<p class=\"has-text-align-justify\">Si vous avez des contraintes de temps, vous pouvez soutenir le Centre Louise Bibeau en faisant un don financier. En tant qu&rsquo;organisme de bienfaisance, nous fournissons des re\u00e7us pour tout don caritatif. Chaque contribution, quelle que soit sa taille, est tr\u00e8s appr\u00e9ci\u00e9e!<\/p>\n\n\n\n<p class=\"has-text-align-justify\"><br><strong>Faire partie du conseil d&rsquo;administration:<\/strong><br>Depuis sa cr\u00e9ation en 1980, le Centre Louise Bibeau est dirig\u00e9 par un conseil d&rsquo;administration enti\u00e8rement compos\u00e9 de b\u00e9n\u00e9voles. Les membres du conseil sont s\u00e9lectionn\u00e9s parmi les parents des utilisateurs des services du Centre ainsi que parmi des individus ayant une expertise pertinente et un engagement envers sa mission. Ces deux cat\u00e9gories de membres sont \u00e9galement cruciales pour notre organisation. Mis \u00e0 part la capacit\u00e9 de travailler en \u00e9quipe, il n&rsquo;y a pas d&rsquo;exigences sp\u00e9cifiques requises. Les nouveaux membres du conseil peuvent acqu\u00e9rir de l&rsquo;exp\u00e9rience aupr\u00e8s de leurs pairs. Dans l&rsquo;ensemble, les administrateurs qui ont servi au fil des ans ont trouv\u00e9 cette exp\u00e9rience profond\u00e9ment enrichissante.<\/p>\n\n\n<div class=\"wp-block-image\">\n<figure class=\"aligncenter size-large is-resized\"><img loading=\"lazy\" decoding=\"async\" width=\"1400\" height=\"1400\" src=\"https:\/\/centrelouisebibeau.com\/wp-content\/uploads\/2021\/01\/centrelouisebibeau_logo_maison-2.jpg?w=750\" alt=\"\" class=\"wp-image-140\" style=\"width:108px;height:108px\" srcset=\"https:\/\/centrelouisebibeau.com\/wp-content\/uploads\/2021\/01\/centrelouisebibeau_logo_maison-2.jpg 1400w, https:\/\/centrelouisebibeau.com\/wp-content\/uploads\/2021\/01\/centrelouisebibeau_logo_maison-2-300x300.jpg 300w, https:\/\/centrelouisebibeau.com\/wp-content\/uploads\/2021\/01\/centrelouisebibeau_logo_maison-2-1024x1024.jpg 1024w, https:\/\/centrelouisebibeau.com\/wp-content\/uploads\/2021\/01\/centrelouisebibeau_logo_maison-2-150x150.jpg 150w, https:\/\/centrelouisebibeau.com\/wp-content\/uploads\/2021\/01\/centrelouisebibeau_logo_maison-2-768x768.jpg 768w\" sizes=\"auto, (max-width: 1400px) 100vw, 1400px\" \/><\/figure>\n<\/div>","protected":false},"excerpt":{"rendered":"<p>Engagez-vous b\u00e9n\u00e9volement pour soutenir les personnes vivant avec une d\u00e9ficience intellectuelle, une cause profond\u00e9ment significative. En donnant de votre temps et de votre \u00e9nergie, vous pouvez v\u00e9ritablement enrichir leur quotidien et favoriser leur int\u00e9gration sociale. C&rsquo;est une opportunit\u00e9 unique de redonner \u00e0 la soci\u00e9t\u00e9 en aidant ceux qui en ont le plus besoin. Ensemble, nous pouvons faire une diff\u00e9rence positive &hellip; <\/p>\n","protected":false},"author":1,"featured_media":0,"parent":0,"menu_order":0,"comment_status":"closed","ping_status":"closed","template":"","meta":{"footnotes":""},"class_list":["post-51","page","type-page","status-publish","hentry"],"yoast_head":"<!-- This site is optimized with the Yoast SEO plugin v22.0 - https:\/\/yoast.com\/wordpress\/plugins\/seo\/ -->\n<title>B\u00e9n\u00e9volat -<\/title>\n<meta name=\"robots\" content=\"index, follow, max-snippet:-1, max-image-preview:large, max-video-preview:-1\" \/>\n<link rel=\"canonical\" href=\"https:\/\/centrelouisebibeau.com\/index.php\/simpliquer\/\" \/>\n<meta property=\"og:locale\" content=\"fr_FR\" \/>\n<meta property=\"og:type\" content=\"article\" \/>\n<meta property=\"og:title\" content=\"B\u00e9n\u00e9volat -\" \/>\n<meta property=\"og:description\" content=\"Engagez-vous b\u00e9n\u00e9volement pour soutenir les personnes vivant avec une d\u00e9ficience intellectuelle, une cause profond\u00e9ment significative. En donnant de votre temps et de votre \u00e9nergie, vous pouvez v\u00e9ritablement enrichir leur quotidien et favoriser leur int\u00e9gration sociale. C&rsquo;est une opportunit\u00e9 unique de redonner \u00e0 la soci\u00e9t\u00e9 en aidant ceux qui en ont le plus besoin. Ensemble, nous pouvons faire une diff\u00e9rence positive &hellip;\" \/>\n<meta property=\"og:url\" content=\"https:\/\/centrelouisebibeau.com\/index.php\/simpliquer\/\" \/>\n<meta property=\"article:modified_time\" content=\"2024-07-24T18:18:47+00:00\" \/>\n<meta property=\"og:image\" content=\"https:\/\/centrelouisebibeau.com\/wp-content\/uploads\/2024\/07\/Capture-decran-le-2024-07-24-a-14.18.05.png\" \/>\n<meta name=\"twitter:card\" content=\"summary_large_image\" \/>\n<meta name=\"twitter:label1\" content=\"Dur\u00e9e de lecture estim\u00e9e\" \/>\n\t<meta name=\"twitter:data1\" content=\"2 minutes\" \/>\n<script type=\"application\/ld+json\" class=\"yoast-schema-graph\">{\"@context\":\"https:\/\/schema.org\",\"@graph\":[{\"@type\":\"WebPage\",\"@id\":\"https:\/\/centrelouisebibeau.com\/index.php\/simpliquer\/\",\"url\":\"https:\/\/centrelouisebibeau.com\/index.php\/simpliquer\/\",\"name\":\"B\u00e9n\u00e9volat -\",\"isPartOf\":{\"@id\":\"https:\/\/centrelouisebibeau.com\/#website\"},\"datePublished\":\"2021-01-28T17:22:16+00:00\",\"dateModified\":\"2024-07-24T18:18:47+00:00\",\"breadcrumb\":{\"@id\":\"https:\/\/centrelouisebibeau.com\/index.php\/simpliquer\/#breadcrumb\"},\"inLanguage\":\"fr-FR\",\"potentialAction\":[{\"@type\":\"ReadAction\",\"target\":[\"https:\/\/centrelouisebibeau.com\/index.php\/simpliquer\/\"]}]},{\"@type\":\"BreadcrumbList\",\"@id\":\"https:\/\/centrelouisebibeau.com\/index.php\/simpliquer\/#breadcrumb\",\"itemListElement\":[{\"@type\":\"ListItem\",\"position\":1,\"name\":\"Accueil\",\"item\":\"https:\/\/centrelouisebibeau.com\/\"},{\"@type\":\"ListItem\",\"position\":2,\"name\":\"B\u00e9n\u00e9volat\"}]},{\"@type\":\"WebSite\",\"@id\":\"https:\/\/centrelouisebibeau.com\/#website\",\"url\":\"https:\/\/centrelouisebibeau.com\/\",\"name\":\"centrelouisebibeau.com\",\"description\":\"Maison de r\u00e9pit en Mont\u00e9r\u00e9gie\",\"publisher\":{\"@id\":\"https:\/\/centrelouisebibeau.com\/#organization\"},\"potentialAction\":[{\"@type\":\"SearchAction\",\"target\":{\"@type\":\"EntryPoint\",\"urlTemplate\":\"https:\/\/centrelouisebibeau.com\/?s={search_term_string}\"},\"query-input\":\"required name=search_term_string\"}],\"inLanguage\":\"fr-FR\"},{\"@type\":\"Organization\",\"@id\":\"https:\/\/centrelouisebibeau.com\/#organization\",\"name\":\"Centre Louise Bibeau\",\"url\":\"https:\/\/centrelouisebibeau.com\/\",\"logo\":{\"@type\":\"ImageObject\",\"inLanguage\":\"fr-FR\",\"@id\":\"https:\/\/centrelouisebibeau.com\/#\/schema\/logo\/image\/\",\"url\":\"https:\/\/centrelouisebibeau.com\/wp-content\/uploads\/2024\/01\/cropped-cropped-cropped-Birthday-3-e1705004303694-1.png\",\"contentUrl\":\"https:\/\/centrelouisebibeau.com\/wp-content\/uploads\/2024\/01\/cropped-cropped-cropped-Birthday-3-e1705004303694-1.png\",\"width\":350,\"height\":350,\"caption\":\"Centre Louise Bibeau\"},\"image\":{\"@id\":\"https:\/\/centrelouisebibeau.com\/#\/schema\/logo\/image\/\"}}]}<\/script>\n<!-- \/ Yoast SEO plugin. -->","yoast_head_json":{"title":"B\u00e9n\u00e9volat -","robots":{"index":"index","follow":"follow","max-snippet":"max-snippet:-1","max-image-preview":"max-image-preview:large","max-video-preview":"max-video-preview:-1"},"canonical":"https:\/\/centrelouisebibeau.com\/index.php\/simpliquer\/","og_locale":"fr_FR","og_type":"article","og_title":"B\u00e9n\u00e9volat -","og_description":"Engagez-vous b\u00e9n\u00e9volement pour soutenir les personnes vivant avec une d\u00e9ficience intellectuelle, une cause profond\u00e9ment significative. En donnant de votre temps et de votre \u00e9nergie, vous pouvez v\u00e9ritablement enrichir leur quotidien et favoriser leur int\u00e9gration sociale. C&rsquo;est une opportunit\u00e9 unique de redonner \u00e0 la soci\u00e9t\u00e9 en aidant ceux qui en ont le plus besoin. Ensemble, nous pouvons faire une diff\u00e9rence positive &hellip;","og_url":"https:\/\/centrelouisebibeau.com\/index.php\/simpliquer\/","article_modified_time":"2024-07-24T18:18:47+00:00","og_image":[{"url":"https:\/\/centrelouisebibeau.com\/wp-content\/uploads\/2024\/07\/Capture-decran-le-2024-07-24-a-14.18.05.png"}],"twitter_card":"summary_large_image","twitter_misc":{"Dur\u00e9e de lecture estim\u00e9e":"2 minutes"},"schema":{"@context":"https:\/\/schema.org","@graph":[{"@type":"WebPage","@id":"https:\/\/centrelouisebibeau.com\/index.php\/simpliquer\/","url":"https:\/\/centrelouisebibeau.com\/index.php\/simpliquer\/","name":"B\u00e9n\u00e9volat -","isPartOf":{"@id":"https:\/\/centrelouisebibeau.com\/#website"},"datePublished":"2021-01-28T17:22:16+00:00","dateModified":"2024-07-24T18:18:47+00:00","breadcrumb":{"@id":"https:\/\/centrelouisebibeau.com\/index.php\/simpliquer\/#breadcrumb"},"inLanguage":"fr-FR","potentialAction":[{"@type":"ReadAction","target":["https:\/\/centrelouisebibeau.com\/index.php\/simpliquer\/"]}]},{"@type":"BreadcrumbList","@id":"https:\/\/centrelouisebibeau.com\/index.php\/simpliquer\/#breadcrumb","itemListElement":[{"@type":"ListItem","position":1,"name":"Accueil","item":"https:\/\/centrelouisebibeau.com\/"},{"@type":"ListItem","position":2,"name":"B\u00e9n\u00e9volat"}]},{"@type":"WebSite","@id":"https:\/\/centrelouisebibeau.com\/#website","url":"https:\/\/centrelouisebibeau.com\/","name":"centrelouisebibeau.com","description":"Maison de r\u00e9pit en Mont\u00e9r\u00e9gie","publisher":{"@id":"https:\/\/centrelouisebibeau.com\/#organization"},"potentialAction":[{"@type":"SearchAction","target":{"@type":"EntryPoint","urlTemplate":"https:\/\/centrelouisebibeau.com\/?s={search_term_string}"},"query-input":"required name=search_term_string"}],"inLanguage":"fr-FR"},{"@type":"Organization","@id":"https:\/\/centrelouisebibeau.com\/#organization","name":"Centre Louise Bibeau","url":"https:\/\/centrelouisebibeau.com\/","logo":{"@type":"ImageObject","inLanguage":"fr-FR","@id":"https:\/\/centrelouisebibeau.com\/#\/schema\/logo\/image\/","url":"https:\/\/centrelouisebibeau.com\/wp-content\/uploads\/2024\/01\/cropped-cropped-cropped-Birthday-3-e1705004303694-1.png","contentUrl":"https:\/\/centrelouisebibeau.com\/wp-content\/uploads\/2024\/01\/cropped-cropped-cropped-Birthday-3-e1705004303694-1.png","width":350,"height":350,"caption":"Centre Louise Bibeau"},"image":{"@id":"https:\/\/centrelouisebibeau.com\/#\/schema\/logo\/image\/"}}]}},"_links":{"self":[{"href":"https:\/\/centrelouisebibeau.com\/index.php\/wp-json\/wp\/v2\/pages\/51","targetHints":{"allow":["GET"]}}],"collection":[{"href":"https:\/\/centrelouisebibeau.com\/index.php\/wp-json\/wp\/v2\/pages"}],"about":[{"href":"https:\/\/centrelouisebibeau.com\/index.php\/wp-json\/wp\/v2\/types\/page"}],"author":[{"embeddable":true,"href":"https:\/\/centrelouisebibeau.com\/index.php\/wp-json\/wp\/v2\/users\/1"}],"replies":[{"embeddable":true,"href":"https:\/\/centrelouisebibeau.com\/index.php\/wp-json\/wp\/v2\/comments?post=51"}],"version-history":[{"count":7,"href":"https:\/\/centrelouisebibeau.com\/index.php\/wp-json\/wp\/v2\/pages\/51\/revisions"}],"predecessor-version":[{"id":1714,"href":"https:\/\/centrelouisebibeau.com\/index.php\/wp-json\/wp\/v2\/pages\/51\/revisions\/1714"}],"wp:attachment":[{"href":"https:\/\/centrelouisebibeau.com\/index.php\/wp-json\/wp\/v2\/media?parent=51"}],"curies":[{"name":"wp","href":"https:\/\/api.w.org\/{rel}","templated":true}]}}