{"id":48,"date":"2021-01-28T18:22:11","date_gmt":"2021-01-28T17:22:11","guid":{"rendered":"https:\/\/teste49410456.wordpress.com\/?page_id=48"},"modified":"2024-07-23T10:12:14","modified_gmt":"2024-07-23T14:12:14","slug":"musicotherapie","status":"publish","type":"page","link":"https:\/\/centrelouisebibeau.com\/index.php\/musicotherapie\/","title":{"rendered":"La maison"},"content":{"rendered":"<div class=\"wp-block-image\">\n<figure class=\"aligncenter size-full is-resized\"><img loading=\"lazy\" decoding=\"async\" width=\"1010\" height=\"292\" src=\"https:\/\/centrelouisebibeau.com\/wp-content\/uploads\/2024\/01\/Capture-decran-le-2024-01-15-a-14.59.54.png\" alt=\"\" class=\"wp-image-1085\" style=\"width:350px;height:auto\" srcset=\"https:\/\/centrelouisebibeau.com\/wp-content\/uploads\/2024\/01\/Capture-decran-le-2024-01-15-a-14.59.54.png 1010w, https:\/\/centrelouisebibeau.com\/wp-content\/uploads\/2024\/01\/Capture-decran-le-2024-01-15-a-14.59.54-300x87.png 300w, https:\/\/centrelouisebibeau.com\/wp-content\/uploads\/2024\/01\/Capture-decran-le-2024-01-15-a-14.59.54-768x222.png 768w, https:\/\/centrelouisebibeau.com\/wp-content\/uploads\/2024\/01\/Capture-decran-le-2024-01-15-a-14.59.54-208x60.png 208w\" sizes=\"auto, (max-width: 1010px) 100vw, 1010px\" \/><\/figure>\n<\/div>\n\n\n<div style=\"height:3px\" aria-hidden=\"true\" class=\"wp-block-spacer\"><\/div>\n\n\n\n<figure class=\"wp-block-image size-large\"><img loading=\"lazy\" decoding=\"async\" width=\"1024\" height=\"285\" src=\"https:\/\/centrelouisebibeau.com\/wp-content\/uploads\/2024\/07\/Capture-decran-le-2024-07-23-a-10.07.36-1024x285.png\" alt=\"\" class=\"wp-image-1650\" srcset=\"https:\/\/centrelouisebibeau.com\/wp-content\/uploads\/2024\/07\/Capture-decran-le-2024-07-23-a-10.07.36-1024x285.png 1024w, https:\/\/centrelouisebibeau.com\/wp-content\/uploads\/2024\/07\/Capture-decran-le-2024-07-23-a-10.07.36-300x83.png 300w, https:\/\/centrelouisebibeau.com\/wp-content\/uploads\/2024\/07\/Capture-decran-le-2024-07-23-a-10.07.36-768x213.png 768w, https:\/\/centrelouisebibeau.com\/wp-content\/uploads\/2024\/07\/Capture-decran-le-2024-07-23-a-10.07.36-1536x427.png 1536w, https:\/\/centrelouisebibeau.com\/wp-content\/uploads\/2024\/07\/Capture-decran-le-2024-07-23-a-10.07.36-216x60.png 216w, https:\/\/centrelouisebibeau.com\/wp-content\/uploads\/2024\/07\/Capture-decran-le-2024-07-23-a-10.07.36.png 1706w\" sizes=\"auto, (max-width: 1024px) 100vw, 1024px\" \/><\/figure>\n\n\n\n<p>La maison actuelle, construite en 2006, est sp\u00e9cialement con\u00e7ue pour accueillir les personnes \u00e0 mobilit\u00e9 r\u00e9duite. Elle comporte des larges portes et couloirs pour permettre une circulation facile en fauteuil roulant.La conception de la maison prend \u00e9galement en compte l&rsquo;accessibilit\u00e9 du jardin, avec des chemins pav\u00e9s permettant de se d\u00e9placer ais\u00e9ment \u00e0 l&rsquo;ext\u00e9rieur.<\/p>\n\n\n\n<div style=\"height:22px\" aria-hidden=\"true\" class=\"wp-block-spacer\"><\/div>\n\n\n\n<figure class=\"wp-block-image size-large\"><img loading=\"lazy\" decoding=\"async\" width=\"1024\" height=\"287\" src=\"https:\/\/centrelouisebibeau.com\/wp-content\/uploads\/2024\/07\/Capture-decran-le-2024-07-23-a-10.00.23-1024x287.png\" alt=\"\" class=\"wp-image-1645\" srcset=\"https:\/\/centrelouisebibeau.com\/wp-content\/uploads\/2024\/07\/Capture-decran-le-2024-07-23-a-10.00.23-1024x287.png 1024w, https:\/\/centrelouisebibeau.com\/wp-content\/uploads\/2024\/07\/Capture-decran-le-2024-07-23-a-10.00.23-300x84.png 300w, https:\/\/centrelouisebibeau.com\/wp-content\/uploads\/2024\/07\/Capture-decran-le-2024-07-23-a-10.00.23-768x215.png 768w, https:\/\/centrelouisebibeau.com\/wp-content\/uploads\/2024\/07\/Capture-decran-le-2024-07-23-a-10.00.23-1536x431.png 1536w, https:\/\/centrelouisebibeau.com\/wp-content\/uploads\/2024\/07\/Capture-decran-le-2024-07-23-a-10.00.23-214x60.png 214w, https:\/\/centrelouisebibeau.com\/wp-content\/uploads\/2024\/07\/Capture-decran-le-2024-07-23-a-10.00.23.png 1862w\" sizes=\"auto, (max-width: 1024px) 100vw, 1024px\" \/><\/figure>\n\n\n\n<p>La maison offre 6 chambres \u00e0 deux lits, permettant d&rsquo;accueillir jusqu&rsquo;\u00e0 12 personnes chaque jour. Chaque chambre est d\u00e9cor\u00e9e selon une th\u00e9matique diff\u00e9rente pour cr\u00e9er une ambiance chaleureuse et unique : par exemple, il y a une chambre sur le th\u00e8me des pirates, une autre sur les princesses, et une troisi\u00e8me inspir\u00e9e des personnages Disney, etc.<\/p>\n\n\n\n<div style=\"height:22px\" aria-hidden=\"true\" class=\"wp-block-spacer\"><\/div>\n\n\n\n<figure class=\"wp-block-image size-large\"><img loading=\"lazy\" decoding=\"async\" width=\"1024\" height=\"279\" src=\"https:\/\/centrelouisebibeau.com\/wp-content\/uploads\/2024\/07\/Capture-decran-le-2024-07-23-a-10.03.45-1024x279.png\" alt=\"\" class=\"wp-image-1649\" srcset=\"https:\/\/centrelouisebibeau.com\/wp-content\/uploads\/2024\/07\/Capture-decran-le-2024-07-23-a-10.03.45-1024x279.png 1024w, https:\/\/centrelouisebibeau.com\/wp-content\/uploads\/2024\/07\/Capture-decran-le-2024-07-23-a-10.03.45-300x82.png 300w, https:\/\/centrelouisebibeau.com\/wp-content\/uploads\/2024\/07\/Capture-decran-le-2024-07-23-a-10.03.45-768x209.png 768w, https:\/\/centrelouisebibeau.com\/wp-content\/uploads\/2024\/07\/Capture-decran-le-2024-07-23-a-10.03.45-1536x419.png 1536w, https:\/\/centrelouisebibeau.com\/wp-content\/uploads\/2024\/07\/Capture-decran-le-2024-07-23-a-10.03.45-220x60.png 220w, https:\/\/centrelouisebibeau.com\/wp-content\/uploads\/2024\/07\/Capture-decran-le-2024-07-23-a-10.03.45.png 1856w\" sizes=\"auto, (max-width: 1024px) 100vw, 1024px\" \/><\/figure>\n\n\n\n<p>L&rsquo;agencement en aire ouverte offre une vue d&rsquo;ensemble sur la cuisine, la salle \u00e0 manger, le salon et la salle d&rsquo;activit\u00e9s, cr\u00e9ant ainsi un espace lumineux et accueillant. De plus, le centre comprend une salle multisensorielle tr\u00e8s appr\u00e9ci\u00e9e par les usagers.<\/p>\n\n\n\n<p>En ce qui concerne les soins d&rsquo;hygi\u00e8ne, nous avons des leviers sur rail, un bain hydraulique et une douche adapt\u00e9e pour assurer le confort et la s\u00e9curit\u00e9 des utilisateurs<\/p>\n\n\n\n<div style=\"height:22px\" aria-hidden=\"true\" class=\"wp-block-spacer\"><\/div>\n\n\n<div class=\"wp-block-image is-resized\">\n<figure class=\"aligncenter size-large\"><img loading=\"lazy\" decoding=\"async\" width=\"786\" height=\"813\" src=\"https:\/\/centrelouisebibeau.com\/wp-content\/uploads\/2021\/01\/centrelouisebibeau_logo_maison.png?w=786\" alt=\"\" class=\"wp-image-127\" style=\"width:90px;height:auto\" srcset=\"https:\/\/centrelouisebibeau.com\/wp-content\/uploads\/2021\/01\/centrelouisebibeau_logo_maison.png 786w, https:\/\/centrelouisebibeau.com\/wp-content\/uploads\/2021\/01\/centrelouisebibeau_logo_maison-290x300.png 290w, https:\/\/centrelouisebibeau.com\/wp-content\/uploads\/2021\/01\/centrelouisebibeau_logo_maison-768x794.png 768w\" sizes=\"auto, (max-width: 786px) 100vw, 786px\" \/><\/figure>\n<\/div>","protected":false},"excerpt":{"rendered":"<p>La maison actuelle, construite en 2006, est sp\u00e9cialement con\u00e7ue pour accueillir les personnes \u00e0 mobilit\u00e9 r\u00e9duite. Elle comporte des larges portes et couloirs pour permettre une circulation facile en fauteuil roulant.La conception de la maison prend \u00e9galement en compte l&rsquo;accessibilit\u00e9 du jardin, avec des chemins pav\u00e9s permettant de se d\u00e9placer ais\u00e9ment \u00e0 l&rsquo;ext\u00e9rieur. La maison offre 6 chambres \u00e0 deux &hellip; <\/p>\n","protected":false},"author":1,"featured_media":0,"parent":0,"menu_order":0,"comment_status":"closed","ping_status":"closed","template":"","meta":{"footnotes":""},"class_list":["post-48","page","type-page","status-publish","hentry"],"yoast_head":"<!-- This site is optimized with the Yoast SEO plugin v22.0 - https:\/\/yoast.com\/wordpress\/plugins\/seo\/ -->\n<title>La maison -<\/title>\n<meta name=\"robots\" content=\"index, follow, max-snippet:-1, max-image-preview:large, max-video-preview:-1\" \/>\n<link rel=\"canonical\" href=\"https:\/\/centrelouisebibeau.com\/index.php\/musicotherapie\/\" \/>\n<meta property=\"og:locale\" content=\"fr_FR\" \/>\n<meta property=\"og:type\" content=\"article\" \/>\n<meta property=\"og:title\" content=\"La maison -\" \/>\n<meta property=\"og:description\" content=\"La maison actuelle, construite en 2006, est sp\u00e9cialement con\u00e7ue pour accueillir les personnes \u00e0 mobilit\u00e9 r\u00e9duite. Elle comporte des larges portes et couloirs pour permettre une circulation facile en fauteuil roulant.La conception de la maison prend \u00e9galement en compte l&rsquo;accessibilit\u00e9 du jardin, avec des chemins pav\u00e9s permettant de se d\u00e9placer ais\u00e9ment \u00e0 l&rsquo;ext\u00e9rieur. La maison offre 6 chambres \u00e0 deux &hellip;\" \/>\n<meta property=\"og:url\" content=\"https:\/\/centrelouisebibeau.com\/index.php\/musicotherapie\/\" \/>\n<meta property=\"article:modified_time\" content=\"2024-07-23T14:12:14+00:00\" \/>\n<meta property=\"og:image\" content=\"https:\/\/centrelouisebibeau.com\/wp-content\/uploads\/2024\/01\/Capture-decran-le-2024-01-15-a-14.59.54.png\" \/>\n<meta name=\"twitter:card\" content=\"summary_large_image\" \/>\n<meta name=\"twitter:label1\" content=\"Dur\u00e9e de lecture estim\u00e9e\" \/>\n\t<meta name=\"twitter:data1\" content=\"2 minutes\" \/>\n<script type=\"application\/ld+json\" class=\"yoast-schema-graph\">{\"@context\":\"https:\/\/schema.org\",\"@graph\":[{\"@type\":\"WebPage\",\"@id\":\"https:\/\/centrelouisebibeau.com\/index.php\/musicotherapie\/\",\"url\":\"https:\/\/centrelouisebibeau.com\/index.php\/musicotherapie\/\",\"name\":\"La maison -\",\"isPartOf\":{\"@id\":\"https:\/\/centrelouisebibeau.com\/#website\"},\"datePublished\":\"2021-01-28T17:22:11+00:00\",\"dateModified\":\"2024-07-23T14:12:14+00:00\",\"breadcrumb\":{\"@id\":\"https:\/\/centrelouisebibeau.com\/index.php\/musicotherapie\/#breadcrumb\"},\"inLanguage\":\"fr-FR\",\"potentialAction\":[{\"@type\":\"ReadAction\",\"target\":[\"https:\/\/centrelouisebibeau.com\/index.php\/musicotherapie\/\"]}]},{\"@type\":\"BreadcrumbList\",\"@id\":\"https:\/\/centrelouisebibeau.com\/index.php\/musicotherapie\/#breadcrumb\",\"itemListElement\":[{\"@type\":\"ListItem\",\"position\":1,\"name\":\"Accueil\",\"item\":\"https:\/\/centrelouisebibeau.com\/\"},{\"@type\":\"ListItem\",\"position\":2,\"name\":\"La maison\"}]},{\"@type\":\"WebSite\",\"@id\":\"https:\/\/centrelouisebibeau.com\/#website\",\"url\":\"https:\/\/centrelouisebibeau.com\/\",\"name\":\"centrelouisebibeau.com\",\"description\":\"Maison de r\u00e9pit en Mont\u00e9r\u00e9gie\",\"publisher\":{\"@id\":\"https:\/\/centrelouisebibeau.com\/#organization\"},\"potentialAction\":[{\"@type\":\"SearchAction\",\"target\":{\"@type\":\"EntryPoint\",\"urlTemplate\":\"https:\/\/centrelouisebibeau.com\/?s={search_term_string}\"},\"query-input\":\"required name=search_term_string\"}],\"inLanguage\":\"fr-FR\"},{\"@type\":\"Organization\",\"@id\":\"https:\/\/centrelouisebibeau.com\/#organization\",\"name\":\"Centre Louise Bibeau\",\"url\":\"https:\/\/centrelouisebibeau.com\/\",\"logo\":{\"@type\":\"ImageObject\",\"inLanguage\":\"fr-FR\",\"@id\":\"https:\/\/centrelouisebibeau.com\/#\/schema\/logo\/image\/\",\"url\":\"https:\/\/centrelouisebibeau.com\/wp-content\/uploads\/2024\/01\/cropped-cropped-cropped-Birthday-3-e1705004303694-1.png\",\"contentUrl\":\"https:\/\/centrelouisebibeau.com\/wp-content\/uploads\/2024\/01\/cropped-cropped-cropped-Birthday-3-e1705004303694-1.png\",\"width\":350,\"height\":350,\"caption\":\"Centre Louise Bibeau\"},\"image\":{\"@id\":\"https:\/\/centrelouisebibeau.com\/#\/schema\/logo\/image\/\"}}]}<\/script>\n<!-- \/ Yoast SEO plugin. -->","yoast_head_json":{"title":"La maison -","robots":{"index":"index","follow":"follow","max-snippet":"max-snippet:-1","max-image-preview":"max-image-preview:large","max-video-preview":"max-video-preview:-1"},"canonical":"https:\/\/centrelouisebibeau.com\/index.php\/musicotherapie\/","og_locale":"fr_FR","og_type":"article","og_title":"La maison -","og_description":"La maison actuelle, construite en 2006, est sp\u00e9cialement con\u00e7ue pour accueillir les personnes \u00e0 mobilit\u00e9 r\u00e9duite. Elle comporte des larges portes et couloirs pour permettre une circulation facile en fauteuil roulant.La conception de la maison prend \u00e9galement en compte l&rsquo;accessibilit\u00e9 du jardin, avec des chemins pav\u00e9s permettant de se d\u00e9placer ais\u00e9ment \u00e0 l&rsquo;ext\u00e9rieur. La maison offre 6 chambres \u00e0 deux &hellip;","og_url":"https:\/\/centrelouisebibeau.com\/index.php\/musicotherapie\/","article_modified_time":"2024-07-23T14:12:14+00:00","og_image":[{"url":"https:\/\/centrelouisebibeau.com\/wp-content\/uploads\/2024\/01\/Capture-decran-le-2024-01-15-a-14.59.54.png"}],"twitter_card":"summary_large_image","twitter_misc":{"Dur\u00e9e de lecture estim\u00e9e":"2 minutes"},"schema":{"@context":"https:\/\/schema.org","@graph":[{"@type":"WebPage","@id":"https:\/\/centrelouisebibeau.com\/index.php\/musicotherapie\/","url":"https:\/\/centrelouisebibeau.com\/index.php\/musicotherapie\/","name":"La maison -","isPartOf":{"@id":"https:\/\/centrelouisebibeau.com\/#website"},"datePublished":"2021-01-28T17:22:11+00:00","dateModified":"2024-07-23T14:12:14+00:00","breadcrumb":{"@id":"https:\/\/centrelouisebibeau.com\/index.php\/musicotherapie\/#breadcrumb"},"inLanguage":"fr-FR","potentialAction":[{"@type":"ReadAction","target":["https:\/\/centrelouisebibeau.com\/index.php\/musicotherapie\/"]}]},{"@type":"BreadcrumbList","@id":"https:\/\/centrelouisebibeau.com\/index.php\/musicotherapie\/#breadcrumb","itemListElement":[{"@type":"ListItem","position":1,"name":"Accueil","item":"https:\/\/centrelouisebibeau.com\/"},{"@type":"ListItem","position":2,"name":"La maison"}]},{"@type":"WebSite","@id":"https:\/\/centrelouisebibeau.com\/#website","url":"https:\/\/centrelouisebibeau.com\/","name":"centrelouisebibeau.com","description":"Maison de r\u00e9pit en Mont\u00e9r\u00e9gie","publisher":{"@id":"https:\/\/centrelouisebibeau.com\/#organization"},"potentialAction":[{"@type":"SearchAction","target":{"@type":"EntryPoint","urlTemplate":"https:\/\/centrelouisebibeau.com\/?s={search_term_string}"},"query-input":"required name=search_term_string"}],"inLanguage":"fr-FR"},{"@type":"Organization","@id":"https:\/\/centrelouisebibeau.com\/#organization","name":"Centre Louise Bibeau","url":"https:\/\/centrelouisebibeau.com\/","logo":{"@type":"ImageObject","inLanguage":"fr-FR","@id":"https:\/\/centrelouisebibeau.com\/#\/schema\/logo\/image\/","url":"https:\/\/centrelouisebibeau.com\/wp-content\/uploads\/2024\/01\/cropped-cropped-cropped-Birthday-3-e1705004303694-1.png","contentUrl":"https:\/\/centrelouisebibeau.com\/wp-content\/uploads\/2024\/01\/cropped-cropped-cropped-Birthday-3-e1705004303694-1.png","width":350,"height":350,"caption":"Centre Louise Bibeau"},"image":{"@id":"https:\/\/centrelouisebibeau.com\/#\/schema\/logo\/image\/"}}]}},"_links":{"self":[{"href":"https:\/\/centrelouisebibeau.com\/index.php\/wp-json\/wp\/v2\/pages\/48","targetHints":{"allow":["GET"]}}],"collection":[{"href":"https:\/\/centrelouisebibeau.com\/index.php\/wp-json\/wp\/v2\/pages"}],"about":[{"href":"https:\/\/centrelouisebibeau.com\/index.php\/wp-json\/wp\/v2\/types\/page"}],"author":[{"embeddable":true,"href":"https:\/\/centrelouisebibeau.com\/index.php\/wp-json\/wp\/v2\/users\/1"}],"replies":[{"embeddable":true,"href":"https:\/\/centrelouisebibeau.com\/index.php\/wp-json\/wp\/v2\/comments?post=48"}],"version-history":[{"count":22,"href":"https:\/\/centrelouisebibeau.com\/index.php\/wp-json\/wp\/v2\/pages\/48\/revisions"}],"predecessor-version":[{"id":1651,"href":"https:\/\/centrelouisebibeau.com\/index.php\/wp-json\/wp\/v2\/pages\/48\/revisions\/1651"}],"wp:attachment":[{"href":"https:\/\/centrelouisebibeau.com\/index.php\/wp-json\/wp\/v2\/media?parent=48"}],"curies":[{"name":"wp","href":"https:\/\/api.w.org\/{rel}","templated":true}]}}