{"id":477,"date":"2021-02-06T18:24:27","date_gmt":"2021-02-06T17:24:27","guid":{"rendered":"https:\/\/teste49410456.wordpress.com\/?page_id=477"},"modified":"2024-01-12T11:14:01","modified_gmt":"2024-01-12T16:14:01","slug":"dons-speciaux","status":"publish","type":"page","link":"https:\/\/centrelouisebibeau.com\/index.php\/dons-speciaux\/","title":{"rendered":"Dons sp\u00e9ciaux"},"content":{"rendered":"<div class=\"wp-block-image\">\n<figure class=\"aligncenter size-large is-resized\"><img loading=\"lazy\" decoding=\"async\" width=\"250\" height=\"207\" src=\"https:\/\/centrelouisebibeau.com\/wp-content\/uploads\/2021\/01\/bon_depart_canadiantire.png?w=250\" alt=\"\" class=\"wp-image-230\" style=\"width:178px;height:auto\"\/><\/figure>\n<\/div>\n\n\n<p class=\"has-text-align-center\"><strong>Merci \u00e0 la Fondation Bon d\u00e9part de Canadian Tire du Qu\u00e9bec<\/strong><br> pour le don de 3,500$ qui servira \u00e0 acheter un \u00e9cran interactive tactile de 65 pouces.&nbsp; Cet \u00e9quipement nous permettra de diversifier les activit\u00e9s offertes \u00e0 nos usagers.<\/p>\n\n\n\n<hr class=\"wp-block-separator has-css-opacity\"\/>\n\n\n<div class=\"wp-block-image\">\n<figure class=\"aligncenter size-large is-resized\"><img loading=\"lazy\" decoding=\"async\" width=\"1650\" height=\"1650\" src=\"https:\/\/centrelouisebibeau.com\/wp-content\/uploads\/2021\/01\/fondation-de-la-fecc81decc81ration-des-mecc81decins-specc81cialistes-du-quecc81bec_3-2.jpg?w=1024\" alt=\"\" class=\"wp-image-227\" style=\"width:193px;height:auto\" srcset=\"https:\/\/centrelouisebibeau.com\/wp-content\/uploads\/2021\/01\/fondation-de-la-fecc81decc81ration-des-mecc81decins-specc81cialistes-du-quecc81bec_3-2.jpg 1650w, https:\/\/centrelouisebibeau.com\/wp-content\/uploads\/2021\/01\/fondation-de-la-fecc81decc81ration-des-mecc81decins-specc81cialistes-du-quecc81bec_3-2-300x300.jpg 300w, https:\/\/centrelouisebibeau.com\/wp-content\/uploads\/2021\/01\/fondation-de-la-fecc81decc81ration-des-mecc81decins-specc81cialistes-du-quecc81bec_3-2-1024x1024.jpg 1024w, https:\/\/centrelouisebibeau.com\/wp-content\/uploads\/2021\/01\/fondation-de-la-fecc81decc81ration-des-mecc81decins-specc81cialistes-du-quecc81bec_3-2-150x150.jpg 150w, https:\/\/centrelouisebibeau.com\/wp-content\/uploads\/2021\/01\/fondation-de-la-fecc81decc81ration-des-mecc81decins-specc81cialistes-du-quecc81bec_3-2-768x768.jpg 768w, https:\/\/centrelouisebibeau.com\/wp-content\/uploads\/2021\/01\/fondation-de-la-fecc81decc81ration-des-mecc81decins-specc81cialistes-du-quecc81bec_3-2-1536x1536.jpg 1536w, https:\/\/centrelouisebibeau.com\/wp-content\/uploads\/2021\/01\/fondation-de-la-fecc81decc81ration-des-mecc81decins-specc81cialistes-du-quecc81bec_3-2-1568x1568.jpg 1568w\" sizes=\"auto, (max-width: 1650px) 100vw, 1650px\" \/><\/figure>\n<\/div>\n\n\n<p>D\u00e9cembre 2019<\/p>\n\n\n\n<p>Une aide financi\u00e8re de 49 217,68$ accord\u00e9 au centre Louise Bibeau<\/p>\n\n\n\n<p class=\"has-text-align-justify\">Gr\u00e2ce \u00e0 l\u2019appui de la Fondation de la f\u00e9d\u00e9ration des m\u00e9decins sp\u00e9cialistes du Qu\u00e9bec, le Centre Louise Bibeau pourra installer un tout nouveau parc de balan\u00e7oires adapt\u00e9es. Le projet comprend: une plateforme pour fauteuil roulant, un si\u00e8ge harnais, un si\u00e8ge r\u00e9gulier ainsi qu\u2019une balan\u00e7oire panier. De ce fait, tous les usagers, peu importe leur condition, pourront passer un moment de d\u00e9tente \u00e0 se balancer \u00e0 l\u2019ext\u00e9rieur. Le projet comprend \u00e9galement 2 tables \u00e0 pique-nique avec espace pour fauteuil roulant.<br>Nous tenons \u00e0 remercier publiquement la Fondation pour son appui et sa confiance!<br>Des sourires et du bonheur en vue pour la belle saison \u00e0 venir!!<\/p>\n\n\n\n<p>MERCI&nbsp;<\/p>\n\n\n\n<hr class=\"wp-block-separator has-css-opacity\"\/>\n\n\n<div class=\"wp-block-image\">\n<figure class=\"aligncenter size-large is-resized\"><img loading=\"lazy\" decoding=\"async\" width=\"250\" height=\"207\" src=\"https:\/\/centrelouisebibeau.com\/wp-content\/uploads\/2021\/01\/bon_depart_canadiantire.png?w=250\" alt=\"\" class=\"wp-image-230\" style=\"aspect-ratio:1.2114285714285715;width:171px;height:auto\"\/><\/figure>\n<\/div>\n\n\n<p class=\"has-text-align-center\">Le Centre Louise Bibeau tient \u00e0 remercier la<br>Fondation Bon d\u00e9part de Canadian Tire du Qu\u00e9bec<\/p>\n\n\n\n<p class=\"has-text-align-center\">Le Centre Louise Bibeau e re\u00e7u pour la 3i\u00e8me fois une aide financi\u00e8re de la Fondation Bon d\u00e9part de Canadian Tire du Qu\u00e9bec afin d\u2019acqu\u00e9rir de l\u2019\u00e9quipement. Cette fois-ci, nous avons re\u00e7u une montant de 12 500$ qui nous a permis de faire installer un syst\u00e8me de climatisation central pour l\u2019aile des chambres. Les usagers de nos services peuvent maintenant b\u00e9n\u00e9ficier d\u2019une bonne nuit de sommeil m\u00eame durant la canicule!<\/p>\n\n\n\n<p class=\"has-text-align-center\"><strong>Merci infiniment!<\/strong><\/p>\n\n\n\n<hr class=\"wp-block-separator has-css-opacity\"\/>\n\n\n<div class=\"wp-block-image\">\n<figure class=\"aligncenter size-large\"><img loading=\"lazy\" decoding=\"async\" width=\"625\" height=\"808\" src=\"https:\/\/centrelouisebibeau.com\/wp-content\/uploads\/2021\/01\/dons-3.png?w=625\" alt=\"\" class=\"wp-image-234\" srcset=\"https:\/\/centrelouisebibeau.com\/wp-content\/uploads\/2021\/01\/dons-3.png 625w, https:\/\/centrelouisebibeau.com\/wp-content\/uploads\/2021\/01\/dons-3-232x300.png 232w\" sizes=\"auto, (max-width: 625px) 100vw, 625px\" \/><\/figure>\n<\/div>\n\n\n<hr class=\"wp-block-separator has-css-opacity\"\/>\n\n\n<div class=\"wp-block-image\">\n<figure class=\"aligncenter size-large is-resized\"><img loading=\"lazy\" decoding=\"async\" width=\"250\" height=\"207\" src=\"https:\/\/centrelouisebibeau.com\/wp-content\/uploads\/2021\/01\/bon_depart_canadiantire.png?w=250\" alt=\"\" class=\"wp-image-230\" style=\"width:196px;height:162px\"\/><\/figure>\n<\/div>\n\n\n<p class=\"has-text-align-center\">Don de 6 500$ pour la r\u00e9alisation de notre projet:<br>Douche adapt\u00e9e &#8211; Janvier 2016<\/p>\n\n\n\n<hr class=\"wp-block-separator has-css-opacity\"\/>\n\n\n\n<p class=\"has-text-align-center\"><strong>Un GRAND MERCI \u00e0 Monsieur Andr\u00e9 H. Gagnon<\/strong><\/p>\n\n\n\n<p class=\"has-text-align-center\">En juin 2014, Monsieur Gagnon est venu annoncer au Centre Louise Bibeau qu&rsquo;il allait remettre 5$ de profit \u00e0 l&rsquo;organisme pour chaque biographie vendu. En juin 2015, il est venu remettre un ch\u00e8que de 3 400$!<\/p>\n\n\n\n<hr class=\"wp-block-separator has-css-opacity\"\/>\n\n\n<div class=\"wp-block-image\">\n<figure class=\"aligncenter size-large\"><img loading=\"lazy\" decoding=\"async\" width=\"636\" height=\"822\" src=\"https:\/\/centrelouisebibeau.com\/wp-content\/uploads\/2021\/01\/dons-6.png?w=636\" alt=\"\" class=\"wp-image-248\" srcset=\"https:\/\/centrelouisebibeau.com\/wp-content\/uploads\/2021\/01\/dons-6.png 636w, https:\/\/centrelouisebibeau.com\/wp-content\/uploads\/2021\/01\/dons-6-232x300.png 232w\" sizes=\"auto, (max-width: 636px) 100vw, 636px\" \/><\/figure>\n<\/div>\n\n\n<hr class=\"wp-block-separator has-css-opacity\"\/>\n\n\n<div class=\"wp-block-image\">\n<figure class=\"aligncenter size-large\"><img loading=\"lazy\" decoding=\"async\" width=\"641\" height=\"906\" src=\"https:\/\/centrelouisebibeau.com\/wp-content\/uploads\/2021\/01\/dons-7.png?w=641\" alt=\"\" class=\"wp-image-249\" srcset=\"https:\/\/centrelouisebibeau.com\/wp-content\/uploads\/2021\/01\/dons-7.png 641w, https:\/\/centrelouisebibeau.com\/wp-content\/uploads\/2021\/01\/dons-7-212x300.png 212w\" sizes=\"auto, (max-width: 641px) 100vw, 641px\" \/><\/figure>\n<\/div>\n\n\n<hr class=\"wp-block-separator has-css-opacity\"\/>\n\n\n\n<p class=\"has-text-align-center\">Ensemble, disons MERCI \u00e0 la FONDATION BON D\u00c9PART de Canadian tire du Qu\u00e9bec pour le don vers\u00e9 au Centre Louise Bibeau.<br>Ce don nous aura permis d\u2019acqu\u00e9rir un nouveau levier sur rail!&nbsp;<\/p>\n\n\n\n<p class=\"has-text-align-center\">Merci&#8230; Merci&#8230; Merci !!!!!<\/p>\n\n\n<div class=\"wp-block-image\">\n<figure class=\"aligncenter size-large is-resized\"><img loading=\"lazy\" decoding=\"async\" width=\"250\" height=\"207\" src=\"https:\/\/centrelouisebibeau.com\/wp-content\/uploads\/2021\/01\/bon_depart_canadiantire.png?w=250\" alt=\"\" class=\"wp-image-230\" style=\"width:170px;height:141px\"\/><\/figure>\n<\/div>\n\n\n<hr class=\"wp-block-separator has-css-opacity\"\/>\n\n\n\n<p class=\"has-text-align-center\">Le Club Rotary de Saint-Hyacinthe Au service de la client\u00e8le du <br>Centre Louise Bibeau inc.<\/p>\n\n\n\n<p class=\"has-text-align-center\">Nous remercions le Club Rotary de Saint-Hyacinthe pour les ateliers de zooth\u00e9rapie qui ont su cr\u00e9er de merveilleux moments de bonheur aupr\u00e8s des participants.<\/p>\n\n\n\n<hr class=\"wp-block-separator has-css-opacity\"\/>\n\n\n\n<p class=\"has-text-align-center\"><strong>9 juin 2012 &#8211; Lev\u00e9e de fonds au profit du Centre Louise Bibeau<\/strong><\/p>\n\n\n\n<p class=\"has-text-align-center\">Le Centre Louise Bibeau tient \u00e0 remercier \u00c9dith B\u00e9langer &amp; Marc Comeau ainsi que Monsieur Alain Gagn\u00e9 de&nbsp;<strong>Carrier Harley Davidson Saint-Hyacinthe<\/strong>&nbsp;pour l\u2019organisation d\u2019un Rallye photo au profit du Centre Louise Bibeau.&nbsp; Merci aux 3 associations de moto AMAQ,&nbsp; AMSH &amp;&nbsp; HOG pour leur participation \u00e0 la r\u00e9ussite de l\u2019\u00e9v\u00e8nement.<\/p>\n\n\n\n<hr class=\"wp-block-separator has-css-opacity\"\/>\n\n\n<div class=\"wp-block-image\">\n<figure class=\"aligncenter size-large is-resized\"><img loading=\"lazy\" decoding=\"async\" width=\"1400\" height=\"1400\" src=\"https:\/\/centrelouisebibeau.com\/wp-content\/uploads\/2021\/01\/centrelouisebibeau_logo_maison-1.jpg?w=750\" alt=\"\" class=\"wp-image-126\" style=\"width:110px;height:110px\" srcset=\"https:\/\/centrelouisebibeau.com\/wp-content\/uploads\/2021\/01\/centrelouisebibeau_logo_maison-1.jpg 1400w, https:\/\/centrelouisebibeau.com\/wp-content\/uploads\/2021\/01\/centrelouisebibeau_logo_maison-1-300x300.jpg 300w, https:\/\/centrelouisebibeau.com\/wp-content\/uploads\/2021\/01\/centrelouisebibeau_logo_maison-1-1024x1024.jpg 1024w, https:\/\/centrelouisebibeau.com\/wp-content\/uploads\/2021\/01\/centrelouisebibeau_logo_maison-1-150x150.jpg 150w, https:\/\/centrelouisebibeau.com\/wp-content\/uploads\/2021\/01\/centrelouisebibeau_logo_maison-1-768x768.jpg 768w\" sizes=\"auto, (max-width: 1400px) 100vw, 1400px\" \/><\/figure>\n<\/div>\n\n\n<p><\/p>\n","protected":false},"excerpt":{"rendered":"<p>Merci \u00e0 la Fondation Bon d\u00e9part de Canadian Tire du Qu\u00e9bec pour le don de 3,500$ qui servira \u00e0 acheter un \u00e9cran interactive tactile de 65 pouces.&nbsp; Cet \u00e9quipement nous permettra de diversifier les activit\u00e9s offertes \u00e0 nos usagers. D\u00e9cembre 2019 Une aide financi\u00e8re de 49 217,68$ accord\u00e9 au centre Louise Bibeau Gr\u00e2ce \u00e0 l\u2019appui de la Fondation de la &hellip; <\/p>\n","protected":false},"author":1,"featured_media":0,"parent":0,"menu_order":0,"comment_status":"closed","ping_status":"closed","template":"","meta":{"footnotes":""},"class_list":["post-477","page","type-page","status-publish","hentry"],"yoast_head":"<!-- This site is optimized with the Yoast SEO plugin v22.0 - https:\/\/yoast.com\/wordpress\/plugins\/seo\/ -->\n<title>Dons sp\u00e9ciaux -<\/title>\n<meta name=\"robots\" content=\"index, follow, max-snippet:-1, max-image-preview:large, max-video-preview:-1\" \/>\n<link rel=\"canonical\" href=\"https:\/\/centrelouisebibeau.com\/index.php\/dons-speciaux\/\" \/>\n<meta property=\"og:locale\" content=\"fr_FR\" \/>\n<meta property=\"og:type\" content=\"article\" \/>\n<meta property=\"og:title\" content=\"Dons sp\u00e9ciaux -\" \/>\n<meta property=\"og:description\" content=\"Merci \u00e0 la Fondation Bon d\u00e9part de Canadian Tire du Qu\u00e9bec pour le don de 3,500$ qui servira \u00e0 acheter un \u00e9cran interactive tactile de 65 pouces.&nbsp; Cet \u00e9quipement nous permettra de diversifier les activit\u00e9s offertes \u00e0 nos usagers. D\u00e9cembre 2019 Une aide financi\u00e8re de 49 217,68$ accord\u00e9 au centre Louise Bibeau Gr\u00e2ce \u00e0 l\u2019appui de la Fondation de la &hellip;\" \/>\n<meta property=\"og:url\" content=\"https:\/\/centrelouisebibeau.com\/index.php\/dons-speciaux\/\" \/>\n<meta property=\"article:modified_time\" content=\"2024-01-12T16:14:01+00:00\" \/>\n<meta property=\"og:image\" content=\"http:\/\/centrelouisebibeau.com\/wp-content\/uploads\/2021\/01\/bon_depart_canadiantire.png?w=250\" \/>\n<meta name=\"twitter:card\" content=\"summary_large_image\" \/>\n<meta name=\"twitter:label1\" content=\"Dur\u00e9e de lecture estim\u00e9e\" \/>\n\t<meta name=\"twitter:data1\" content=\"5 minutes\" \/>\n<script type=\"application\/ld+json\" class=\"yoast-schema-graph\">{\"@context\":\"https:\/\/schema.org\",\"@graph\":[{\"@type\":\"WebPage\",\"@id\":\"https:\/\/centrelouisebibeau.com\/index.php\/dons-speciaux\/\",\"url\":\"https:\/\/centrelouisebibeau.com\/index.php\/dons-speciaux\/\",\"name\":\"Dons sp\u00e9ciaux -\",\"isPartOf\":{\"@id\":\"https:\/\/centrelouisebibeau.com\/#website\"},\"datePublished\":\"2021-02-06T17:24:27+00:00\",\"dateModified\":\"2024-01-12T16:14:01+00:00\",\"breadcrumb\":{\"@id\":\"https:\/\/centrelouisebibeau.com\/index.php\/dons-speciaux\/#breadcrumb\"},\"inLanguage\":\"fr-FR\",\"potentialAction\":[{\"@type\":\"ReadAction\",\"target\":[\"https:\/\/centrelouisebibeau.com\/index.php\/dons-speciaux\/\"]}]},{\"@type\":\"BreadcrumbList\",\"@id\":\"https:\/\/centrelouisebibeau.com\/index.php\/dons-speciaux\/#breadcrumb\",\"itemListElement\":[{\"@type\":\"ListItem\",\"position\":1,\"name\":\"Accueil\",\"item\":\"https:\/\/centrelouisebibeau.com\/\"},{\"@type\":\"ListItem\",\"position\":2,\"name\":\"Dons sp\u00e9ciaux\"}]},{\"@type\":\"WebSite\",\"@id\":\"https:\/\/centrelouisebibeau.com\/#website\",\"url\":\"https:\/\/centrelouisebibeau.com\/\",\"name\":\"centrelouisebibeau.com\",\"description\":\"Maison de r\u00e9pit en Mont\u00e9r\u00e9gie\",\"publisher\":{\"@id\":\"https:\/\/centrelouisebibeau.com\/#organization\"},\"potentialAction\":[{\"@type\":\"SearchAction\",\"target\":{\"@type\":\"EntryPoint\",\"urlTemplate\":\"https:\/\/centrelouisebibeau.com\/?s={search_term_string}\"},\"query-input\":\"required name=search_term_string\"}],\"inLanguage\":\"fr-FR\"},{\"@type\":\"Organization\",\"@id\":\"https:\/\/centrelouisebibeau.com\/#organization\",\"name\":\"Centre Louise Bibeau\",\"url\":\"https:\/\/centrelouisebibeau.com\/\",\"logo\":{\"@type\":\"ImageObject\",\"inLanguage\":\"fr-FR\",\"@id\":\"https:\/\/centrelouisebibeau.com\/#\/schema\/logo\/image\/\",\"url\":\"https:\/\/centrelouisebibeau.com\/wp-content\/uploads\/2024\/01\/cropped-cropped-cropped-Birthday-3-e1705004303694-1.png\",\"contentUrl\":\"https:\/\/centrelouisebibeau.com\/wp-content\/uploads\/2024\/01\/cropped-cropped-cropped-Birthday-3-e1705004303694-1.png\",\"width\":350,\"height\":350,\"caption\":\"Centre Louise Bibeau\"},\"image\":{\"@id\":\"https:\/\/centrelouisebibeau.com\/#\/schema\/logo\/image\/\"}}]}<\/script>\n<!-- \/ Yoast SEO plugin. -->","yoast_head_json":{"title":"Dons sp\u00e9ciaux -","robots":{"index":"index","follow":"follow","max-snippet":"max-snippet:-1","max-image-preview":"max-image-preview:large","max-video-preview":"max-video-preview:-1"},"canonical":"https:\/\/centrelouisebibeau.com\/index.php\/dons-speciaux\/","og_locale":"fr_FR","og_type":"article","og_title":"Dons sp\u00e9ciaux -","og_description":"Merci \u00e0 la Fondation Bon d\u00e9part de Canadian Tire du Qu\u00e9bec pour le don de 3,500$ qui servira \u00e0 acheter un \u00e9cran interactive tactile de 65 pouces.&nbsp; Cet \u00e9quipement nous permettra de diversifier les activit\u00e9s offertes \u00e0 nos usagers. D\u00e9cembre 2019 Une aide financi\u00e8re de 49 217,68$ accord\u00e9 au centre Louise Bibeau Gr\u00e2ce \u00e0 l\u2019appui de la Fondation de la &hellip;","og_url":"https:\/\/centrelouisebibeau.com\/index.php\/dons-speciaux\/","article_modified_time":"2024-01-12T16:14:01+00:00","og_image":[{"url":"http:\/\/centrelouisebibeau.com\/wp-content\/uploads\/2021\/01\/bon_depart_canadiantire.png?w=250"}],"twitter_card":"summary_large_image","twitter_misc":{"Dur\u00e9e de lecture estim\u00e9e":"5 minutes"},"schema":{"@context":"https:\/\/schema.org","@graph":[{"@type":"WebPage","@id":"https:\/\/centrelouisebibeau.com\/index.php\/dons-speciaux\/","url":"https:\/\/centrelouisebibeau.com\/index.php\/dons-speciaux\/","name":"Dons sp\u00e9ciaux -","isPartOf":{"@id":"https:\/\/centrelouisebibeau.com\/#website"},"datePublished":"2021-02-06T17:24:27+00:00","dateModified":"2024-01-12T16:14:01+00:00","breadcrumb":{"@id":"https:\/\/centrelouisebibeau.com\/index.php\/dons-speciaux\/#breadcrumb"},"inLanguage":"fr-FR","potentialAction":[{"@type":"ReadAction","target":["https:\/\/centrelouisebibeau.com\/index.php\/dons-speciaux\/"]}]},{"@type":"BreadcrumbList","@id":"https:\/\/centrelouisebibeau.com\/index.php\/dons-speciaux\/#breadcrumb","itemListElement":[{"@type":"ListItem","position":1,"name":"Accueil","item":"https:\/\/centrelouisebibeau.com\/"},{"@type":"ListItem","position":2,"name":"Dons sp\u00e9ciaux"}]},{"@type":"WebSite","@id":"https:\/\/centrelouisebibeau.com\/#website","url":"https:\/\/centrelouisebibeau.com\/","name":"centrelouisebibeau.com","description":"Maison de r\u00e9pit en Mont\u00e9r\u00e9gie","publisher":{"@id":"https:\/\/centrelouisebibeau.com\/#organization"},"potentialAction":[{"@type":"SearchAction","target":{"@type":"EntryPoint","urlTemplate":"https:\/\/centrelouisebibeau.com\/?s={search_term_string}"},"query-input":"required name=search_term_string"}],"inLanguage":"fr-FR"},{"@type":"Organization","@id":"https:\/\/centrelouisebibeau.com\/#organization","name":"Centre Louise Bibeau","url":"https:\/\/centrelouisebibeau.com\/","logo":{"@type":"ImageObject","inLanguage":"fr-FR","@id":"https:\/\/centrelouisebibeau.com\/#\/schema\/logo\/image\/","url":"https:\/\/centrelouisebibeau.com\/wp-content\/uploads\/2024\/01\/cropped-cropped-cropped-Birthday-3-e1705004303694-1.png","contentUrl":"https:\/\/centrelouisebibeau.com\/wp-content\/uploads\/2024\/01\/cropped-cropped-cropped-Birthday-3-e1705004303694-1.png","width":350,"height":350,"caption":"Centre Louise Bibeau"},"image":{"@id":"https:\/\/centrelouisebibeau.com\/#\/schema\/logo\/image\/"}}]}},"_links":{"self":[{"href":"https:\/\/centrelouisebibeau.com\/index.php\/wp-json\/wp\/v2\/pages\/477","targetHints":{"allow":["GET"]}}],"collection":[{"href":"https:\/\/centrelouisebibeau.com\/index.php\/wp-json\/wp\/v2\/pages"}],"about":[{"href":"https:\/\/centrelouisebibeau.com\/index.php\/wp-json\/wp\/v2\/types\/page"}],"author":[{"embeddable":true,"href":"https:\/\/centrelouisebibeau.com\/index.php\/wp-json\/wp\/v2\/users\/1"}],"replies":[{"embeddable":true,"href":"https:\/\/centrelouisebibeau.com\/index.php\/wp-json\/wp\/v2\/comments?post=477"}],"version-history":[{"count":4,"href":"https:\/\/centrelouisebibeau.com\/index.php\/wp-json\/wp\/v2\/pages\/477\/revisions"}],"predecessor-version":[{"id":747,"href":"https:\/\/centrelouisebibeau.com\/index.php\/wp-json\/wp\/v2\/pages\/477\/revisions\/747"}],"wp:attachment":[{"href":"https:\/\/centrelouisebibeau.com\/index.php\/wp-json\/wp\/v2\/media?parent=477"}],"curies":[{"name":"wp","href":"https:\/\/api.w.org\/{rel}","templated":true}]}}