{"id":47,"date":"2021-01-28T18:22:10","date_gmt":"2021-01-28T17:22:10","guid":{"rendered":"https:\/\/teste49410456.wordpress.com\/?page_id=47"},"modified":"2021-01-28T18:22:10","modified_gmt":"2021-01-28T17:22:10","slug":"activites-interieurs","status":"publish","type":"page","link":"https:\/\/centrelouisebibeau.com\/index.php\/activites-interieurs\/","title":{"rendered":"Activit\u00e9s"},"content":{"rendered":"\n<div class=\"wp-block-image\"><figure class=\"aligncenter size-large is-resized\"><img loading=\"lazy\" decoding=\"async\" src=\"https:\/\/centrelouisebibeau.com\/wp-content\/uploads\/2021\/01\/centrelouisebibeau_logo-rond.jpg?w=700\" alt=\"\" class=\"wp-image-133\" width=\"255\" height=\"255\" srcset=\"https:\/\/centrelouisebibeau.com\/wp-content\/uploads\/2021\/01\/centrelouisebibeau_logo-rond.jpg 700w, https:\/\/centrelouisebibeau.com\/wp-content\/uploads\/2021\/01\/centrelouisebibeau_logo-rond-300x300.jpg 300w, https:\/\/centrelouisebibeau.com\/wp-content\/uploads\/2021\/01\/centrelouisebibeau_logo-rond-150x150.jpg 150w\" sizes=\"auto, (max-width: 255px) 100vw, 255px\" \/><\/figure><\/div>\n\n\n\n<div class=\"wp-block-jetpack-tiled-gallery aligncenter is-style-rectangular\"><div class=\"tiled-gallery__gallery\"><div class=\"tiled-gallery__row\"><div class=\"tiled-gallery__col\" style=\"flex-basis:66.856953828116%;\"><figure class=\"tiled-gallery__item\"><img decoding=\"async\" alt=\"\" data-height=\"643\" data-id=\"453\" data-link=\"https:\/\/teste49410456.wordpress.com\/admission\/coeur_garcon\/\" data-url=\"https:\/\/centrelouisebibeau.com\/wp-content\/uploads\/2021\/02\/coeur_garcon.png\" data-width=\"975\" src=\"https:\/\/centrelouisebibeau.com\/wp-content\/uploads\/2021\/02\/coeur_garcon.png\" \/><\/figure><\/div><div class=\"tiled-gallery__col\" style=\"flex-basis:33.143046171884%;\"><figure class=\"tiled-gallery__item\"><img decoding=\"async\" alt=\"\" data-height=\"4032\" data-id=\"381\" data-link=\"https:\/\/teste49410456.wordpress.com\/zoothecc81rapie\/\" data-url=\"https:\/\/centrelouisebibeau.com\/wp-content\/uploads\/2021\/01\/zoothecc81rapie.jpg\" data-width=\"3024\" src=\"https:\/\/centrelouisebibeau.com\/wp-content\/uploads\/2021\/01\/zoothecc81rapie.jpg\" \/><\/figure><\/div><\/div><div class=\"tiled-gallery__row\"><div class=\"tiled-gallery__col\" style=\"flex-basis:39.535996012773%;\"><figure class=\"tiled-gallery__item\"><img decoding=\"async\" alt=\"\" data-height=\"2177\" data-id=\"379\" data-link=\"https:\/\/teste49410456.wordpress.com\/ponton\/\" data-url=\"https:\/\/centrelouisebibeau.com\/wp-content\/uploads\/2021\/01\/ponton.jpg\" data-width=\"3078\" src=\"https:\/\/centrelouisebibeau.com\/wp-content\/uploads\/2021\/01\/ponton.jpg\" \/><\/figure><figure class=\"tiled-gallery__item\"><img decoding=\"async\" alt=\"\" data-height=\"3456\" data-id=\"378\" data-link=\"https:\/\/teste49410456.wordpress.com\/pique-nique-au-parc\/\" data-url=\"https:\/\/centrelouisebibeau.com\/wp-content\/uploads\/2021\/01\/pique-nique-au-parc.jpg\" data-width=\"4608\" src=\"https:\/\/centrelouisebibeau.com\/wp-content\/uploads\/2021\/01\/pique-nique-au-parc.jpg\" \/><\/figure><figure class=\"tiled-gallery__item\"><img decoding=\"async\" alt=\"\" data-height=\"2268\" data-id=\"375\" data-link=\"https:\/\/teste49410456.wordpress.com\/photo-balanccca7oires\/\" data-url=\"https:\/\/centrelouisebibeau.com\/wp-content\/uploads\/2021\/01\/photo-balanccca7oires.jpg\" data-width=\"4032\" src=\"https:\/\/centrelouisebibeau.com\/wp-content\/uploads\/2021\/01\/photo-balanccca7oires.jpg\" \/><\/figure><\/div><div class=\"tiled-gallery__col\" style=\"flex-basis:60.464003987227%;\"><figure class=\"tiled-gallery__item\"><img decoding=\"async\" alt=\"\" data-height=\"4032\" data-id=\"374\" data-link=\"https:\/\/teste49410456.wordpress.com\/paul-et-chantal-qui-danse\/\" data-url=\"https:\/\/centrelouisebibeau.com\/wp-content\/uploads\/2021\/01\/paul-et-chantal-qui-danse.jpg\" data-width=\"3024\" src=\"https:\/\/centrelouisebibeau.com\/wp-content\/uploads\/2021\/01\/paul-et-chantal-qui-danse.jpg\" \/><\/figure><\/div><\/div><div class=\"tiled-gallery__row\"><div class=\"tiled-gallery__col\" style=\"flex-basis:66.748902905572%;\"><figure class=\"tiled-gallery__item\"><img decoding=\"async\" alt=\"\" data-height=\"2453\" data-id=\"373\" data-link=\"https:\/\/teste49410456.wordpress.com\/groupe-decc81guisecc81\/\" data-url=\"https:\/\/centrelouisebibeau.com\/wp-content\/uploads\/2021\/01\/groupe-decc81guisecc81.jpg\" data-width=\"3664\" src=\"https:\/\/centrelouisebibeau.com\/wp-content\/uploads\/2021\/01\/groupe-decc81guisecc81.jpg\" \/><\/figure><\/div><div class=\"tiled-gallery__col\" style=\"flex-basis:33.251097094428%;\"><figure class=\"tiled-gallery__item\"><img decoding=\"async\" alt=\"\" data-height=\"2592\" data-id=\"372\" data-link=\"https:\/\/teste49410456.wordpress.com\/dsc_0170\/\" data-url=\"https:\/\/centrelouisebibeau.com\/wp-content\/uploads\/2021\/01\/dsc_0170.jpeg\" data-width=\"3872\" src=\"https:\/\/centrelouisebibeau.com\/wp-content\/uploads\/2021\/01\/dsc_0170.jpeg\" \/><\/figure><figure class=\"tiled-gallery__item\"><img decoding=\"async\" alt=\"\" data-height=\"3200\" data-id=\"515\" data-link=\"https:\/\/teste49410456.wordpress.com\/dsc5047_4002\/\" data-url=\"https:\/\/centrelouisebibeau.com\/wp-content\/uploads\/2021\/02\/dsc5047_4002.jpeg\" data-width=\"4800\" src=\"https:\/\/centrelouisebibeau.com\/wp-content\/uploads\/2021\/02\/dsc5047_4002.jpeg\" \/><\/figure><\/div><\/div><\/div><\/div>\n\n\n\n<div class=\"wp-block-image\"><figure class=\"aligncenter size-large is-resized\"><img loading=\"lazy\" decoding=\"async\" src=\"https:\/\/centrelouisebibeau.com\/wp-content\/uploads\/2021\/01\/centrelouisebibeau_logo_maison-2.jpg?w=1024\" alt=\"\" class=\"wp-image-140\" width=\"123\" height=\"123\" srcset=\"https:\/\/centrelouisebibeau.com\/wp-content\/uploads\/2021\/01\/centrelouisebibeau_logo_maison-2.jpg 1400w, https:\/\/centrelouisebibeau.com\/wp-content\/uploads\/2021\/01\/centrelouisebibeau_logo_maison-2-300x300.jpg 300w, https:\/\/centrelouisebibeau.com\/wp-content\/uploads\/2021\/01\/centrelouisebibeau_logo_maison-2-1024x1024.jpg 1024w, https:\/\/centrelouisebibeau.com\/wp-content\/uploads\/2021\/01\/centrelouisebibeau_logo_maison-2-150x150.jpg 150w, https:\/\/centrelouisebibeau.com\/wp-content\/uploads\/2021\/01\/centrelouisebibeau_logo_maison-2-768x768.jpg 768w\" sizes=\"auto, (max-width: 123px) 100vw, 123px\" \/><\/figure><\/div>\n\n\n\n<p><\/p>\n","protected":false},"excerpt":{"rendered":"","protected":false},"author":1,"featured_media":0,"parent":0,"menu_order":0,"comment_status":"closed","ping_status":"closed","template":"","meta":{"footnotes":""},"class_list":["post-47","page","type-page","status-publish","hentry"],"yoast_head":"<!-- This site is optimized with the Yoast SEO plugin v22.0 - https:\/\/yoast.com\/wordpress\/plugins\/seo\/ -->\n<title>Activit\u00e9s -<\/title>\n<meta name=\"robots\" content=\"index, follow, max-snippet:-1, max-image-preview:large, max-video-preview:-1\" \/>\n<link rel=\"canonical\" href=\"https:\/\/centrelouisebibeau.com\/index.php\/activites-interieurs\/\" \/>\n<meta property=\"og:locale\" content=\"fr_FR\" \/>\n<meta property=\"og:type\" content=\"article\" \/>\n<meta property=\"og:title\" content=\"Activit\u00e9s -\" \/>\n<meta property=\"og:url\" content=\"https:\/\/centrelouisebibeau.com\/index.php\/activites-interieurs\/\" \/>\n<meta property=\"og:image\" content=\"http:\/\/centrelouisebibeau.com\/wp-content\/uploads\/2021\/01\/centrelouisebibeau_logo-rond.jpg?w=700\" \/>\n<meta name=\"twitter:card\" content=\"summary_large_image\" \/>\n<script type=\"application\/ld+json\" class=\"yoast-schema-graph\">{\"@context\":\"https:\/\/schema.org\",\"@graph\":[{\"@type\":\"WebPage\",\"@id\":\"https:\/\/centrelouisebibeau.com\/index.php\/activites-interieurs\/\",\"url\":\"https:\/\/centrelouisebibeau.com\/index.php\/activites-interieurs\/\",\"name\":\"Activit\u00e9s -\",\"isPartOf\":{\"@id\":\"https:\/\/centrelouisebibeau.com\/#website\"},\"datePublished\":\"2021-01-28T17:22:10+00:00\",\"dateModified\":\"2021-01-28T17:22:10+00:00\",\"breadcrumb\":{\"@id\":\"https:\/\/centrelouisebibeau.com\/index.php\/activites-interieurs\/#breadcrumb\"},\"inLanguage\":\"fr-FR\",\"potentialAction\":[{\"@type\":\"ReadAction\",\"target\":[\"https:\/\/centrelouisebibeau.com\/index.php\/activites-interieurs\/\"]}]},{\"@type\":\"BreadcrumbList\",\"@id\":\"https:\/\/centrelouisebibeau.com\/index.php\/activites-interieurs\/#breadcrumb\",\"itemListElement\":[{\"@type\":\"ListItem\",\"position\":1,\"name\":\"Accueil\",\"item\":\"https:\/\/centrelouisebibeau.com\/\"},{\"@type\":\"ListItem\",\"position\":2,\"name\":\"Activit\u00e9s\"}]},{\"@type\":\"WebSite\",\"@id\":\"https:\/\/centrelouisebibeau.com\/#website\",\"url\":\"https:\/\/centrelouisebibeau.com\/\",\"name\":\"centrelouisebibeau.com\",\"description\":\"Maison de r\u00e9pit en Mont\u00e9r\u00e9gie\",\"publisher\":{\"@id\":\"https:\/\/centrelouisebibeau.com\/#organization\"},\"potentialAction\":[{\"@type\":\"SearchAction\",\"target\":{\"@type\":\"EntryPoint\",\"urlTemplate\":\"https:\/\/centrelouisebibeau.com\/?s={search_term_string}\"},\"query-input\":\"required name=search_term_string\"}],\"inLanguage\":\"fr-FR\"},{\"@type\":\"Organization\",\"@id\":\"https:\/\/centrelouisebibeau.com\/#organization\",\"name\":\"Centre Louise Bibeau\",\"url\":\"https:\/\/centrelouisebibeau.com\/\",\"logo\":{\"@type\":\"ImageObject\",\"inLanguage\":\"fr-FR\",\"@id\":\"https:\/\/centrelouisebibeau.com\/#\/schema\/logo\/image\/\",\"url\":\"https:\/\/centrelouisebibeau.com\/wp-content\/uploads\/2024\/01\/cropped-cropped-cropped-Birthday-3-e1705004303694-1.png\",\"contentUrl\":\"https:\/\/centrelouisebibeau.com\/wp-content\/uploads\/2024\/01\/cropped-cropped-cropped-Birthday-3-e1705004303694-1.png\",\"width\":350,\"height\":350,\"caption\":\"Centre Louise Bibeau\"},\"image\":{\"@id\":\"https:\/\/centrelouisebibeau.com\/#\/schema\/logo\/image\/\"}}]}<\/script>\n<!-- \/ Yoast SEO plugin. -->","yoast_head_json":{"title":"Activit\u00e9s -","robots":{"index":"index","follow":"follow","max-snippet":"max-snippet:-1","max-image-preview":"max-image-preview:large","max-video-preview":"max-video-preview:-1"},"canonical":"https:\/\/centrelouisebibeau.com\/index.php\/activites-interieurs\/","og_locale":"fr_FR","og_type":"article","og_title":"Activit\u00e9s -","og_url":"https:\/\/centrelouisebibeau.com\/index.php\/activites-interieurs\/","og_image":[{"url":"http:\/\/centrelouisebibeau.com\/wp-content\/uploads\/2021\/01\/centrelouisebibeau_logo-rond.jpg?w=700"}],"twitter_card":"summary_large_image","schema":{"@context":"https:\/\/schema.org","@graph":[{"@type":"WebPage","@id":"https:\/\/centrelouisebibeau.com\/index.php\/activites-interieurs\/","url":"https:\/\/centrelouisebibeau.com\/index.php\/activites-interieurs\/","name":"Activit\u00e9s -","isPartOf":{"@id":"https:\/\/centrelouisebibeau.com\/#website"},"datePublished":"2021-01-28T17:22:10+00:00","dateModified":"2021-01-28T17:22:10+00:00","breadcrumb":{"@id":"https:\/\/centrelouisebibeau.com\/index.php\/activites-interieurs\/#breadcrumb"},"inLanguage":"fr-FR","potentialAction":[{"@type":"ReadAction","target":["https:\/\/centrelouisebibeau.com\/index.php\/activites-interieurs\/"]}]},{"@type":"BreadcrumbList","@id":"https:\/\/centrelouisebibeau.com\/index.php\/activites-interieurs\/#breadcrumb","itemListElement":[{"@type":"ListItem","position":1,"name":"Accueil","item":"https:\/\/centrelouisebibeau.com\/"},{"@type":"ListItem","position":2,"name":"Activit\u00e9s"}]},{"@type":"WebSite","@id":"https:\/\/centrelouisebibeau.com\/#website","url":"https:\/\/centrelouisebibeau.com\/","name":"centrelouisebibeau.com","description":"Maison de r\u00e9pit en Mont\u00e9r\u00e9gie","publisher":{"@id":"https:\/\/centrelouisebibeau.com\/#organization"},"potentialAction":[{"@type":"SearchAction","target":{"@type":"EntryPoint","urlTemplate":"https:\/\/centrelouisebibeau.com\/?s={search_term_string}"},"query-input":"required name=search_term_string"}],"inLanguage":"fr-FR"},{"@type":"Organization","@id":"https:\/\/centrelouisebibeau.com\/#organization","name":"Centre Louise Bibeau","url":"https:\/\/centrelouisebibeau.com\/","logo":{"@type":"ImageObject","inLanguage":"fr-FR","@id":"https:\/\/centrelouisebibeau.com\/#\/schema\/logo\/image\/","url":"https:\/\/centrelouisebibeau.com\/wp-content\/uploads\/2024\/01\/cropped-cropped-cropped-Birthday-3-e1705004303694-1.png","contentUrl":"https:\/\/centrelouisebibeau.com\/wp-content\/uploads\/2024\/01\/cropped-cropped-cropped-Birthday-3-e1705004303694-1.png","width":350,"height":350,"caption":"Centre Louise Bibeau"},"image":{"@id":"https:\/\/centrelouisebibeau.com\/#\/schema\/logo\/image\/"}}]}},"_links":{"self":[{"href":"https:\/\/centrelouisebibeau.com\/index.php\/wp-json\/wp\/v2\/pages\/47","targetHints":{"allow":["GET"]}}],"collection":[{"href":"https:\/\/centrelouisebibeau.com\/index.php\/wp-json\/wp\/v2\/pages"}],"about":[{"href":"https:\/\/centrelouisebibeau.com\/index.php\/wp-json\/wp\/v2\/types\/page"}],"author":[{"embeddable":true,"href":"https:\/\/centrelouisebibeau.com\/index.php\/wp-json\/wp\/v2\/users\/1"}],"replies":[{"embeddable":true,"href":"https:\/\/centrelouisebibeau.com\/index.php\/wp-json\/wp\/v2\/comments?post=47"}],"version-history":[{"count":0,"href":"https:\/\/centrelouisebibeau.com\/index.php\/wp-json\/wp\/v2\/pages\/47\/revisions"}],"wp:attachment":[{"href":"https:\/\/centrelouisebibeau.com\/index.php\/wp-json\/wp\/v2\/media?parent=47"}],"curies":[{"name":"wp","href":"https:\/\/api.w.org\/{rel}","templated":true}]}}