{"id":46,"date":"2021-01-28T18:22:08","date_gmt":"2021-01-28T17:22:08","guid":{"rendered":"https:\/\/teste49410456.wordpress.com\/?page_id=46"},"modified":"2024-07-23T09:15:00","modified_gmt":"2024-07-23T13:15:00","slug":"activites","status":"publish","type":"page","link":"https:\/\/centrelouisebibeau.com\/index.php\/activites\/","title":{"rendered":"Activit\u00e9s"},"content":{"rendered":"<div class=\"wp-block-image\">\n<figure class=\"aligncenter size-full is-resized\"><img loading=\"lazy\" decoding=\"async\" width=\"1212\" height=\"364\" src=\"https:\/\/centrelouisebibeau.com\/wp-content\/uploads\/2024\/07\/Capture-decran-le-2024-07-23-a-09.14.48.png\" alt=\"\" class=\"wp-image-1636\" style=\"width:430px;height:auto\" srcset=\"https:\/\/centrelouisebibeau.com\/wp-content\/uploads\/2024\/07\/Capture-decran-le-2024-07-23-a-09.14.48.png 1212w, https:\/\/centrelouisebibeau.com\/wp-content\/uploads\/2024\/07\/Capture-decran-le-2024-07-23-a-09.14.48-300x90.png 300w, https:\/\/centrelouisebibeau.com\/wp-content\/uploads\/2024\/07\/Capture-decran-le-2024-07-23-a-09.14.48-1024x308.png 1024w, https:\/\/centrelouisebibeau.com\/wp-content\/uploads\/2024\/07\/Capture-decran-le-2024-07-23-a-09.14.48-768x231.png 768w, https:\/\/centrelouisebibeau.com\/wp-content\/uploads\/2024\/07\/Capture-decran-le-2024-07-23-a-09.14.48-200x60.png 200w\" sizes=\"auto, (max-width: 1212px) 100vw, 1212px\" \/><\/figure>\n<\/div>\n\n\n<p class=\"has-text-align-left\">Pendant les p\u00e9riodes de r\u00e9pit, les participants profitent d&rsquo;activit\u00e9s occupationnelles adapt\u00e9es \u00e0 leurs int\u00e9r\u00eats individuels. En \u00e9t\u00e9, nous organisons diverses sorties et recevons des invit\u00e9s tels qu&rsquo;une maquilleuse, une zooth\u00e9rapeute, un clown, un magicien, et bien d&rsquo;autres encore. De plus, \u00e0 chaque ann\u00e9e, nous enrichissons notre collection de jeux et d&rsquo;\u00e9quipements pour r\u00e9pondre aux besoins vari\u00e9s de nos usagers.<\/p>\n\n\n<div class=\"wp-block-image\">\n<figure class=\"aligncenter size-large is-resized\"><img loading=\"lazy\" decoding=\"async\" width=\"1024\" height=\"286\" src=\"https:\/\/centrelouisebibeau.com\/wp-content\/uploads\/2024\/07\/Capture-decran-le-2024-07-23-a-08.59.04-1024x286.png\" alt=\"\" class=\"wp-image-1622\" style=\"width:761px;height:auto\" srcset=\"https:\/\/centrelouisebibeau.com\/wp-content\/uploads\/2024\/07\/Capture-decran-le-2024-07-23-a-08.59.04-1024x286.png 1024w, https:\/\/centrelouisebibeau.com\/wp-content\/uploads\/2024\/07\/Capture-decran-le-2024-07-23-a-08.59.04-300x84.png 300w, https:\/\/centrelouisebibeau.com\/wp-content\/uploads\/2024\/07\/Capture-decran-le-2024-07-23-a-08.59.04-768x215.png 768w, https:\/\/centrelouisebibeau.com\/wp-content\/uploads\/2024\/07\/Capture-decran-le-2024-07-23-a-08.59.04-1536x429.png 1536w, https:\/\/centrelouisebibeau.com\/wp-content\/uploads\/2024\/07\/Capture-decran-le-2024-07-23-a-08.59.04-215x60.png 215w, https:\/\/centrelouisebibeau.com\/wp-content\/uploads\/2024\/07\/Capture-decran-le-2024-07-23-a-08.59.04.png 1682w\" sizes=\"auto, (max-width: 1024px) 100vw, 1024px\" \/><\/figure>\n<\/div>\n\n\n<p class=\"has-text-align-left\">En \u00e9t\u00e9 2020, gr\u00e2ce \u00e0 un g\u00e9n\u00e9reux don de la Fondation de la F\u00e9d\u00e9ration des m\u00e9decins sp\u00e9cialistes du Qu\u00e9bec, nous avons entrepris la premi\u00e8re phase de l&rsquo;am\u00e9nagement de notre cour ext\u00e9rieure. Maintenant \u00e9quip\u00e9e d&rsquo;une structure de balan\u00e7oires diversifi\u00e9e, notre cour comprend une plateforme accessible en fauteuil roulant, un si\u00e8ge avec harnais, une balan\u00e7oire panier ainsi qu&rsquo;un si\u00e8ge standard. Chaque individu fr\u00e9quentant le Centre Louise Bibeau peut ainsi profiter d&rsquo;une balan\u00e7oire adapt\u00e9e \u00e0 ses besoins sp\u00e9cifiques.<\/p>\n\n\n<div class=\"wp-block-image\">\n<figure class=\"aligncenter size-large is-resized\"><img loading=\"lazy\" decoding=\"async\" width=\"1024\" height=\"289\" src=\"https:\/\/centrelouisebibeau.com\/wp-content\/uploads\/2024\/07\/Capture-decran-le-2024-07-23-a-08.50.16-1024x289.png\" alt=\"\" class=\"wp-image-1619\" style=\"width:761px;height:auto\" srcset=\"https:\/\/centrelouisebibeau.com\/wp-content\/uploads\/2024\/07\/Capture-decran-le-2024-07-23-a-08.50.16-1024x289.png 1024w, https:\/\/centrelouisebibeau.com\/wp-content\/uploads\/2024\/07\/Capture-decran-le-2024-07-23-a-08.50.16-300x85.png 300w, https:\/\/centrelouisebibeau.com\/wp-content\/uploads\/2024\/07\/Capture-decran-le-2024-07-23-a-08.50.16-768x217.png 768w, https:\/\/centrelouisebibeau.com\/wp-content\/uploads\/2024\/07\/Capture-decran-le-2024-07-23-a-08.50.16-1536x434.png 1536w, https:\/\/centrelouisebibeau.com\/wp-content\/uploads\/2024\/07\/Capture-decran-le-2024-07-23-a-08.50.16-212x60.png 212w, https:\/\/centrelouisebibeau.com\/wp-content\/uploads\/2024\/07\/Capture-decran-le-2024-07-23-a-08.50.16.png 1784w\" sizes=\"auto, (max-width: 1024px) 100vw, 1024px\" \/><\/figure>\n<\/div>\n\n\n<hr class=\"wp-block-separator has-css-opacity\"\/>\n\n\n<div class=\"wp-block-image\">\n<figure class=\"aligncenter size-full is-resized\"><img loading=\"lazy\" decoding=\"async\" width=\"1272\" height=\"328\" src=\"https:\/\/centrelouisebibeau.com\/wp-content\/uploads\/2024\/07\/Capture-decran-le-2024-07-23-a-09.14.05.png\" alt=\"\" class=\"wp-image-1634\" style=\"width:453px;height:auto\" srcset=\"https:\/\/centrelouisebibeau.com\/wp-content\/uploads\/2024\/07\/Capture-decran-le-2024-07-23-a-09.14.05.png 1272w, https:\/\/centrelouisebibeau.com\/wp-content\/uploads\/2024\/07\/Capture-decran-le-2024-07-23-a-09.14.05-300x77.png 300w, https:\/\/centrelouisebibeau.com\/wp-content\/uploads\/2024\/07\/Capture-decran-le-2024-07-23-a-09.14.05-1024x264.png 1024w, https:\/\/centrelouisebibeau.com\/wp-content\/uploads\/2024\/07\/Capture-decran-le-2024-07-23-a-09.14.05-768x198.png 768w, https:\/\/centrelouisebibeau.com\/wp-content\/uploads\/2024\/07\/Capture-decran-le-2024-07-23-a-09.14.05-233x60.png 233w\" sizes=\"auto, (max-width: 1272px) 100vw, 1272px\" \/><\/figure>\n<\/div>\n\n\n<p>Nous sommes ravis d&rsquo;annoncer l&rsquo;ouverture de notre nouvelle salle multisensorielle, rendue possible en partie gr\u00e2ce au soutien financier du Centre int\u00e9gr\u00e9 de sant\u00e9 et services sociaux de la Mont\u00e9r\u00e9gie Est (CISSSME). Cette initiative marque une \u00e9tape importante dans notre engagement \u00e0 offrir un environnement de soutien enrichi. <\/p>\n\n\n\n<div class=\"wp-block-group is-vertical is-layout-flex wp-container-core-group-is-layout-8cf370e7 wp-block-group-is-layout-flex\">\n<p><strong>Cette salle offre une gamme diversifi\u00e9e de bienfaits essentiels pour nos usagers :<\/strong><\/p>\n\n\n\n<div class=\"wp-block-group is-vertical is-layout-flex wp-container-core-group-is-layout-8cf370e7 wp-block-group-is-layout-flex\">\n<p>\u2661 Elle encourage le d\u00e9veloppement de la confiance en soi.<\/p>\n\n\n\n<p>\u2661 Elle contribue \u00e0 la diminution du stress et de l&rsquo;anxi\u00e9t\u00e9.<\/p>\n\n\n\n<p>\u2661 Elle facilite la communication, favorisant ainsi les \u00e9changes interactifs.<\/p>\n\n\n\n<p>\u2661 Elle am\u00e9liore les comp\u00e9tences affectives, cognitives, linguistiques et comportementales.<\/p>\n\n\n\n<p>\u2661 Elle stimule les cinq sens, enrichissant l&rsquo;exp\u00e9rience sensorielle de nos utilisateurs.<\/p>\n<\/div>\n<\/div>\n\n\n\n<p>Cette nouvelle addition \u00e0 notre centre renforce notre capacit\u00e9 \u00e0 r\u00e9pondre aux besoins vari\u00e9s de notre communaut\u00e9. Nous sommes convaincus que cette salle multisensorielle apportera une exp\u00e9rience unique et b\u00e9n\u00e9fique \u00e0 tous nos utilisateurs, enrichissant ainsi notre gamme de services et renfor\u00e7ant notre mission d&rsquo;inclusion et de bien-\u00eatre pour tous.<\/p>\n\n\n<div class=\"wp-block-image\">\n<figure class=\"aligncenter size-large is-resized\"><img loading=\"lazy\" decoding=\"async\" width=\"1024\" height=\"418\" src=\"https:\/\/centrelouisebibeau.com\/wp-content\/uploads\/2024\/07\/Capture-decran-le-2024-07-23-a-08.37.50-1024x418.png\" alt=\"\" class=\"wp-image-1610\" style=\"width:500px;height:auto\" srcset=\"https:\/\/centrelouisebibeau.com\/wp-content\/uploads\/2024\/07\/Capture-decran-le-2024-07-23-a-08.37.50-1024x418.png 1024w, https:\/\/centrelouisebibeau.com\/wp-content\/uploads\/2024\/07\/Capture-decran-le-2024-07-23-a-08.37.50-300x122.png 300w, https:\/\/centrelouisebibeau.com\/wp-content\/uploads\/2024\/07\/Capture-decran-le-2024-07-23-a-08.37.50-768x313.png 768w, https:\/\/centrelouisebibeau.com\/wp-content\/uploads\/2024\/07\/Capture-decran-le-2024-07-23-a-08.37.50-147x60.png 147w, https:\/\/centrelouisebibeau.com\/wp-content\/uploads\/2024\/07\/Capture-decran-le-2024-07-23-a-08.37.50.png 1250w\" sizes=\"auto, (max-width: 1024px) 100vw, 1024px\" \/><\/figure>\n<\/div>\n\n<div class=\"wp-block-image\">\n<figure class=\"aligncenter size-large is-resized\"><img loading=\"lazy\" decoding=\"async\" width=\"1400\" height=\"1400\" src=\"https:\/\/centrelouisebibeau.com\/wp-content\/uploads\/2021\/01\/centrelouisebibeau_logo_maison-2.jpg?w=750\" alt=\"\" class=\"wp-image-140\" style=\"width:108px;height:108px\" srcset=\"https:\/\/centrelouisebibeau.com\/wp-content\/uploads\/2021\/01\/centrelouisebibeau_logo_maison-2.jpg 1400w, https:\/\/centrelouisebibeau.com\/wp-content\/uploads\/2021\/01\/centrelouisebibeau_logo_maison-2-300x300.jpg 300w, https:\/\/centrelouisebibeau.com\/wp-content\/uploads\/2021\/01\/centrelouisebibeau_logo_maison-2-1024x1024.jpg 1024w, https:\/\/centrelouisebibeau.com\/wp-content\/uploads\/2021\/01\/centrelouisebibeau_logo_maison-2-150x150.jpg 150w, https:\/\/centrelouisebibeau.com\/wp-content\/uploads\/2021\/01\/centrelouisebibeau_logo_maison-2-768x768.jpg 768w\" sizes=\"auto, (max-width: 1400px) 100vw, 1400px\" \/><\/figure>\n<\/div>\n\n\n<div class=\"wp-block-group is-vertical is-layout-flex wp-container-core-group-is-layout-8cf370e7 wp-block-group-is-layout-flex\"><\/div>\n\n\n\n<ul class=\"wp-block-list\">\n<li><\/li>\n<\/ul>\n","protected":false},"excerpt":{"rendered":"<p>Pendant les p\u00e9riodes de r\u00e9pit, les participants profitent d&rsquo;activit\u00e9s occupationnelles adapt\u00e9es \u00e0 leurs int\u00e9r\u00eats individuels. En \u00e9t\u00e9, nous organisons diverses sorties et recevons des invit\u00e9s tels qu&rsquo;une maquilleuse, une zooth\u00e9rapeute, un clown, un magicien, et bien d&rsquo;autres encore. De plus, \u00e0 chaque ann\u00e9e, nous enrichissons notre collection de jeux et d&rsquo;\u00e9quipements pour r\u00e9pondre aux besoins vari\u00e9s de nos usagers. En &hellip; <\/p>\n","protected":false},"author":1,"featured_media":0,"parent":0,"menu_order":0,"comment_status":"closed","ping_status":"closed","template":"","meta":{"footnotes":""},"class_list":["post-46","page","type-page","status-publish","hentry"],"yoast_head":"<!-- This site is optimized with the Yoast SEO plugin v22.0 - https:\/\/yoast.com\/wordpress\/plugins\/seo\/ -->\n<title>Activit\u00e9s -<\/title>\n<meta name=\"robots\" content=\"index, follow, max-snippet:-1, max-image-preview:large, max-video-preview:-1\" \/>\n<link rel=\"canonical\" href=\"https:\/\/centrelouisebibeau.com\/index.php\/activites\/\" \/>\n<meta property=\"og:locale\" content=\"fr_FR\" \/>\n<meta property=\"og:type\" content=\"article\" \/>\n<meta property=\"og:title\" content=\"Activit\u00e9s -\" \/>\n<meta property=\"og:description\" content=\"Pendant les p\u00e9riodes de r\u00e9pit, les participants profitent d&rsquo;activit\u00e9s occupationnelles adapt\u00e9es \u00e0 leurs int\u00e9r\u00eats individuels. En \u00e9t\u00e9, nous organisons diverses sorties et recevons des invit\u00e9s tels qu&rsquo;une maquilleuse, une zooth\u00e9rapeute, un clown, un magicien, et bien d&rsquo;autres encore. De plus, \u00e0 chaque ann\u00e9e, nous enrichissons notre collection de jeux et d&rsquo;\u00e9quipements pour r\u00e9pondre aux besoins vari\u00e9s de nos usagers. En &hellip;\" \/>\n<meta property=\"og:url\" content=\"https:\/\/centrelouisebibeau.com\/index.php\/activites\/\" \/>\n<meta property=\"article:modified_time\" content=\"2024-07-23T13:15:00+00:00\" \/>\n<meta property=\"og:image\" content=\"https:\/\/centrelouisebibeau.com\/wp-content\/uploads\/2024\/07\/Capture-decran-le-2024-07-23-a-09.14.48.png\" \/>\n<meta name=\"twitter:card\" content=\"summary_large_image\" \/>\n<meta name=\"twitter:label1\" content=\"Dur\u00e9e de lecture estim\u00e9e\" \/>\n\t<meta name=\"twitter:data1\" content=\"3 minutes\" \/>\n<script type=\"application\/ld+json\" class=\"yoast-schema-graph\">{\"@context\":\"https:\/\/schema.org\",\"@graph\":[{\"@type\":\"WebPage\",\"@id\":\"https:\/\/centrelouisebibeau.com\/index.php\/activites\/\",\"url\":\"https:\/\/centrelouisebibeau.com\/index.php\/activites\/\",\"name\":\"Activit\u00e9s -\",\"isPartOf\":{\"@id\":\"https:\/\/centrelouisebibeau.com\/#website\"},\"datePublished\":\"2021-01-28T17:22:08+00:00\",\"dateModified\":\"2024-07-23T13:15:00+00:00\",\"breadcrumb\":{\"@id\":\"https:\/\/centrelouisebibeau.com\/index.php\/activites\/#breadcrumb\"},\"inLanguage\":\"fr-FR\",\"potentialAction\":[{\"@type\":\"ReadAction\",\"target\":[\"https:\/\/centrelouisebibeau.com\/index.php\/activites\/\"]}]},{\"@type\":\"BreadcrumbList\",\"@id\":\"https:\/\/centrelouisebibeau.com\/index.php\/activites\/#breadcrumb\",\"itemListElement\":[{\"@type\":\"ListItem\",\"position\":1,\"name\":\"Accueil\",\"item\":\"https:\/\/centrelouisebibeau.com\/\"},{\"@type\":\"ListItem\",\"position\":2,\"name\":\"Activit\u00e9s\"}]},{\"@type\":\"WebSite\",\"@id\":\"https:\/\/centrelouisebibeau.com\/#website\",\"url\":\"https:\/\/centrelouisebibeau.com\/\",\"name\":\"centrelouisebibeau.com\",\"description\":\"Maison de r\u00e9pit en Mont\u00e9r\u00e9gie\",\"publisher\":{\"@id\":\"https:\/\/centrelouisebibeau.com\/#organization\"},\"potentialAction\":[{\"@type\":\"SearchAction\",\"target\":{\"@type\":\"EntryPoint\",\"urlTemplate\":\"https:\/\/centrelouisebibeau.com\/?s={search_term_string}\"},\"query-input\":\"required name=search_term_string\"}],\"inLanguage\":\"fr-FR\"},{\"@type\":\"Organization\",\"@id\":\"https:\/\/centrelouisebibeau.com\/#organization\",\"name\":\"Centre Louise Bibeau\",\"url\":\"https:\/\/centrelouisebibeau.com\/\",\"logo\":{\"@type\":\"ImageObject\",\"inLanguage\":\"fr-FR\",\"@id\":\"https:\/\/centrelouisebibeau.com\/#\/schema\/logo\/image\/\",\"url\":\"https:\/\/centrelouisebibeau.com\/wp-content\/uploads\/2024\/01\/cropped-cropped-cropped-Birthday-3-e1705004303694-1.png\",\"contentUrl\":\"https:\/\/centrelouisebibeau.com\/wp-content\/uploads\/2024\/01\/cropped-cropped-cropped-Birthday-3-e1705004303694-1.png\",\"width\":350,\"height\":350,\"caption\":\"Centre Louise Bibeau\"},\"image\":{\"@id\":\"https:\/\/centrelouisebibeau.com\/#\/schema\/logo\/image\/\"}}]}<\/script>\n<!-- \/ Yoast SEO plugin. -->","yoast_head_json":{"title":"Activit\u00e9s -","robots":{"index":"index","follow":"follow","max-snippet":"max-snippet:-1","max-image-preview":"max-image-preview:large","max-video-preview":"max-video-preview:-1"},"canonical":"https:\/\/centrelouisebibeau.com\/index.php\/activites\/","og_locale":"fr_FR","og_type":"article","og_title":"Activit\u00e9s -","og_description":"Pendant les p\u00e9riodes de r\u00e9pit, les participants profitent d&rsquo;activit\u00e9s occupationnelles adapt\u00e9es \u00e0 leurs int\u00e9r\u00eats individuels. En \u00e9t\u00e9, nous organisons diverses sorties et recevons des invit\u00e9s tels qu&rsquo;une maquilleuse, une zooth\u00e9rapeute, un clown, un magicien, et bien d&rsquo;autres encore. De plus, \u00e0 chaque ann\u00e9e, nous enrichissons notre collection de jeux et d&rsquo;\u00e9quipements pour r\u00e9pondre aux besoins vari\u00e9s de nos usagers. En &hellip;","og_url":"https:\/\/centrelouisebibeau.com\/index.php\/activites\/","article_modified_time":"2024-07-23T13:15:00+00:00","og_image":[{"url":"https:\/\/centrelouisebibeau.com\/wp-content\/uploads\/2024\/07\/Capture-decran-le-2024-07-23-a-09.14.48.png"}],"twitter_card":"summary_large_image","twitter_misc":{"Dur\u00e9e de lecture estim\u00e9e":"3 minutes"},"schema":{"@context":"https:\/\/schema.org","@graph":[{"@type":"WebPage","@id":"https:\/\/centrelouisebibeau.com\/index.php\/activites\/","url":"https:\/\/centrelouisebibeau.com\/index.php\/activites\/","name":"Activit\u00e9s -","isPartOf":{"@id":"https:\/\/centrelouisebibeau.com\/#website"},"datePublished":"2021-01-28T17:22:08+00:00","dateModified":"2024-07-23T13:15:00+00:00","breadcrumb":{"@id":"https:\/\/centrelouisebibeau.com\/index.php\/activites\/#breadcrumb"},"inLanguage":"fr-FR","potentialAction":[{"@type":"ReadAction","target":["https:\/\/centrelouisebibeau.com\/index.php\/activites\/"]}]},{"@type":"BreadcrumbList","@id":"https:\/\/centrelouisebibeau.com\/index.php\/activites\/#breadcrumb","itemListElement":[{"@type":"ListItem","position":1,"name":"Accueil","item":"https:\/\/centrelouisebibeau.com\/"},{"@type":"ListItem","position":2,"name":"Activit\u00e9s"}]},{"@type":"WebSite","@id":"https:\/\/centrelouisebibeau.com\/#website","url":"https:\/\/centrelouisebibeau.com\/","name":"centrelouisebibeau.com","description":"Maison de r\u00e9pit en Mont\u00e9r\u00e9gie","publisher":{"@id":"https:\/\/centrelouisebibeau.com\/#organization"},"potentialAction":[{"@type":"SearchAction","target":{"@type":"EntryPoint","urlTemplate":"https:\/\/centrelouisebibeau.com\/?s={search_term_string}"},"query-input":"required name=search_term_string"}],"inLanguage":"fr-FR"},{"@type":"Organization","@id":"https:\/\/centrelouisebibeau.com\/#organization","name":"Centre Louise Bibeau","url":"https:\/\/centrelouisebibeau.com\/","logo":{"@type":"ImageObject","inLanguage":"fr-FR","@id":"https:\/\/centrelouisebibeau.com\/#\/schema\/logo\/image\/","url":"https:\/\/centrelouisebibeau.com\/wp-content\/uploads\/2024\/01\/cropped-cropped-cropped-Birthday-3-e1705004303694-1.png","contentUrl":"https:\/\/centrelouisebibeau.com\/wp-content\/uploads\/2024\/01\/cropped-cropped-cropped-Birthday-3-e1705004303694-1.png","width":350,"height":350,"caption":"Centre Louise Bibeau"},"image":{"@id":"https:\/\/centrelouisebibeau.com\/#\/schema\/logo\/image\/"}}]}},"_links":{"self":[{"href":"https:\/\/centrelouisebibeau.com\/index.php\/wp-json\/wp\/v2\/pages\/46","targetHints":{"allow":["GET"]}}],"collection":[{"href":"https:\/\/centrelouisebibeau.com\/index.php\/wp-json\/wp\/v2\/pages"}],"about":[{"href":"https:\/\/centrelouisebibeau.com\/index.php\/wp-json\/wp\/v2\/types\/page"}],"author":[{"embeddable":true,"href":"https:\/\/centrelouisebibeau.com\/index.php\/wp-json\/wp\/v2\/users\/1"}],"replies":[{"embeddable":true,"href":"https:\/\/centrelouisebibeau.com\/index.php\/wp-json\/wp\/v2\/comments?post=46"}],"version-history":[{"count":25,"href":"https:\/\/centrelouisebibeau.com\/index.php\/wp-json\/wp\/v2\/pages\/46\/revisions"}],"predecessor-version":[{"id":1637,"href":"https:\/\/centrelouisebibeau.com\/index.php\/wp-json\/wp\/v2\/pages\/46\/revisions\/1637"}],"wp:attachment":[{"href":"https:\/\/centrelouisebibeau.com\/index.php\/wp-json\/wp\/v2\/media?parent=46"}],"curies":[{"name":"wp","href":"https:\/\/api.w.org\/{rel}","templated":true}]}}