{"id":443,"date":"2021-02-06T16:45:33","date_gmt":"2021-02-06T15:45:33","guid":{"rendered":"https:\/\/teste49410456.wordpress.com\/?page_id=443"},"modified":"2024-07-30T15:17:18","modified_gmt":"2024-07-30T19:17:18","slug":"criteres-dacces","status":"publish","type":"page","link":"https:\/\/centrelouisebibeau.com\/index.php\/criteres-dacces\/","title":{"rendered":"Admission"},"content":{"rendered":"\n<div class=\"wp-block-cover is-light\" style=\"min-height:82px;aspect-ratio:unset;\"><span aria-hidden=\"true\" class=\"wp-block-cover__background has-background-dim\" style=\"background-color:#b6aaa4\"><\/span><img loading=\"lazy\" decoding=\"async\" width=\"1262\" height=\"786\" class=\"wp-block-cover__image-background wp-image-1738\" alt=\"\" src=\"https:\/\/centrelouisebibeau.com\/wp-content\/uploads\/2024\/07\/Capture-decran-le-2024-07-30-a-15.15.03.png\" data-object-fit=\"cover\" srcset=\"https:\/\/centrelouisebibeau.com\/wp-content\/uploads\/2024\/07\/Capture-decran-le-2024-07-30-a-15.15.03.png 1262w, https:\/\/centrelouisebibeau.com\/wp-content\/uploads\/2024\/07\/Capture-decran-le-2024-07-30-a-15.15.03-300x187.png 300w, https:\/\/centrelouisebibeau.com\/wp-content\/uploads\/2024\/07\/Capture-decran-le-2024-07-30-a-15.15.03-1024x638.png 1024w, https:\/\/centrelouisebibeau.com\/wp-content\/uploads\/2024\/07\/Capture-decran-le-2024-07-30-a-15.15.03-768x478.png 768w, https:\/\/centrelouisebibeau.com\/wp-content\/uploads\/2024\/07\/Capture-decran-le-2024-07-30-a-15.15.03-96x60.png 96w\" sizes=\"auto, (max-width: 1262px) 100vw, 1262px\" \/><div class=\"wp-block-cover__inner-container is-layout-constrained wp-block-cover-is-layout-constrained\">\n<p class=\"has-text-align-center has-large-font-size\"><sub><mark style=\"background-color:rgba(0, 0, 0, 0)\" class=\"has-inline-color has-white-color\">Crit\u00e8res d&rsquo;admission aux services <\/mark><\/sub><\/p>\n<\/div><\/div>\n\n\n\n<p>Le Centre Louise Bibeau&nbsp;accueille des personnes de tous \u00e2ges ayant une d\u00e9ficience intellectuelle avec ou sans d\u00e9ficience physique:<\/p>\n\n\n\n<ul class=\"wp-block-list\">\n<li>N&rsquo;ayant pas besoin d&rsquo;un soin hospitalier ou d&rsquo;un traitement sp\u00e9cifique (ex. : gavage ou injection)<\/li>\n\n\n\n<li>N&rsquo;ayant pas de troubles graves du comportement (ex: surveillance constante n\u00e9cessitant du 1\/1)<\/li>\n<\/ul>\n\n\n\n<p><em>*1\/1: signifie <strong>1<\/strong> intervenant pour <strong>1<\/strong> usager<\/em><\/p>\n\n\n<div class=\"wp-block-image\">\n<figure class=\"aligncenter size-large is-resized\"><img loading=\"lazy\" decoding=\"async\" width=\"1024\" height=\"318\" src=\"https:\/\/centrelouisebibeau.com\/wp-content\/uploads\/2024\/02\/Capture-decran-le-2024-02-22-a-11.31.04-1024x318.png\" alt=\"\" class=\"wp-image-1185\" style=\"width:455px;height:auto\" srcset=\"https:\/\/centrelouisebibeau.com\/wp-content\/uploads\/2024\/02\/Capture-decran-le-2024-02-22-a-11.31.04-1024x318.png 1024w, https:\/\/centrelouisebibeau.com\/wp-content\/uploads\/2024\/02\/Capture-decran-le-2024-02-22-a-11.31.04-300x93.png 300w, https:\/\/centrelouisebibeau.com\/wp-content\/uploads\/2024\/02\/Capture-decran-le-2024-02-22-a-11.31.04-768x239.png 768w, https:\/\/centrelouisebibeau.com\/wp-content\/uploads\/2024\/02\/Capture-decran-le-2024-02-22-a-11.31.04-193x60.png 193w, https:\/\/centrelouisebibeau.com\/wp-content\/uploads\/2024\/02\/Capture-decran-le-2024-02-22-a-11.31.04.png 1190w\" sizes=\"auto, (max-width: 1024px) 100vw, 1024px\" \/><\/figure>\n<\/div>\n\n\n<p>Pour avoir acc\u00e8s \u00e0 nos services,&nbsp;<strong>vous devez communiquer avec nous<\/strong>&nbsp;afin de programmer une rencontre pour l\u2019ouverture du dossier.<\/p>\n\n\n\n<p>Lors de la rencontre, la direction vous posera des questions afin de dresser un portrait de l&rsquo;usager et de ses besoins. Pour compl\u00e9ter l&rsquo;inscription, il sera important d&rsquo;avoir en main les documents suivants:<\/p>\n\n\n\n<ul class=\"wp-block-list\">\n<li>Feuille d&rsquo;administration des m\u00e9dicaments (FADM)<\/li>\n\n\n\n<li>Carte d&rsquo;assurance maladie<\/li>\n\n\n\n<li>20$ par d\u00e9bit ou ch\u00e8que (pour devenir membre et avoir acc\u00e8s aux services)<\/li>\n<\/ul>\n\n\n\n<p class=\"has-text-align-center\"><em>*Veuillez t\u00e9l\u00e9charger le lien \u00e0 la fin de cette page pour plus de d\u00e9tails concernant la m\u00e9dication*<\/em><\/p>\n\n\n\n<p>Par la suite, <strong>une int\u00e9gration graduelle<\/strong> vous sera propos\u00e9e afin d\u2019\u00e9valuer si nous pouvons r\u00e9pondre ad\u00e9quatement aux besoins de votre enfant selon nos ressources et comp\u00e9tences.&nbsp; <strong>Si l\u2019\u00e9valuation s\u2019av\u00e8re positive<\/strong>, vous aurez droit \u00e0 nos services en tenant compte de vos besoins et de nos disponibilit\u00e9s.<\/p>\n\n\n\n<p>Pour avoir acc\u00e8s aux services, vous devez \u00eatre membre de l\u2019organisme ce qui signifie avoir pay\u00e9 votre <strong>cotisation annuelle de 20$<\/strong>.&nbsp; La cotisation est renouvelable en avril de chaque ann\u00e9e. <\/p>\n\n\n<div class=\"wp-block-image\">\n<figure class=\"aligncenter size-full is-resized\"><img loading=\"lazy\" decoding=\"async\" width=\"1444\" height=\"646\" src=\"https:\/\/centrelouisebibeau.com\/wp-content\/uploads\/2024\/07\/Capture-decran-le-2024-07-23-a-09.35.52.png\" alt=\"\" class=\"wp-image-1641\" style=\"width:715px;height:auto\" srcset=\"https:\/\/centrelouisebibeau.com\/wp-content\/uploads\/2024\/07\/Capture-decran-le-2024-07-23-a-09.35.52.png 1444w, https:\/\/centrelouisebibeau.com\/wp-content\/uploads\/2024\/07\/Capture-decran-le-2024-07-23-a-09.35.52-300x134.png 300w, https:\/\/centrelouisebibeau.com\/wp-content\/uploads\/2024\/07\/Capture-decran-le-2024-07-23-a-09.35.52-1024x458.png 1024w, https:\/\/centrelouisebibeau.com\/wp-content\/uploads\/2024\/07\/Capture-decran-le-2024-07-23-a-09.35.52-768x344.png 768w, https:\/\/centrelouisebibeau.com\/wp-content\/uploads\/2024\/07\/Capture-decran-le-2024-07-23-a-09.35.52-134x60.png 134w\" sizes=\"auto, (max-width: 1444px) 100vw, 1444px\" \/><\/figure>\n<\/div>\n\n\n<p class=\"has-text-align-center\"><em>Vous n&rsquo;\u00eates pas certains que votre enfant est admissible?  <\/em><strong>Contactez-nous et il nous fera un grand plaisir de vous guider!<\/strong><\/p>\n\n\n\n<p><\/p>\n\n\n<div class=\"wp-block-image\">\n<figure class=\"aligncenter size-full is-resized\"><img loading=\"lazy\" decoding=\"async\" width=\"424\" height=\"256\" src=\"https:\/\/centrelouisebibeau.com\/wp-content\/uploads\/2024\/01\/Capture-decran-le-2024-01-13-a-13.35.53.png\" alt=\"\" class=\"wp-image-912\" style=\"width:162px;height:auto\" srcset=\"https:\/\/centrelouisebibeau.com\/wp-content\/uploads\/2024\/01\/Capture-decran-le-2024-01-13-a-13.35.53.png 424w, https:\/\/centrelouisebibeau.com\/wp-content\/uploads\/2024\/01\/Capture-decran-le-2024-01-13-a-13.35.53-300x181.png 300w, https:\/\/centrelouisebibeau.com\/wp-content\/uploads\/2024\/01\/Capture-decran-le-2024-01-13-a-13.35.53-99x60.png 99w\" sizes=\"auto, (max-width: 424px) 100vw, 424px\" \/><\/figure>\n<\/div>\n\n\n<p><\/p>\n","protected":false},"excerpt":{"rendered":"<p>Le Centre Louise Bibeau&nbsp;accueille des personnes de tous \u00e2ges ayant une d\u00e9ficience intellectuelle avec ou sans d\u00e9ficience physique: *1\/1: signifie 1 intervenant pour 1 usager Pour avoir acc\u00e8s \u00e0 nos services,&nbsp;vous devez communiquer avec nous&nbsp;afin de programmer une rencontre pour l\u2019ouverture du dossier. Lors de la rencontre, la direction vous posera des questions afin de dresser un portrait de l&rsquo;usager &hellip; <\/p>\n","protected":false},"author":1,"featured_media":0,"parent":0,"menu_order":0,"comment_status":"closed","ping_status":"closed","template":"","meta":{"footnotes":""},"class_list":["post-443","page","type-page","status-publish","hentry"],"yoast_head":"<!-- This site is optimized with the Yoast SEO plugin v22.0 - https:\/\/yoast.com\/wordpress\/plugins\/seo\/ -->\n<title>Admission -<\/title>\n<meta name=\"robots\" content=\"index, follow, max-snippet:-1, max-image-preview:large, max-video-preview:-1\" \/>\n<link rel=\"canonical\" href=\"https:\/\/centrelouisebibeau.com\/index.php\/criteres-dacces\/\" \/>\n<meta property=\"og:locale\" content=\"fr_FR\" \/>\n<meta property=\"og:type\" content=\"article\" \/>\n<meta property=\"og:title\" content=\"Admission -\" \/>\n<meta property=\"og:description\" content=\"Le Centre Louise Bibeau&nbsp;accueille des personnes de tous \u00e2ges ayant une d\u00e9ficience intellectuelle avec ou sans d\u00e9ficience physique: *1\/1: signifie 1 intervenant pour 1 usager Pour avoir acc\u00e8s \u00e0 nos services,&nbsp;vous devez communiquer avec nous&nbsp;afin de programmer une rencontre pour l\u2019ouverture du dossier. Lors de la rencontre, la direction vous posera des questions afin de dresser un portrait de l&rsquo;usager &hellip;\" \/>\n<meta property=\"og:url\" content=\"https:\/\/centrelouisebibeau.com\/index.php\/criteres-dacces\/\" \/>\n<meta property=\"article:modified_time\" content=\"2024-07-30T19:17:18+00:00\" \/>\n<meta property=\"og:image\" content=\"https:\/\/centrelouisebibeau.com\/wp-content\/uploads\/2024\/07\/Capture-decran-le-2024-07-30-a-15.15.03.png\" \/>\n<meta name=\"twitter:card\" content=\"summary_large_image\" \/>\n<script type=\"application\/ld+json\" class=\"yoast-schema-graph\">{\"@context\":\"https:\/\/schema.org\",\"@graph\":[{\"@type\":\"WebPage\",\"@id\":\"https:\/\/centrelouisebibeau.com\/index.php\/criteres-dacces\/\",\"url\":\"https:\/\/centrelouisebibeau.com\/index.php\/criteres-dacces\/\",\"name\":\"Admission -\",\"isPartOf\":{\"@id\":\"https:\/\/centrelouisebibeau.com\/#website\"},\"datePublished\":\"2021-02-06T15:45:33+00:00\",\"dateModified\":\"2024-07-30T19:17:18+00:00\",\"breadcrumb\":{\"@id\":\"https:\/\/centrelouisebibeau.com\/index.php\/criteres-dacces\/#breadcrumb\"},\"inLanguage\":\"fr-FR\",\"potentialAction\":[{\"@type\":\"ReadAction\",\"target\":[\"https:\/\/centrelouisebibeau.com\/index.php\/criteres-dacces\/\"]}]},{\"@type\":\"BreadcrumbList\",\"@id\":\"https:\/\/centrelouisebibeau.com\/index.php\/criteres-dacces\/#breadcrumb\",\"itemListElement\":[{\"@type\":\"ListItem\",\"position\":1,\"name\":\"Accueil\",\"item\":\"https:\/\/centrelouisebibeau.com\/\"},{\"@type\":\"ListItem\",\"position\":2,\"name\":\"Admission\"}]},{\"@type\":\"WebSite\",\"@id\":\"https:\/\/centrelouisebibeau.com\/#website\",\"url\":\"https:\/\/centrelouisebibeau.com\/\",\"name\":\"centrelouisebibeau.com\",\"description\":\"Maison de r\u00e9pit en Mont\u00e9r\u00e9gie\",\"publisher\":{\"@id\":\"https:\/\/centrelouisebibeau.com\/#organization\"},\"potentialAction\":[{\"@type\":\"SearchAction\",\"target\":{\"@type\":\"EntryPoint\",\"urlTemplate\":\"https:\/\/centrelouisebibeau.com\/?s={search_term_string}\"},\"query-input\":\"required name=search_term_string\"}],\"inLanguage\":\"fr-FR\"},{\"@type\":\"Organization\",\"@id\":\"https:\/\/centrelouisebibeau.com\/#organization\",\"name\":\"Centre Louise Bibeau\",\"url\":\"https:\/\/centrelouisebibeau.com\/\",\"logo\":{\"@type\":\"ImageObject\",\"inLanguage\":\"fr-FR\",\"@id\":\"https:\/\/centrelouisebibeau.com\/#\/schema\/logo\/image\/\",\"url\":\"https:\/\/centrelouisebibeau.com\/wp-content\/uploads\/2024\/01\/cropped-cropped-cropped-Birthday-3-e1705004303694-1.png\",\"contentUrl\":\"https:\/\/centrelouisebibeau.com\/wp-content\/uploads\/2024\/01\/cropped-cropped-cropped-Birthday-3-e1705004303694-1.png\",\"width\":350,\"height\":350,\"caption\":\"Centre Louise Bibeau\"},\"image\":{\"@id\":\"https:\/\/centrelouisebibeau.com\/#\/schema\/logo\/image\/\"}}]}<\/script>\n<!-- \/ Yoast SEO plugin. -->","yoast_head_json":{"title":"Admission -","robots":{"index":"index","follow":"follow","max-snippet":"max-snippet:-1","max-image-preview":"max-image-preview:large","max-video-preview":"max-video-preview:-1"},"canonical":"https:\/\/centrelouisebibeau.com\/index.php\/criteres-dacces\/","og_locale":"fr_FR","og_type":"article","og_title":"Admission -","og_description":"Le Centre Louise Bibeau&nbsp;accueille des personnes de tous \u00e2ges ayant une d\u00e9ficience intellectuelle avec ou sans d\u00e9ficience physique: *1\/1: signifie 1 intervenant pour 1 usager Pour avoir acc\u00e8s \u00e0 nos services,&nbsp;vous devez communiquer avec nous&nbsp;afin de programmer une rencontre pour l\u2019ouverture du dossier. Lors de la rencontre, la direction vous posera des questions afin de dresser un portrait de l&rsquo;usager &hellip;","og_url":"https:\/\/centrelouisebibeau.com\/index.php\/criteres-dacces\/","article_modified_time":"2024-07-30T19:17:18+00:00","og_image":[{"url":"https:\/\/centrelouisebibeau.com\/wp-content\/uploads\/2024\/07\/Capture-decran-le-2024-07-30-a-15.15.03.png"}],"twitter_card":"summary_large_image","schema":{"@context":"https:\/\/schema.org","@graph":[{"@type":"WebPage","@id":"https:\/\/centrelouisebibeau.com\/index.php\/criteres-dacces\/","url":"https:\/\/centrelouisebibeau.com\/index.php\/criteres-dacces\/","name":"Admission -","isPartOf":{"@id":"https:\/\/centrelouisebibeau.com\/#website"},"datePublished":"2021-02-06T15:45:33+00:00","dateModified":"2024-07-30T19:17:18+00:00","breadcrumb":{"@id":"https:\/\/centrelouisebibeau.com\/index.php\/criteres-dacces\/#breadcrumb"},"inLanguage":"fr-FR","potentialAction":[{"@type":"ReadAction","target":["https:\/\/centrelouisebibeau.com\/index.php\/criteres-dacces\/"]}]},{"@type":"BreadcrumbList","@id":"https:\/\/centrelouisebibeau.com\/index.php\/criteres-dacces\/#breadcrumb","itemListElement":[{"@type":"ListItem","position":1,"name":"Accueil","item":"https:\/\/centrelouisebibeau.com\/"},{"@type":"ListItem","position":2,"name":"Admission"}]},{"@type":"WebSite","@id":"https:\/\/centrelouisebibeau.com\/#website","url":"https:\/\/centrelouisebibeau.com\/","name":"centrelouisebibeau.com","description":"Maison de r\u00e9pit en Mont\u00e9r\u00e9gie","publisher":{"@id":"https:\/\/centrelouisebibeau.com\/#organization"},"potentialAction":[{"@type":"SearchAction","target":{"@type":"EntryPoint","urlTemplate":"https:\/\/centrelouisebibeau.com\/?s={search_term_string}"},"query-input":"required name=search_term_string"}],"inLanguage":"fr-FR"},{"@type":"Organization","@id":"https:\/\/centrelouisebibeau.com\/#organization","name":"Centre Louise Bibeau","url":"https:\/\/centrelouisebibeau.com\/","logo":{"@type":"ImageObject","inLanguage":"fr-FR","@id":"https:\/\/centrelouisebibeau.com\/#\/schema\/logo\/image\/","url":"https:\/\/centrelouisebibeau.com\/wp-content\/uploads\/2024\/01\/cropped-cropped-cropped-Birthday-3-e1705004303694-1.png","contentUrl":"https:\/\/centrelouisebibeau.com\/wp-content\/uploads\/2024\/01\/cropped-cropped-cropped-Birthday-3-e1705004303694-1.png","width":350,"height":350,"caption":"Centre Louise Bibeau"},"image":{"@id":"https:\/\/centrelouisebibeau.com\/#\/schema\/logo\/image\/"}}]}},"_links":{"self":[{"href":"https:\/\/centrelouisebibeau.com\/index.php\/wp-json\/wp\/v2\/pages\/443","targetHints":{"allow":["GET"]}}],"collection":[{"href":"https:\/\/centrelouisebibeau.com\/index.php\/wp-json\/wp\/v2\/pages"}],"about":[{"href":"https:\/\/centrelouisebibeau.com\/index.php\/wp-json\/wp\/v2\/types\/page"}],"author":[{"embeddable":true,"href":"https:\/\/centrelouisebibeau.com\/index.php\/wp-json\/wp\/v2\/users\/1"}],"replies":[{"embeddable":true,"href":"https:\/\/centrelouisebibeau.com\/index.php\/wp-json\/wp\/v2\/comments?post=443"}],"version-history":[{"count":61,"href":"https:\/\/centrelouisebibeau.com\/index.php\/wp-json\/wp\/v2\/pages\/443\/revisions"}],"predecessor-version":[{"id":1741,"href":"https:\/\/centrelouisebibeau.com\/index.php\/wp-json\/wp\/v2\/pages\/443\/revisions\/1741"}],"wp:attachment":[{"href":"https:\/\/centrelouisebibeau.com\/index.php\/wp-json\/wp\/v2\/media?parent=443"}],"curies":[{"name":"wp","href":"https:\/\/api.w.org\/{rel}","templated":true}]}}