{"id":44,"date":"2021-01-28T18:22:05","date_gmt":"2021-01-28T17:22:05","guid":{"rendered":"https:\/\/teste49410456.wordpress.com\/?page_id=44"},"modified":"2021-01-28T18:22:05","modified_gmt":"2021-01-28T17:22:05","slug":"donateurs-partenaires","status":"publish","type":"page","link":"https:\/\/centrelouisebibeau.com\/index.php\/donateurs-partenaires\/","title":{"rendered":"B\u00e9n\u00e9volat et partenaires"},"content":{"rendered":"\n<p class=\"has-text-align-center\">Le Centre Louise Bibeau a b\u00e9n\u00e9fici\u00e9 tout au long de son existence de nombreux partenaires qui ont d&rsquo;abord permis sa fondation et qui l&rsquo;ont fid\u00e8lement accompagn\u00e9 dans les moments difficiles. Ils ont aussi particip\u00e9 \u00e0 sa croissance et aid\u00e9 \u00e0 l&rsquo;am\u00e9lioration de la qualit\u00e9 des services offerts.<\/p>\n\n\n\n<p class=\"has-text-align-center\">Sans les nommer un \u00e0 un, le conseil d&rsquo;administration tient \u00e0 remercier&nbsp;<strong>tous les donateurs qui depuis tant d&rsquo;ann\u00e9es s&rsquo;associent \u00e0 leur cause !<\/strong><\/p>\n\n\n\n<p class=\"has-text-align-center\">Un<strong>&nbsp;<\/strong>tr\u00e8s gros merci \u00e0&#8230;..&nbsp;<strong>tous les particuliers, clubs sociaux, fondations, <\/strong><br><strong>organismes et communaut\u00e9s religieuses pour leur support constant et leur implication depuis notre fondation.<\/strong><\/p>\n\n\n\n<div class=\"wp-block-image\"><figure class=\"aligncenter size-large is-resized\"><img loading=\"lazy\" decoding=\"async\" src=\"https:\/\/centrelouisebibeau.com\/wp-content\/uploads\/2021\/01\/centrelouisebibeau_logo-rond.jpg?w=700\" alt=\"\" class=\"wp-image-133\" width=\"174\" height=\"174\" srcset=\"https:\/\/centrelouisebibeau.com\/wp-content\/uploads\/2021\/01\/centrelouisebibeau_logo-rond.jpg 700w, https:\/\/centrelouisebibeau.com\/wp-content\/uploads\/2021\/01\/centrelouisebibeau_logo-rond-300x300.jpg 300w, https:\/\/centrelouisebibeau.com\/wp-content\/uploads\/2021\/01\/centrelouisebibeau_logo-rond-150x150.jpg 150w\" sizes=\"auto, (max-width: 174px) 100vw, 174px\" \/><\/figure><\/div>\n\n\n\n<hr class=\"wp-block-separator\" \/>\n\n\n\n<p class=\"has-text-align-center\"><strong>Un merci tout sp\u00e9cial \u00e0<\/strong><\/p>\n\n\n\n<div class=\"wp-block-columns is-layout-flex wp-container-core-columns-is-layout-9d6595d7 wp-block-columns-is-layout-flex\">\n<div class=\"wp-block-column is-layout-flow wp-block-column-is-layout-flow\" style=\"flex-basis:100%;\">\n<div class=\"wp-block-group alignwide\"><div class=\"wp-block-group__inner-container is-layout-flow wp-block-group-is-layout-flow\">\n<div class=\"wp-block-group alignwide\"><div class=\"wp-block-group__inner-container is-layout-flow wp-block-group-is-layout-flow\">\n<div class=\"wp-block-coblocks-gallery-masonry alignwide\"><div class=\"coblocks-gallery has-caption-style-dark has-gutter\"><ul class=\"has-grid-xlrg has-gutter-15 has-gutter-mobile-15\"><li class=\"coblocks-gallery--item\"><figure class=\"coblocks-gallery--figure\"><img loading=\"lazy\" decoding=\"async\" width=\"500\" height=\"213\" src=\"https:\/\/centrelouisebibeau.com\/wp-content\/uploads\/2021\/01\/centraide_richelieuyamaska-2.jpg?w=500\" alt=\"\" data-id=\"216\" data-imglink=\"\" data-link=\"https:\/\/teste49410456.wordpress.com\/centraide_richelieuyamaska-2\/\" class=\"wp-image-216\" srcset=\"https:\/\/centrelouisebibeau.com\/wp-content\/uploads\/2021\/01\/centraide_richelieuyamaska-2.jpg 500w, https:\/\/centrelouisebibeau.com\/wp-content\/uploads\/2021\/01\/centraide_richelieuyamaska-2-300x128.jpg 300w\" sizes=\"auto, (max-width: 500px) 100vw, 500px\" \/><\/figure><\/li><li class=\"coblocks-gallery--item\"><figure class=\"coblocks-gallery--figure\"><img loading=\"lazy\" decoding=\"async\" width=\"720\" height=\"337\" src=\"https:\/\/centrelouisebibeau.com\/wp-content\/uploads\/2021\/01\/fondation-de-la-fecc81decc81ration-des-mecc81decins-specc81cialistes-du-quecc81bec_2.png?w=720\" alt=\"\" data-id=\"222\" data-imglink=\"\" data-link=\"https:\/\/teste49410456.wordpress.com\/fondation-de-la-fecc81decc81ration-des-mecc81decins-specc81cialistes-du-quecc81bec_2\/\" class=\"wp-image-222\" srcset=\"https:\/\/centrelouisebibeau.com\/wp-content\/uploads\/2021\/01\/fondation-de-la-fecc81decc81ration-des-mecc81decins-specc81cialistes-du-quecc81bec_2.png 720w, https:\/\/centrelouisebibeau.com\/wp-content\/uploads\/2021\/01\/fondation-de-la-fecc81decc81ration-des-mecc81decins-specc81cialistes-du-quecc81bec_2-300x140.png 300w\" sizes=\"auto, (max-width: 720px) 100vw, 720px\" \/><\/figure><\/li><\/ul><\/div><\/div>\n<\/div><\/div>\n\n\n\n<p><\/p>\n<\/div><\/div>\n<\/div>\n<\/div>\n\n\n\n<p class=\"has-text-align-center\"><strong>Pour le projet de construction du nouvel \u00e9difice en 2006, un merci tout sp\u00e9cial \u00e0<\/strong><br><a href=\"http:\/\/www.lesupport.ca\/fr\">http:\/\/www.lesupport.ca\/fr<\/a><\/p>\n\n\n\n<hr class=\"wp-block-separator\" \/>\n\n\n\n<div class=\"wp-block-image\"><figure class=\"aligncenter size-large is-resized\"><img loading=\"lazy\" decoding=\"async\" src=\"https:\/\/centrelouisebibeau.com\/wp-content\/uploads\/2021\/01\/centrelouisebibeau_logo_maison-2.jpg?w=750\" alt=\"\" class=\"wp-image-140\" width=\"109\" height=\"109\" srcset=\"https:\/\/centrelouisebibeau.com\/wp-content\/uploads\/2021\/01\/centrelouisebibeau_logo_maison-2.jpg 1400w, https:\/\/centrelouisebibeau.com\/wp-content\/uploads\/2021\/01\/centrelouisebibeau_logo_maison-2-300x300.jpg 300w, https:\/\/centrelouisebibeau.com\/wp-content\/uploads\/2021\/01\/centrelouisebibeau_logo_maison-2-1024x1024.jpg 1024w, https:\/\/centrelouisebibeau.com\/wp-content\/uploads\/2021\/01\/centrelouisebibeau_logo_maison-2-150x150.jpg 150w, https:\/\/centrelouisebibeau.com\/wp-content\/uploads\/2021\/01\/centrelouisebibeau_logo_maison-2-768x768.jpg 768w\" sizes=\"auto, (max-width: 109px) 100vw, 109px\" \/><\/figure><\/div>\n","protected":false},"excerpt":{"rendered":"<p>Le Centre Louise Bibeau a b\u00e9n\u00e9fici\u00e9 tout au long de son existence de nombreux partenaires qui ont d&rsquo;abord permis sa fondation et qui l&rsquo;ont fid\u00e8lement accompagn\u00e9 dans les moments difficiles. Ils ont aussi particip\u00e9 \u00e0 sa croissance et aid\u00e9 \u00e0 l&rsquo;am\u00e9lioration de la qualit\u00e9 des services offerts. Sans les nommer un \u00e0 un, le conseil d&rsquo;administration tient \u00e0 remercier&nbsp;tous les &hellip; <\/p>\n","protected":false},"author":1,"featured_media":0,"parent":0,"menu_order":0,"comment_status":"closed","ping_status":"closed","template":"","meta":{"footnotes":""},"class_list":["post-44","page","type-page","status-publish","hentry"],"yoast_head":"<!-- This site is optimized with the Yoast SEO plugin v22.0 - https:\/\/yoast.com\/wordpress\/plugins\/seo\/ -->\n<title>B\u00e9n\u00e9volat et partenaires -<\/title>\n<meta name=\"robots\" content=\"index, follow, max-snippet:-1, max-image-preview:large, max-video-preview:-1\" \/>\n<link rel=\"canonical\" href=\"https:\/\/centrelouisebibeau.com\/index.php\/donateurs-partenaires\/\" \/>\n<meta property=\"og:locale\" content=\"fr_FR\" \/>\n<meta property=\"og:type\" content=\"article\" \/>\n<meta property=\"og:title\" content=\"B\u00e9n\u00e9volat et partenaires -\" \/>\n<meta property=\"og:description\" content=\"Le Centre Louise Bibeau a b\u00e9n\u00e9fici\u00e9 tout au long de son existence de nombreux partenaires qui ont d&rsquo;abord permis sa fondation et qui l&rsquo;ont fid\u00e8lement accompagn\u00e9 dans les moments difficiles. Ils ont aussi particip\u00e9 \u00e0 sa croissance et aid\u00e9 \u00e0 l&rsquo;am\u00e9lioration de la qualit\u00e9 des services offerts. Sans les nommer un \u00e0 un, le conseil d&rsquo;administration tient \u00e0 remercier&nbsp;tous les &hellip;\" \/>\n<meta property=\"og:url\" content=\"https:\/\/centrelouisebibeau.com\/index.php\/donateurs-partenaires\/\" \/>\n<meta property=\"og:image\" content=\"http:\/\/centrelouisebibeau.com\/wp-content\/uploads\/2021\/01\/centrelouisebibeau_logo-rond.jpg?w=700\" \/>\n<meta name=\"twitter:card\" content=\"summary_large_image\" \/>\n<meta name=\"twitter:label1\" content=\"Dur\u00e9e de lecture estim\u00e9e\" \/>\n\t<meta name=\"twitter:data1\" content=\"1 minute\" \/>\n<script type=\"application\/ld+json\" class=\"yoast-schema-graph\">{\"@context\":\"https:\/\/schema.org\",\"@graph\":[{\"@type\":\"WebPage\",\"@id\":\"https:\/\/centrelouisebibeau.com\/index.php\/donateurs-partenaires\/\",\"url\":\"https:\/\/centrelouisebibeau.com\/index.php\/donateurs-partenaires\/\",\"name\":\"B\u00e9n\u00e9volat et partenaires -\",\"isPartOf\":{\"@id\":\"https:\/\/centrelouisebibeau.com\/#website\"},\"datePublished\":\"2021-01-28T17:22:05+00:00\",\"dateModified\":\"2021-01-28T17:22:05+00:00\",\"breadcrumb\":{\"@id\":\"https:\/\/centrelouisebibeau.com\/index.php\/donateurs-partenaires\/#breadcrumb\"},\"inLanguage\":\"fr-FR\",\"potentialAction\":[{\"@type\":\"ReadAction\",\"target\":[\"https:\/\/centrelouisebibeau.com\/index.php\/donateurs-partenaires\/\"]}]},{\"@type\":\"BreadcrumbList\",\"@id\":\"https:\/\/centrelouisebibeau.com\/index.php\/donateurs-partenaires\/#breadcrumb\",\"itemListElement\":[{\"@type\":\"ListItem\",\"position\":1,\"name\":\"Accueil\",\"item\":\"https:\/\/centrelouisebibeau.com\/\"},{\"@type\":\"ListItem\",\"position\":2,\"name\":\"B\u00e9n\u00e9volat et partenaires\"}]},{\"@type\":\"WebSite\",\"@id\":\"https:\/\/centrelouisebibeau.com\/#website\",\"url\":\"https:\/\/centrelouisebibeau.com\/\",\"name\":\"centrelouisebibeau.com\",\"description\":\"Maison de r\u00e9pit en Mont\u00e9r\u00e9gie\",\"publisher\":{\"@id\":\"https:\/\/centrelouisebibeau.com\/#organization\"},\"potentialAction\":[{\"@type\":\"SearchAction\",\"target\":{\"@type\":\"EntryPoint\",\"urlTemplate\":\"https:\/\/centrelouisebibeau.com\/?s={search_term_string}\"},\"query-input\":\"required name=search_term_string\"}],\"inLanguage\":\"fr-FR\"},{\"@type\":\"Organization\",\"@id\":\"https:\/\/centrelouisebibeau.com\/#organization\",\"name\":\"Centre Louise Bibeau\",\"url\":\"https:\/\/centrelouisebibeau.com\/\",\"logo\":{\"@type\":\"ImageObject\",\"inLanguage\":\"fr-FR\",\"@id\":\"https:\/\/centrelouisebibeau.com\/#\/schema\/logo\/image\/\",\"url\":\"https:\/\/centrelouisebibeau.com\/wp-content\/uploads\/2024\/01\/cropped-cropped-cropped-Birthday-3-e1705004303694-1.png\",\"contentUrl\":\"https:\/\/centrelouisebibeau.com\/wp-content\/uploads\/2024\/01\/cropped-cropped-cropped-Birthday-3-e1705004303694-1.png\",\"width\":350,\"height\":350,\"caption\":\"Centre Louise Bibeau\"},\"image\":{\"@id\":\"https:\/\/centrelouisebibeau.com\/#\/schema\/logo\/image\/\"}}]}<\/script>\n<!-- \/ Yoast SEO plugin. -->","yoast_head_json":{"title":"B\u00e9n\u00e9volat et partenaires -","robots":{"index":"index","follow":"follow","max-snippet":"max-snippet:-1","max-image-preview":"max-image-preview:large","max-video-preview":"max-video-preview:-1"},"canonical":"https:\/\/centrelouisebibeau.com\/index.php\/donateurs-partenaires\/","og_locale":"fr_FR","og_type":"article","og_title":"B\u00e9n\u00e9volat et partenaires -","og_description":"Le Centre Louise Bibeau a b\u00e9n\u00e9fici\u00e9 tout au long de son existence de nombreux partenaires qui ont d&rsquo;abord permis sa fondation et qui l&rsquo;ont fid\u00e8lement accompagn\u00e9 dans les moments difficiles. Ils ont aussi particip\u00e9 \u00e0 sa croissance et aid\u00e9 \u00e0 l&rsquo;am\u00e9lioration de la qualit\u00e9 des services offerts. Sans les nommer un \u00e0 un, le conseil d&rsquo;administration tient \u00e0 remercier&nbsp;tous les &hellip;","og_url":"https:\/\/centrelouisebibeau.com\/index.php\/donateurs-partenaires\/","og_image":[{"url":"http:\/\/centrelouisebibeau.com\/wp-content\/uploads\/2021\/01\/centrelouisebibeau_logo-rond.jpg?w=700"}],"twitter_card":"summary_large_image","twitter_misc":{"Dur\u00e9e de lecture estim\u00e9e":"1 minute"},"schema":{"@context":"https:\/\/schema.org","@graph":[{"@type":"WebPage","@id":"https:\/\/centrelouisebibeau.com\/index.php\/donateurs-partenaires\/","url":"https:\/\/centrelouisebibeau.com\/index.php\/donateurs-partenaires\/","name":"B\u00e9n\u00e9volat et partenaires -","isPartOf":{"@id":"https:\/\/centrelouisebibeau.com\/#website"},"datePublished":"2021-01-28T17:22:05+00:00","dateModified":"2021-01-28T17:22:05+00:00","breadcrumb":{"@id":"https:\/\/centrelouisebibeau.com\/index.php\/donateurs-partenaires\/#breadcrumb"},"inLanguage":"fr-FR","potentialAction":[{"@type":"ReadAction","target":["https:\/\/centrelouisebibeau.com\/index.php\/donateurs-partenaires\/"]}]},{"@type":"BreadcrumbList","@id":"https:\/\/centrelouisebibeau.com\/index.php\/donateurs-partenaires\/#breadcrumb","itemListElement":[{"@type":"ListItem","position":1,"name":"Accueil","item":"https:\/\/centrelouisebibeau.com\/"},{"@type":"ListItem","position":2,"name":"B\u00e9n\u00e9volat et partenaires"}]},{"@type":"WebSite","@id":"https:\/\/centrelouisebibeau.com\/#website","url":"https:\/\/centrelouisebibeau.com\/","name":"centrelouisebibeau.com","description":"Maison de r\u00e9pit en Mont\u00e9r\u00e9gie","publisher":{"@id":"https:\/\/centrelouisebibeau.com\/#organization"},"potentialAction":[{"@type":"SearchAction","target":{"@type":"EntryPoint","urlTemplate":"https:\/\/centrelouisebibeau.com\/?s={search_term_string}"},"query-input":"required name=search_term_string"}],"inLanguage":"fr-FR"},{"@type":"Organization","@id":"https:\/\/centrelouisebibeau.com\/#organization","name":"Centre Louise Bibeau","url":"https:\/\/centrelouisebibeau.com\/","logo":{"@type":"ImageObject","inLanguage":"fr-FR","@id":"https:\/\/centrelouisebibeau.com\/#\/schema\/logo\/image\/","url":"https:\/\/centrelouisebibeau.com\/wp-content\/uploads\/2024\/01\/cropped-cropped-cropped-Birthday-3-e1705004303694-1.png","contentUrl":"https:\/\/centrelouisebibeau.com\/wp-content\/uploads\/2024\/01\/cropped-cropped-cropped-Birthday-3-e1705004303694-1.png","width":350,"height":350,"caption":"Centre Louise Bibeau"},"image":{"@id":"https:\/\/centrelouisebibeau.com\/#\/schema\/logo\/image\/"}}]}},"_links":{"self":[{"href":"https:\/\/centrelouisebibeau.com\/index.php\/wp-json\/wp\/v2\/pages\/44","targetHints":{"allow":["GET"]}}],"collection":[{"href":"https:\/\/centrelouisebibeau.com\/index.php\/wp-json\/wp\/v2\/pages"}],"about":[{"href":"https:\/\/centrelouisebibeau.com\/index.php\/wp-json\/wp\/v2\/types\/page"}],"author":[{"embeddable":true,"href":"https:\/\/centrelouisebibeau.com\/index.php\/wp-json\/wp\/v2\/users\/1"}],"replies":[{"embeddable":true,"href":"https:\/\/centrelouisebibeau.com\/index.php\/wp-json\/wp\/v2\/comments?post=44"}],"version-history":[{"count":0,"href":"https:\/\/centrelouisebibeau.com\/index.php\/wp-json\/wp\/v2\/pages\/44\/revisions"}],"wp:attachment":[{"href":"https:\/\/centrelouisebibeau.com\/index.php\/wp-json\/wp\/v2\/media?parent=44"}],"curies":[{"name":"wp","href":"https:\/\/api.w.org\/{rel}","templated":true}]}}