{"id":296,"date":"2021-01-30T18:23:24","date_gmt":"2021-01-30T17:23:24","guid":{"rendered":"https:\/\/teste49410456.wordpress.com\/?page_id=296"},"modified":"2021-01-30T18:23:24","modified_gmt":"2021-01-30T17:23:24","slug":"remerciements","status":"publish","type":"page","link":"https:\/\/centrelouisebibeau.com\/index.php\/remerciements\/","title":{"rendered":"Partenaires"},"content":{"rendered":"\n<p class=\"has-text-align-center\">Le Centre Louise Bibeau est tr\u00e8s reconnaissant de pouvoir compter sur des <strong>partenaires financiers<\/strong> fid\u00e8les qui participent \u00e0 sa croissance, qui l\u2019appuie dans sa mission de base, dans des projets ponctuels ou qui l\u2019aide \u00e0 am\u00e9liorer la qualit\u00e9 des services offerts. &nbsp;<\/p>\n\n\n\n<figure class=\"wp-block-image size-large\"><img loading=\"lazy\" decoding=\"async\" width=\"1700\" height=\"800\" src=\"https:\/\/centrelouisebibeau.com\/wp-content\/uploads\/2021\/02\/partenaires-1.jpg?w=1024\" alt=\"\" class=\"wp-image-498\" srcset=\"https:\/\/centrelouisebibeau.com\/wp-content\/uploads\/2021\/02\/partenaires-1.jpg 1700w, https:\/\/centrelouisebibeau.com\/wp-content\/uploads\/2021\/02\/partenaires-1-300x141.jpg 300w, https:\/\/centrelouisebibeau.com\/wp-content\/uploads\/2021\/02\/partenaires-1-1024x482.jpg 1024w, https:\/\/centrelouisebibeau.com\/wp-content\/uploads\/2021\/02\/partenaires-1-768x361.jpg 768w, https:\/\/centrelouisebibeau.com\/wp-content\/uploads\/2021\/02\/partenaires-1-1536x723.jpg 1536w, https:\/\/centrelouisebibeau.com\/wp-content\/uploads\/2021\/02\/partenaires-1-1568x738.jpg 1568w\" sizes=\"auto, (max-width: 1700px) 100vw, 1700px\" \/><\/figure>\n\n\n\n<hr class=\"wp-block-separator\" \/>\n\n\n\n<p class=\"has-text-align-center\">Merci aux <strong>organismes partenaires<\/strong> qui, de par leur expertise, accompagnent et soutiennent la direction et le conseil d\u2019administration lorsque n\u00e9cessaire.<\/p>\n\n\n\n<figure class=\"wp-block-image size-large\"><img loading=\"lazy\" decoding=\"async\" width=\"1700\" height=\"600\" src=\"https:\/\/centrelouisebibeau.com\/wp-content\/uploads\/2021\/02\/partenaires-2.jpg?w=1024\" alt=\"\" class=\"wp-image-499\" srcset=\"https:\/\/centrelouisebibeau.com\/wp-content\/uploads\/2021\/02\/partenaires-2.jpg 1700w, https:\/\/centrelouisebibeau.com\/wp-content\/uploads\/2021\/02\/partenaires-2-300x106.jpg 300w, https:\/\/centrelouisebibeau.com\/wp-content\/uploads\/2021\/02\/partenaires-2-1024x361.jpg 1024w, https:\/\/centrelouisebibeau.com\/wp-content\/uploads\/2021\/02\/partenaires-2-768x271.jpg 768w, https:\/\/centrelouisebibeau.com\/wp-content\/uploads\/2021\/02\/partenaires-2-1536x542.jpg 1536w, https:\/\/centrelouisebibeau.com\/wp-content\/uploads\/2021\/02\/partenaires-2-1568x553.jpg 1568w\" sizes=\"auto, (max-width: 1700px) 100vw, 1700px\" \/><\/figure>\n\n\n\n<hr class=\"wp-block-separator\" \/>\n\n\n\n<p class=\"has-text-align-center\">Merci \u00e9galement \u00e0 tous les <strong>donateurs particuliers<\/strong>, club sociaux, communaut\u00e9s religieuses pour votre confiance et votre fid\u00e8le appui envers notre mission!<\/p>\n\n\n\n<div class=\"wp-block-image\"><figure class=\"aligncenter size-large is-resized\"><img loading=\"lazy\" decoding=\"async\" src=\"https:\/\/centrelouisebibeau.com\/wp-content\/uploads\/2021\/01\/centrelouisebibeau_logo_maison-2.jpg?w=750\" alt=\"\" class=\"wp-image-140\" width=\"109\" height=\"109\" srcset=\"https:\/\/centrelouisebibeau.com\/wp-content\/uploads\/2021\/01\/centrelouisebibeau_logo_maison-2.jpg 1400w, https:\/\/centrelouisebibeau.com\/wp-content\/uploads\/2021\/01\/centrelouisebibeau_logo_maison-2-300x300.jpg 300w, https:\/\/centrelouisebibeau.com\/wp-content\/uploads\/2021\/01\/centrelouisebibeau_logo_maison-2-1024x1024.jpg 1024w, https:\/\/centrelouisebibeau.com\/wp-content\/uploads\/2021\/01\/centrelouisebibeau_logo_maison-2-150x150.jpg 150w, https:\/\/centrelouisebibeau.com\/wp-content\/uploads\/2021\/01\/centrelouisebibeau_logo_maison-2-768x768.jpg 768w\" sizes=\"auto, (max-width: 109px) 100vw, 109px\" \/><\/figure><\/div>\n\n\n\n<p><\/p>\n","protected":false},"excerpt":{"rendered":"<p>Le Centre Louise Bibeau est tr\u00e8s reconnaissant de pouvoir compter sur des partenaires financiers fid\u00e8les qui participent \u00e0 sa croissance, qui l\u2019appuie dans sa mission de base, dans des projets ponctuels ou qui l\u2019aide \u00e0 am\u00e9liorer la qualit\u00e9 des services offerts. &nbsp; Merci aux organismes partenaires qui, de par leur expertise, accompagnent et soutiennent la direction et le conseil d\u2019administration &hellip; <\/p>\n","protected":false},"author":1,"featured_media":0,"parent":0,"menu_order":0,"comment_status":"closed","ping_status":"closed","template":"","meta":{"footnotes":""},"class_list":["post-296","page","type-page","status-publish","hentry"],"yoast_head":"<!-- This site is optimized with the Yoast SEO plugin v22.0 - https:\/\/yoast.com\/wordpress\/plugins\/seo\/ -->\n<title>Partenaires -<\/title>\n<meta name=\"robots\" content=\"index, follow, max-snippet:-1, max-image-preview:large, max-video-preview:-1\" \/>\n<link rel=\"canonical\" href=\"https:\/\/centrelouisebibeau.com\/index.php\/remerciements\/\" \/>\n<meta property=\"og:locale\" content=\"fr_FR\" \/>\n<meta property=\"og:type\" content=\"article\" \/>\n<meta property=\"og:title\" content=\"Partenaires -\" \/>\n<meta property=\"og:description\" content=\"Le Centre Louise Bibeau est tr\u00e8s reconnaissant de pouvoir compter sur des partenaires financiers fid\u00e8les qui participent \u00e0 sa croissance, qui l\u2019appuie dans sa mission de base, dans des projets ponctuels ou qui l\u2019aide \u00e0 am\u00e9liorer la qualit\u00e9 des services offerts. &nbsp; Merci aux organismes partenaires qui, de par leur expertise, accompagnent et soutiennent la direction et le conseil d\u2019administration &hellip;\" \/>\n<meta property=\"og:url\" content=\"https:\/\/centrelouisebibeau.com\/index.php\/remerciements\/\" \/>\n<meta property=\"og:image\" content=\"http:\/\/centrelouisebibeau.com\/wp-content\/uploads\/2021\/02\/partenaires-1.jpg?w=1024\" \/>\n<meta name=\"twitter:card\" content=\"summary_large_image\" \/>\n<script type=\"application\/ld+json\" class=\"yoast-schema-graph\">{\"@context\":\"https:\/\/schema.org\",\"@graph\":[{\"@type\":\"WebPage\",\"@id\":\"https:\/\/centrelouisebibeau.com\/index.php\/remerciements\/\",\"url\":\"https:\/\/centrelouisebibeau.com\/index.php\/remerciements\/\",\"name\":\"Partenaires -\",\"isPartOf\":{\"@id\":\"https:\/\/centrelouisebibeau.com\/#website\"},\"datePublished\":\"2021-01-30T17:23:24+00:00\",\"dateModified\":\"2021-01-30T17:23:24+00:00\",\"breadcrumb\":{\"@id\":\"https:\/\/centrelouisebibeau.com\/index.php\/remerciements\/#breadcrumb\"},\"inLanguage\":\"fr-FR\",\"potentialAction\":[{\"@type\":\"ReadAction\",\"target\":[\"https:\/\/centrelouisebibeau.com\/index.php\/remerciements\/\"]}]},{\"@type\":\"BreadcrumbList\",\"@id\":\"https:\/\/centrelouisebibeau.com\/index.php\/remerciements\/#breadcrumb\",\"itemListElement\":[{\"@type\":\"ListItem\",\"position\":1,\"name\":\"Accueil\",\"item\":\"https:\/\/centrelouisebibeau.com\/\"},{\"@type\":\"ListItem\",\"position\":2,\"name\":\"Partenaires\"}]},{\"@type\":\"WebSite\",\"@id\":\"https:\/\/centrelouisebibeau.com\/#website\",\"url\":\"https:\/\/centrelouisebibeau.com\/\",\"name\":\"centrelouisebibeau.com\",\"description\":\"Maison de r\u00e9pit en Mont\u00e9r\u00e9gie\",\"publisher\":{\"@id\":\"https:\/\/centrelouisebibeau.com\/#organization\"},\"potentialAction\":[{\"@type\":\"SearchAction\",\"target\":{\"@type\":\"EntryPoint\",\"urlTemplate\":\"https:\/\/centrelouisebibeau.com\/?s={search_term_string}\"},\"query-input\":\"required name=search_term_string\"}],\"inLanguage\":\"fr-FR\"},{\"@type\":\"Organization\",\"@id\":\"https:\/\/centrelouisebibeau.com\/#organization\",\"name\":\"Centre Louise Bibeau\",\"url\":\"https:\/\/centrelouisebibeau.com\/\",\"logo\":{\"@type\":\"ImageObject\",\"inLanguage\":\"fr-FR\",\"@id\":\"https:\/\/centrelouisebibeau.com\/#\/schema\/logo\/image\/\",\"url\":\"https:\/\/centrelouisebibeau.com\/wp-content\/uploads\/2024\/01\/cropped-cropped-cropped-Birthday-3-e1705004303694-1.png\",\"contentUrl\":\"https:\/\/centrelouisebibeau.com\/wp-content\/uploads\/2024\/01\/cropped-cropped-cropped-Birthday-3-e1705004303694-1.png\",\"width\":350,\"height\":350,\"caption\":\"Centre Louise Bibeau\"},\"image\":{\"@id\":\"https:\/\/centrelouisebibeau.com\/#\/schema\/logo\/image\/\"}}]}<\/script>\n<!-- \/ Yoast SEO plugin. -->","yoast_head_json":{"title":"Partenaires -","robots":{"index":"index","follow":"follow","max-snippet":"max-snippet:-1","max-image-preview":"max-image-preview:large","max-video-preview":"max-video-preview:-1"},"canonical":"https:\/\/centrelouisebibeau.com\/index.php\/remerciements\/","og_locale":"fr_FR","og_type":"article","og_title":"Partenaires -","og_description":"Le Centre Louise Bibeau est tr\u00e8s reconnaissant de pouvoir compter sur des partenaires financiers fid\u00e8les qui participent \u00e0 sa croissance, qui l\u2019appuie dans sa mission de base, dans des projets ponctuels ou qui l\u2019aide \u00e0 am\u00e9liorer la qualit\u00e9 des services offerts. &nbsp; Merci aux organismes partenaires qui, de par leur expertise, accompagnent et soutiennent la direction et le conseil d\u2019administration &hellip;","og_url":"https:\/\/centrelouisebibeau.com\/index.php\/remerciements\/","og_image":[{"url":"http:\/\/centrelouisebibeau.com\/wp-content\/uploads\/2021\/02\/partenaires-1.jpg?w=1024"}],"twitter_card":"summary_large_image","schema":{"@context":"https:\/\/schema.org","@graph":[{"@type":"WebPage","@id":"https:\/\/centrelouisebibeau.com\/index.php\/remerciements\/","url":"https:\/\/centrelouisebibeau.com\/index.php\/remerciements\/","name":"Partenaires -","isPartOf":{"@id":"https:\/\/centrelouisebibeau.com\/#website"},"datePublished":"2021-01-30T17:23:24+00:00","dateModified":"2021-01-30T17:23:24+00:00","breadcrumb":{"@id":"https:\/\/centrelouisebibeau.com\/index.php\/remerciements\/#breadcrumb"},"inLanguage":"fr-FR","potentialAction":[{"@type":"ReadAction","target":["https:\/\/centrelouisebibeau.com\/index.php\/remerciements\/"]}]},{"@type":"BreadcrumbList","@id":"https:\/\/centrelouisebibeau.com\/index.php\/remerciements\/#breadcrumb","itemListElement":[{"@type":"ListItem","position":1,"name":"Accueil","item":"https:\/\/centrelouisebibeau.com\/"},{"@type":"ListItem","position":2,"name":"Partenaires"}]},{"@type":"WebSite","@id":"https:\/\/centrelouisebibeau.com\/#website","url":"https:\/\/centrelouisebibeau.com\/","name":"centrelouisebibeau.com","description":"Maison de r\u00e9pit en Mont\u00e9r\u00e9gie","publisher":{"@id":"https:\/\/centrelouisebibeau.com\/#organization"},"potentialAction":[{"@type":"SearchAction","target":{"@type":"EntryPoint","urlTemplate":"https:\/\/centrelouisebibeau.com\/?s={search_term_string}"},"query-input":"required name=search_term_string"}],"inLanguage":"fr-FR"},{"@type":"Organization","@id":"https:\/\/centrelouisebibeau.com\/#organization","name":"Centre Louise Bibeau","url":"https:\/\/centrelouisebibeau.com\/","logo":{"@type":"ImageObject","inLanguage":"fr-FR","@id":"https:\/\/centrelouisebibeau.com\/#\/schema\/logo\/image\/","url":"https:\/\/centrelouisebibeau.com\/wp-content\/uploads\/2024\/01\/cropped-cropped-cropped-Birthday-3-e1705004303694-1.png","contentUrl":"https:\/\/centrelouisebibeau.com\/wp-content\/uploads\/2024\/01\/cropped-cropped-cropped-Birthday-3-e1705004303694-1.png","width":350,"height":350,"caption":"Centre Louise Bibeau"},"image":{"@id":"https:\/\/centrelouisebibeau.com\/#\/schema\/logo\/image\/"}}]}},"_links":{"self":[{"href":"https:\/\/centrelouisebibeau.com\/index.php\/wp-json\/wp\/v2\/pages\/296","targetHints":{"allow":["GET"]}}],"collection":[{"href":"https:\/\/centrelouisebibeau.com\/index.php\/wp-json\/wp\/v2\/pages"}],"about":[{"href":"https:\/\/centrelouisebibeau.com\/index.php\/wp-json\/wp\/v2\/types\/page"}],"author":[{"embeddable":true,"href":"https:\/\/centrelouisebibeau.com\/index.php\/wp-json\/wp\/v2\/users\/1"}],"replies":[{"embeddable":true,"href":"https:\/\/centrelouisebibeau.com\/index.php\/wp-json\/wp\/v2\/comments?post=296"}],"version-history":[{"count":0,"href":"https:\/\/centrelouisebibeau.com\/index.php\/wp-json\/wp\/v2\/pages\/296\/revisions"}],"wp:attachment":[{"href":"https:\/\/centrelouisebibeau.com\/index.php\/wp-json\/wp\/v2\/media?parent=296"}],"curies":[{"name":"wp","href":"https:\/\/api.w.org\/{rel}","templated":true}]}}