{"id":292,"date":"2021-01-30T18:23:18","date_gmt":"2021-01-30T17:23:18","guid":{"rendered":"https:\/\/teste49410456.wordpress.com\/?page_id=292"},"modified":"2024-07-23T10:26:38","modified_gmt":"2024-07-23T14:26:38","slug":"temoignages","status":"publish","type":"page","link":"https:\/\/centrelouisebibeau.com\/index.php\/temoignages\/","title":{"rendered":"T\u00e9moignages"},"content":{"rendered":"\n<div class=\"wp-block-group\"><div class=\"wp-block-group__inner-container is-layout-constrained wp-block-group-is-layout-constrained\">\n<p class=\"has-text-align-center\"><\/p>\n<\/div><\/div>\n\n\n\n<h2 class=\"wp-block-heading has-text-align-right\">Message de la maman de Louis \u2661&nbsp;<\/h2>\n\n\n\n<div class=\"wp-block-columns is-layout-flex wp-container-core-columns-is-layout-9d6595d7 wp-block-columns-is-layout-flex\">\n<div class=\"wp-block-column is-layout-flow wp-block-column-is-layout-flow\" style=\"flex-basis:37%\">\n<figure class=\"wp-block-image is-resized\"><img loading=\"lazy\" decoding=\"async\" width=\"630\" height=\"572\" src=\"https:\/\/centrelouisebibeau.com\/wp-content\/uploads\/2024\/07\/Capture-decran-le-2024-07-20-a-19.25.11.png\" alt=\"\" class=\"wp-image-1520\" style=\"width:271px;height:auto\" srcset=\"https:\/\/centrelouisebibeau.com\/wp-content\/uploads\/2024\/07\/Capture-decran-le-2024-07-20-a-19.25.11.png 630w, https:\/\/centrelouisebibeau.com\/wp-content\/uploads\/2024\/07\/Capture-decran-le-2024-07-20-a-19.25.11-300x272.png 300w, https:\/\/centrelouisebibeau.com\/wp-content\/uploads\/2024\/07\/Capture-decran-le-2024-07-20-a-19.25.11-66x60.png 66w\" sizes=\"auto, (max-width: 630px) 100vw, 630px\" \/><\/figure>\n\n\n\n<figure class=\"wp-block-image size-full is-resized\"><img loading=\"lazy\" decoding=\"async\" width=\"632\" height=\"572\" src=\"https:\/\/centrelouisebibeau.com\/wp-content\/uploads\/2024\/07\/Capture-decran-le-2024-07-20-a-19.28.37.png\" alt=\"\" class=\"wp-image-1521\" style=\"width:271px;height:auto\" srcset=\"https:\/\/centrelouisebibeau.com\/wp-content\/uploads\/2024\/07\/Capture-decran-le-2024-07-20-a-19.28.37.png 632w, https:\/\/centrelouisebibeau.com\/wp-content\/uploads\/2024\/07\/Capture-decran-le-2024-07-20-a-19.28.37-300x272.png 300w, https:\/\/centrelouisebibeau.com\/wp-content\/uploads\/2024\/07\/Capture-decran-le-2024-07-20-a-19.28.37-66x60.png 66w\" sizes=\"auto, (max-width: 632px) 100vw, 632px\" \/><\/figure>\n\n\n\n<figure class=\"wp-block-image size-full is-resized\"><img loading=\"lazy\" decoding=\"async\" width=\"728\" height=\"672\" src=\"https:\/\/centrelouisebibeau.com\/wp-content\/uploads\/2024\/07\/Capture-decran-le-2024-07-20-a-20.02.19.png\" alt=\"\" class=\"wp-image-1532\" style=\"width:270px;height:auto\" srcset=\"https:\/\/centrelouisebibeau.com\/wp-content\/uploads\/2024\/07\/Capture-decran-le-2024-07-20-a-20.02.19.png 728w, https:\/\/centrelouisebibeau.com\/wp-content\/uploads\/2024\/07\/Capture-decran-le-2024-07-20-a-20.02.19-300x277.png 300w, https:\/\/centrelouisebibeau.com\/wp-content\/uploads\/2024\/07\/Capture-decran-le-2024-07-20-a-20.02.19-65x60.png 65w\" sizes=\"auto, (max-width: 728px) 100vw, 728px\" \/><\/figure>\n<\/div>\n\n\n\n<div class=\"wp-block-column is-layout-flow wp-block-column-is-layout-flow\" style=\"flex-basis:63%\">\n<p>Je me pr\u00e9sente, Julie Larocque, maman de Louis et Simonne et par le biais de mon fils, une b\u00e9n\u00e9ficiaire des services de r\u00e9pit du Centre Louise Bibeau (CLB).&nbsp;Mon fils Louis fr\u00e9quente le CLB environ un weekend par mois depuis l&rsquo;\u00e9t\u00e9 2015. Louis vit avec la trisomie 21. \u00c7a le rend plus vuln\u00e9rable et plus d\u00e9pendant aux autres, moins conscient des dangers, moins autonome dans toutes les sph\u00e8res de sa vie. Comme bien des gar\u00e7ons de son \u00e2ge, Louis aime jouer dehors, aller \u00e0 la piscine, rire et faire des blagues, jouer avec sa soeur et ses amis \u00e0 l&rsquo;\u00e9cole. .&nbsp;<\/p>\n\n\n\n<p>Avec son personnel et ses installations, le centre est un endroit accueillant, s\u00e9curitaire et chaleureux. Mon fils y est toujours accueilli avec le sourire et l\u2019enthousiasme. Du haut de ses sept ans, il insiste pour prendre sa valise seul du coffre de l&rsquo;auto et la porter jusqu\u2019au Centre. Je l&rsquo;aide \u00e0 se d\u00e9shabiller, il me salue et il part tout seul \u00e0 sa chambre. Louis, comme d&rsquo;autres enfants diff\u00e9rents, a un sens inn\u00e9 de l\u2019authenticit\u00e9 et reconna\u00eet la sinc\u00e9rit\u00e9 des sentiments des autres. Je sais qu&rsquo;il se sent bien lors de ses s\u00e9jours au Centre Louise Bibeau. Je pr\u00e9sume aussi, puisque c&rsquo;est un gourmand, que la nourriture y est bonne.&nbsp;<\/p>\n\n\n\n<p><strong>Ce que le r\u00e9pit apporte dans nos vies<\/strong><br><strong>\u00c0 mon fils:<\/strong> L&rsquo;opportunit\u00e9 de vivre des moments o\u00f9 les exigences sont fonci\u00e8rement adapt\u00e9es \u00e0 ses besoins.<br><strong>\u00c0 ma fille:<\/strong> Des moments sans souci \u00e0 propos des all\u00e9es et venues de son fr\u00e8re, un r\u00e9pit de l&rsquo;hyper vigilance qu&rsquo;elle a d\u00e9velopp\u00e9e naturellement au fil des ans.<br><strong>\u00c0 moi: <\/strong>Une fen\u00eatre de 48 heures de repos pour recharger mes batteries, respirer un peu, reprendre contact avec qui je suis et ce qui me rend heureuse (en dehors d&rsquo;\u00eatre la maman exceptionnelle d&rsquo;enfants exceptionnels!) et avoir h\u00e2te de retrouver mon petit bonhomme d&rsquo;amour.<\/p>\n<\/div>\n<\/div>\n\n\n\n<pre class=\"wp-block-verse has-text-align-center\">Merci de la part de Julie, maman de Louis et Simonne&nbsp;<\/pre>\n\n\n\n<hr class=\"wp-block-separator has-css-opacity\"\/>\n\n\n\n<div style=\"height:26px\" aria-hidden=\"true\" class=\"wp-block-spacer\"><\/div>\n\n\n\n<h2 class=\"wp-block-heading has-text-align-right\">Message des parents de Val\u00e9rie \u2661&nbsp;<\/h2>\n\n\n\n<div class=\"wp-block-media-text is-stacked-on-mobile is-vertically-aligned-top\" style=\"grid-template-columns:29% auto\"><figure class=\"wp-block-media-text__media\"><img loading=\"lazy\" decoding=\"async\" width=\"640\" height=\"582\" src=\"https:\/\/centrelouisebibeau.com\/wp-content\/uploads\/2024\/07\/Capture-decran-le-2024-07-20-a-20.26.23.png\" alt=\"\" class=\"wp-image-1549 size-full\" srcset=\"https:\/\/centrelouisebibeau.com\/wp-content\/uploads\/2024\/07\/Capture-decran-le-2024-07-20-a-20.26.23.png 640w, https:\/\/centrelouisebibeau.com\/wp-content\/uploads\/2024\/07\/Capture-decran-le-2024-07-20-a-20.26.23-300x273.png 300w, https:\/\/centrelouisebibeau.com\/wp-content\/uploads\/2024\/07\/Capture-decran-le-2024-07-20-a-20.26.23-66x60.png 66w\" sizes=\"auto, (max-width: 640px) 100vw, 640px\" \/><\/figure><div class=\"wp-block-media-text__content\">\n<p>Notre fille Val\u00e9rie est n\u00e9e avec un diagnostic d\u2019enc\u00e9phalopathie avec \u00e9pilepsie.&nbsp; Elle pr\u00e9sente une d\u00e9ficience intellectuelle s\u00e9v\u00e8re. Val\u00e9rie demeure avec nous, ses parents, depuis sa naissance.&nbsp; Elle a maintenant 33 ans. \u00c0 l\u2019\u00e2ge de cinq ans, Val\u00e9rie a fait un coma \u00e9pileptique qui a rendu son syndrome encore plus s\u00e9v\u00e8re. Les m\u00e9decins nous ont alors avis\u00e9s que Val\u00e9rie ne sera jamais autonome et aura toujours besoin de surveillance et de gens pour s\u2019occuper d\u2019elle.&nbsp;Depuis f\u00e9vrier 2010, Val\u00e9rie est toujours tr\u00e8s contente de ses s\u00e9jours pass\u00e9s au Centre Louise Bibeau et nous, ses parents, sommes tr\u00e8s heureux d\u2019avoir un moment de r\u00e9pit!<\/p>\n<\/div><\/div>\n\n\n\n<div class=\"wp-block-media-text is-stacked-on-mobile\" style=\"grid-template-columns:30% auto\"><figure class=\"wp-block-media-text__media\"><img loading=\"lazy\" decoding=\"async\" width=\"742\" height=\"680\" src=\"https:\/\/centrelouisebibeau.com\/wp-content\/uploads\/2024\/07\/Capture-decran-le-2024-07-20-a-20.28.27.png\" alt=\"\" class=\"wp-image-1551 size-full\" srcset=\"https:\/\/centrelouisebibeau.com\/wp-content\/uploads\/2024\/07\/Capture-decran-le-2024-07-20-a-20.28.27.png 742w, https:\/\/centrelouisebibeau.com\/wp-content\/uploads\/2024\/07\/Capture-decran-le-2024-07-20-a-20.28.27-300x275.png 300w, https:\/\/centrelouisebibeau.com\/wp-content\/uploads\/2024\/07\/Capture-decran-le-2024-07-20-a-20.28.27-65x60.png 65w\" sizes=\"auto, (max-width: 742px) 100vw, 742px\" \/><\/figure><div class=\"wp-block-media-text__content\">\n<p><strong>Vos dons font une diff\u00e9rence!<\/strong><br>Le Centre Louise Bibeau permet aux familles d\u2019avoir une vie plus \u00e9quilibr\u00e9e et un peu de r\u00e9confort pour nous-m\u00eames. Votre participation financi\u00e8re permettra de renforcer cette action que le Centre Louise Bibeau a pour mission. C\u2019est gr\u00e2ce \u00e0 des gens comme eux que nous sommes en mesure de continuer \u00e0 garder nos enfants et d\u2019avoir un \u00e9quilibre mental. Le Centre Louise Bibeau est un endroit rare et les gens qui y travaillent sont des anges qui apportent du r\u00e9confort \u00e0 tous les parents utilisateurs.<br>Vos dons sont indispensables et aideront \u00e0 continuer de b\u00e2tir un avenir meilleur et plus prometteur pour les personnes qui le fr\u00e9quentent.<\/p>\n<\/div><\/div>\n\n\n\n<pre class=\"wp-block-verse has-text-align-center\">Merci de la part de Danielle et Allain, les parents de Val\u00e9rie<\/pre>\n","protected":false},"excerpt":{"rendered":"<p>Message de la maman de Louis \u2661&nbsp; Je me pr\u00e9sente, Julie Larocque, maman de Louis et Simonne et par le biais de mon fils, une b\u00e9n\u00e9ficiaire des services de r\u00e9pit du Centre Louise Bibeau (CLB).&nbsp;Mon fils Louis fr\u00e9quente le CLB environ un weekend par mois depuis l&rsquo;\u00e9t\u00e9 2015. Louis vit avec la trisomie 21. \u00c7a le rend plus vuln\u00e9rable et &hellip; <\/p>\n","protected":false},"author":1,"featured_media":0,"parent":0,"menu_order":0,"comment_status":"open","ping_status":"closed","template":"","meta":{"footnotes":""},"class_list":["post-292","page","type-page","status-publish","hentry"],"yoast_head":"<!-- This site is optimized with the Yoast SEO plugin v22.0 - https:\/\/yoast.com\/wordpress\/plugins\/seo\/ -->\n<title>T\u00e9moignages -<\/title>\n<meta name=\"robots\" content=\"index, follow, max-snippet:-1, max-image-preview:large, max-video-preview:-1\" \/>\n<link rel=\"canonical\" href=\"https:\/\/centrelouisebibeau.com\/index.php\/temoignages\/\" \/>\n<meta property=\"og:locale\" content=\"fr_FR\" \/>\n<meta property=\"og:type\" content=\"article\" \/>\n<meta property=\"og:title\" content=\"T\u00e9moignages -\" \/>\n<meta property=\"og:description\" content=\"Message de la maman de Louis \u2661&nbsp; Je me pr\u00e9sente, Julie Larocque, maman de Louis et Simonne et par le biais de mon fils, une b\u00e9n\u00e9ficiaire des services de r\u00e9pit du Centre Louise Bibeau (CLB).&nbsp;Mon fils Louis fr\u00e9quente le CLB environ un weekend par mois depuis l&rsquo;\u00e9t\u00e9 2015. Louis vit avec la trisomie 21. \u00c7a le rend plus vuln\u00e9rable et &hellip;\" \/>\n<meta property=\"og:url\" content=\"https:\/\/centrelouisebibeau.com\/index.php\/temoignages\/\" \/>\n<meta property=\"article:modified_time\" content=\"2024-07-23T14:26:38+00:00\" \/>\n<meta property=\"og:image\" content=\"https:\/\/centrelouisebibeau.com\/wp-content\/uploads\/2024\/07\/Capture-decran-le-2024-07-20-a-19.25.11.png\" \/>\n<meta name=\"twitter:card\" content=\"summary_large_image\" \/>\n<meta name=\"twitter:label1\" content=\"Dur\u00e9e de lecture estim\u00e9e\" \/>\n\t<meta name=\"twitter:data1\" content=\"4 minutes\" \/>\n<script type=\"application\/ld+json\" class=\"yoast-schema-graph\">{\"@context\":\"https:\/\/schema.org\",\"@graph\":[{\"@type\":\"WebPage\",\"@id\":\"https:\/\/centrelouisebibeau.com\/index.php\/temoignages\/\",\"url\":\"https:\/\/centrelouisebibeau.com\/index.php\/temoignages\/\",\"name\":\"T\u00e9moignages -\",\"isPartOf\":{\"@id\":\"https:\/\/centrelouisebibeau.com\/#website\"},\"datePublished\":\"2021-01-30T17:23:18+00:00\",\"dateModified\":\"2024-07-23T14:26:38+00:00\",\"breadcrumb\":{\"@id\":\"https:\/\/centrelouisebibeau.com\/index.php\/temoignages\/#breadcrumb\"},\"inLanguage\":\"fr-FR\",\"potentialAction\":[{\"@type\":\"ReadAction\",\"target\":[\"https:\/\/centrelouisebibeau.com\/index.php\/temoignages\/\"]}]},{\"@type\":\"BreadcrumbList\",\"@id\":\"https:\/\/centrelouisebibeau.com\/index.php\/temoignages\/#breadcrumb\",\"itemListElement\":[{\"@type\":\"ListItem\",\"position\":1,\"name\":\"Accueil\",\"item\":\"https:\/\/centrelouisebibeau.com\/\"},{\"@type\":\"ListItem\",\"position\":2,\"name\":\"T\u00e9moignages\"}]},{\"@type\":\"WebSite\",\"@id\":\"https:\/\/centrelouisebibeau.com\/#website\",\"url\":\"https:\/\/centrelouisebibeau.com\/\",\"name\":\"centrelouisebibeau.com\",\"description\":\"Maison de r\u00e9pit en Mont\u00e9r\u00e9gie\",\"publisher\":{\"@id\":\"https:\/\/centrelouisebibeau.com\/#organization\"},\"potentialAction\":[{\"@type\":\"SearchAction\",\"target\":{\"@type\":\"EntryPoint\",\"urlTemplate\":\"https:\/\/centrelouisebibeau.com\/?s={search_term_string}\"},\"query-input\":\"required name=search_term_string\"}],\"inLanguage\":\"fr-FR\"},{\"@type\":\"Organization\",\"@id\":\"https:\/\/centrelouisebibeau.com\/#organization\",\"name\":\"Centre Louise Bibeau\",\"url\":\"https:\/\/centrelouisebibeau.com\/\",\"logo\":{\"@type\":\"ImageObject\",\"inLanguage\":\"fr-FR\",\"@id\":\"https:\/\/centrelouisebibeau.com\/#\/schema\/logo\/image\/\",\"url\":\"https:\/\/centrelouisebibeau.com\/wp-content\/uploads\/2024\/01\/cropped-cropped-cropped-Birthday-3-e1705004303694-1.png\",\"contentUrl\":\"https:\/\/centrelouisebibeau.com\/wp-content\/uploads\/2024\/01\/cropped-cropped-cropped-Birthday-3-e1705004303694-1.png\",\"width\":350,\"height\":350,\"caption\":\"Centre Louise Bibeau\"},\"image\":{\"@id\":\"https:\/\/centrelouisebibeau.com\/#\/schema\/logo\/image\/\"}}]}<\/script>\n<!-- \/ Yoast SEO plugin. -->","yoast_head_json":{"title":"T\u00e9moignages -","robots":{"index":"index","follow":"follow","max-snippet":"max-snippet:-1","max-image-preview":"max-image-preview:large","max-video-preview":"max-video-preview:-1"},"canonical":"https:\/\/centrelouisebibeau.com\/index.php\/temoignages\/","og_locale":"fr_FR","og_type":"article","og_title":"T\u00e9moignages -","og_description":"Message de la maman de Louis \u2661&nbsp; Je me pr\u00e9sente, Julie Larocque, maman de Louis et Simonne et par le biais de mon fils, une b\u00e9n\u00e9ficiaire des services de r\u00e9pit du Centre Louise Bibeau (CLB).&nbsp;Mon fils Louis fr\u00e9quente le CLB environ un weekend par mois depuis l&rsquo;\u00e9t\u00e9 2015. Louis vit avec la trisomie 21. \u00c7a le rend plus vuln\u00e9rable et &hellip;","og_url":"https:\/\/centrelouisebibeau.com\/index.php\/temoignages\/","article_modified_time":"2024-07-23T14:26:38+00:00","og_image":[{"url":"https:\/\/centrelouisebibeau.com\/wp-content\/uploads\/2024\/07\/Capture-decran-le-2024-07-20-a-19.25.11.png"}],"twitter_card":"summary_large_image","twitter_misc":{"Dur\u00e9e de lecture estim\u00e9e":"4 minutes"},"schema":{"@context":"https:\/\/schema.org","@graph":[{"@type":"WebPage","@id":"https:\/\/centrelouisebibeau.com\/index.php\/temoignages\/","url":"https:\/\/centrelouisebibeau.com\/index.php\/temoignages\/","name":"T\u00e9moignages -","isPartOf":{"@id":"https:\/\/centrelouisebibeau.com\/#website"},"datePublished":"2021-01-30T17:23:18+00:00","dateModified":"2024-07-23T14:26:38+00:00","breadcrumb":{"@id":"https:\/\/centrelouisebibeau.com\/index.php\/temoignages\/#breadcrumb"},"inLanguage":"fr-FR","potentialAction":[{"@type":"ReadAction","target":["https:\/\/centrelouisebibeau.com\/index.php\/temoignages\/"]}]},{"@type":"BreadcrumbList","@id":"https:\/\/centrelouisebibeau.com\/index.php\/temoignages\/#breadcrumb","itemListElement":[{"@type":"ListItem","position":1,"name":"Accueil","item":"https:\/\/centrelouisebibeau.com\/"},{"@type":"ListItem","position":2,"name":"T\u00e9moignages"}]},{"@type":"WebSite","@id":"https:\/\/centrelouisebibeau.com\/#website","url":"https:\/\/centrelouisebibeau.com\/","name":"centrelouisebibeau.com","description":"Maison de r\u00e9pit en Mont\u00e9r\u00e9gie","publisher":{"@id":"https:\/\/centrelouisebibeau.com\/#organization"},"potentialAction":[{"@type":"SearchAction","target":{"@type":"EntryPoint","urlTemplate":"https:\/\/centrelouisebibeau.com\/?s={search_term_string}"},"query-input":"required name=search_term_string"}],"inLanguage":"fr-FR"},{"@type":"Organization","@id":"https:\/\/centrelouisebibeau.com\/#organization","name":"Centre Louise Bibeau","url":"https:\/\/centrelouisebibeau.com\/","logo":{"@type":"ImageObject","inLanguage":"fr-FR","@id":"https:\/\/centrelouisebibeau.com\/#\/schema\/logo\/image\/","url":"https:\/\/centrelouisebibeau.com\/wp-content\/uploads\/2024\/01\/cropped-cropped-cropped-Birthday-3-e1705004303694-1.png","contentUrl":"https:\/\/centrelouisebibeau.com\/wp-content\/uploads\/2024\/01\/cropped-cropped-cropped-Birthday-3-e1705004303694-1.png","width":350,"height":350,"caption":"Centre Louise Bibeau"},"image":{"@id":"https:\/\/centrelouisebibeau.com\/#\/schema\/logo\/image\/"}}]}},"_links":{"self":[{"href":"https:\/\/centrelouisebibeau.com\/index.php\/wp-json\/wp\/v2\/pages\/292","targetHints":{"allow":["GET"]}}],"collection":[{"href":"https:\/\/centrelouisebibeau.com\/index.php\/wp-json\/wp\/v2\/pages"}],"about":[{"href":"https:\/\/centrelouisebibeau.com\/index.php\/wp-json\/wp\/v2\/types\/page"}],"author":[{"embeddable":true,"href":"https:\/\/centrelouisebibeau.com\/index.php\/wp-json\/wp\/v2\/users\/1"}],"replies":[{"embeddable":true,"href":"https:\/\/centrelouisebibeau.com\/index.php\/wp-json\/wp\/v2\/comments?post=292"}],"version-history":[{"count":27,"href":"https:\/\/centrelouisebibeau.com\/index.php\/wp-json\/wp\/v2\/pages\/292\/revisions"}],"predecessor-version":[{"id":1653,"href":"https:\/\/centrelouisebibeau.com\/index.php\/wp-json\/wp\/v2\/pages\/292\/revisions\/1653"}],"wp:attachment":[{"href":"https:\/\/centrelouisebibeau.com\/index.php\/wp-json\/wp\/v2\/media?parent=292"}],"curies":[{"name":"wp","href":"https:\/\/api.w.org\/{rel}","templated":true}]}}