{"id":285,"date":"2021-01-30T18:23:09","date_gmt":"2021-01-30T17:23:09","guid":{"rendered":"https:\/\/teste49410456.wordpress.com\/?page_id=285"},"modified":"2024-07-24T14:20:11","modified_gmt":"2024-07-24T18:20:11","slug":"horaire","status":"publish","type":"page","link":"https:\/\/centrelouisebibeau.com\/index.php\/horaire\/","title":{"rendered":"Horaire des r\u00e9pits"},"content":{"rendered":"\n<div class=\"wp-block-media-text has-media-on-the-right is-stacked-on-mobile\" style=\"grid-template-columns:auto 25%\"><div class=\"wp-block-media-text__content\">\n<p>Nos services de r\u00e9pit sont disponibles aussi bien la semaine que le week-end, cependant les horaires varient. En semaine, les usagers ne peuvent venir que pendant la journ\u00e9e, tandis que le week-end, ils ont la possibilit\u00e9 de s\u00e9journer pour la nuit. Pendant la p\u00e9riode estivale, le centre est ouvert 24\/7.<\/p>\n<\/div><figure class=\"wp-block-media-text__media\"><img loading=\"lazy\" decoding=\"async\" width=\"746\" height=\"602\" src=\"https:\/\/centrelouisebibeau.com\/wp-content\/uploads\/2024\/07\/Capture-decran-le-2024-07-20-a-20.58.50-2.png\" alt=\"\" class=\"wp-image-1578 size-full\" srcset=\"https:\/\/centrelouisebibeau.com\/wp-content\/uploads\/2024\/07\/Capture-decran-le-2024-07-20-a-20.58.50-2.png 746w, https:\/\/centrelouisebibeau.com\/wp-content\/uploads\/2024\/07\/Capture-decran-le-2024-07-20-a-20.58.50-2-300x242.png 300w, https:\/\/centrelouisebibeau.com\/wp-content\/uploads\/2024\/07\/Capture-decran-le-2024-07-20-a-20.58.50-2-74x60.png 74w\" sizes=\"auto, (max-width: 746px) 100vw, 746px\" \/><\/figure><\/div>\n\n\n\n<p class=\"has-text-align-center\"><em>Veuillez cliquer sur les onglets ci-dessous pour plus de d\u00e9tails pour chaque type de r\u00e9pit.<\/em><\/p>\n\n\n\n<p><\/p>\n\n\n\n<hr class=\"wp-block-separator has-alpha-channel-opacity\"\/>\n\n\n\n<details class=\"wp-block-details is-layout-flow wp-block-details-is-layout-flow\"><summary>\u2765 Semaine<\/summary>\n<p>\u00c0 partir de la fin du mois d&rsquo;ao\u00fbt jusqu&rsquo;\u00e0 la p\u00e9riode estivale, les familles ont la possibilit\u00e9 de r\u00e9server des r\u00e9pits de <strong>jour uniquement du lundi au vendredi, de 8h \u00e0 16h00<\/strong>. En d&rsquo;autres termes, les usagers ne peuvent pas b\u00e9n\u00e9ficier de services d&rsquo;h\u00e9bergement durant la semaine.<\/p>\n<\/details>\n\n\n\n<hr class=\"wp-block-separator has-alpha-channel-opacity\"\/>\n\n\n\n<details class=\"wp-block-details is-layout-flow wp-block-details-is-layout-flow\"><summary>\u2765 Week-end<\/summary>\n<p>Le r\u00e9pit du week-end d\u00e9bute le <strong>vendredi soir \u00e0 16h30 et se termine le dimanche soir \u00e0 16h00<\/strong>. Les familles ont la possibilit\u00e9 de r\u00e9server uniquement la journ\u00e9e (par exemple: 8h \u00e0 15h) ou bien l&rsquo;ensemble du week-end, offrant ainsi un r\u00e9pit bien m\u00e9rit\u00e9. Cela permet \u00e9galement \u00e0 l&rsquo;usager de b\u00e9n\u00e9ficier d&rsquo;un temps prolong\u00e9 pour socialiser et cr\u00e9er de pr\u00e9cieux souvenirs avec de nouvelles personnes.<\/p>\n<\/details>\n\n\n\n<hr class=\"wp-block-separator has-alpha-channel-opacity\"\/>\n\n\n\n<details class=\"wp-block-details is-layout-flow wp-block-details-is-layout-flow\"><summary>\u2765 Jours f\u00e9ri\u00e9s &amp; semaine de rel\u00e2che&nbsp;<\/summary>\n<p>Il peut arriver que nous ouvrions pendant les jours f\u00e9ri\u00e9s et la semaine de rel\u00e2che. Cependant, l&rsquo;ouverture du centre d\u00e9pend du nombre de r\u00e9servations re\u00e7ues et de la disponibilit\u00e9 de notre personnel. Par cons\u00e9quent, il est <strong>essentiel de nous contacter pour v\u00e9rifier si nous sommes ouverts<\/strong> ces jours-l\u00e0.<\/p>\n<\/details>\n\n\n\n<hr class=\"wp-block-separator has-alpha-channel-opacity\"\/>\n\n\n\n<details class=\"wp-block-details is-layout-flow wp-block-details-is-layout-flow\"><summary>\u2765 P\u00e9riode estivale (juin, juillet et ao\u00fbt)<\/summary>\n<p>Du <strong>24 juin \u00e0 la mi-ao\u00fbt, nous sommes ouverts 24 heures sur 24, 7 jours sur 7<\/strong>, pour offrir aux familles utilisatrices la possibilit\u00e9 de r\u00e9server une ou deux semaines de vacances compl\u00e8tes. Cette p\u00e9riode prolong\u00e9e permet aux familles de planifier leurs vacances en toute tranquillit\u00e9, en sachant que leurs proches sont pris en charge de mani\u00e8re continue et professionnelle.<\/p>\n<\/details>\n\n\n\n<hr class=\"wp-block-separator has-alpha-channel-opacity\"\/>\n\n\n\n<p class=\"has-text-align-center\"><\/p>\n\n\n\n<div style=\"height:30px\" aria-hidden=\"true\" class=\"wp-block-spacer\"><\/div>\n\n\n\n<div class=\"wp-block-group is-vertical is-layout-flex wp-container-core-group-is-layout-8cf370e7 wp-block-group-is-layout-flex\">\n<p><strong>Pour les nouveaux usagers:<\/strong><\/p>\n\n\n\n<p>*<em>Veuillez noter que la direction ne peut accorder un week-end complet \u00e0 un usager sans que celui-ci ait pr\u00e9alablement effectu\u00e9 des essais de jour. Le nombre d&rsquo;essais requis peut varier en fonction de la situation sp\u00e9cifique de l&rsquo;usager. Cette approche graduelle est essentielle, car elle permet \u00e0 la personne de s&rsquo;adapter progressivement \u00e0 la routine du centre et favorise une transition plus harmonieuse.<\/em><\/p>\n\n\n\n<p class=\"has-text-align-left\"><\/p>\n<\/div>\n\n\n\n<p class=\"has-text-align-center\"><strong>Pour r\u00e9server une place, veuillez contacter la direction! \ud83d\ude42 <\/strong><\/p>\n\n\n<div class=\"wp-block-image\">\n<figure class=\"aligncenter size-large is-resized\"><img loading=\"lazy\" decoding=\"async\" width=\"1400\" height=\"1400\" src=\"https:\/\/centrelouisebibeau.com\/wp-content\/uploads\/2021\/01\/centrelouisebibeau_logo_maison-1.jpg?w=750\" alt=\"\" class=\"wp-image-126\" style=\"width:113px;height:113px\" srcset=\"https:\/\/centrelouisebibeau.com\/wp-content\/uploads\/2021\/01\/centrelouisebibeau_logo_maison-1.jpg 1400w, https:\/\/centrelouisebibeau.com\/wp-content\/uploads\/2021\/01\/centrelouisebibeau_logo_maison-1-300x300.jpg 300w, https:\/\/centrelouisebibeau.com\/wp-content\/uploads\/2021\/01\/centrelouisebibeau_logo_maison-1-1024x1024.jpg 1024w, https:\/\/centrelouisebibeau.com\/wp-content\/uploads\/2021\/01\/centrelouisebibeau_logo_maison-1-150x150.jpg 150w, https:\/\/centrelouisebibeau.com\/wp-content\/uploads\/2021\/01\/centrelouisebibeau_logo_maison-1-768x768.jpg 768w\" sizes=\"auto, (max-width: 1400px) 100vw, 1400px\" \/><\/figure>\n<\/div>","protected":false},"excerpt":{"rendered":"<p>Nos services de r\u00e9pit sont disponibles aussi bien la semaine que le week-end, cependant les horaires varient. En semaine, les usagers ne peuvent venir que pendant la journ\u00e9e, tandis que le week-end, ils ont la possibilit\u00e9 de s\u00e9journer pour la nuit. Pendant la p\u00e9riode estivale, le centre est ouvert 24\/7. Veuillez cliquer sur les onglets ci-dessous pour plus de d\u00e9tails &hellip; <\/p>\n","protected":false},"author":1,"featured_media":0,"parent":0,"menu_order":0,"comment_status":"closed","ping_status":"closed","template":"","meta":{"footnotes":""},"class_list":["post-285","page","type-page","status-publish","hentry"],"yoast_head":"<!-- This site is optimized with the Yoast SEO plugin v22.0 - https:\/\/yoast.com\/wordpress\/plugins\/seo\/ -->\n<title>Horaire des r\u00e9pits -<\/title>\n<meta name=\"robots\" content=\"index, follow, max-snippet:-1, max-image-preview:large, max-video-preview:-1\" \/>\n<link rel=\"canonical\" href=\"https:\/\/centrelouisebibeau.com\/index.php\/horaire\/\" \/>\n<meta property=\"og:locale\" content=\"fr_FR\" \/>\n<meta property=\"og:type\" content=\"article\" \/>\n<meta property=\"og:title\" content=\"Horaire des r\u00e9pits -\" \/>\n<meta property=\"og:description\" content=\"Nos services de r\u00e9pit sont disponibles aussi bien la semaine que le week-end, cependant les horaires varient. En semaine, les usagers ne peuvent venir que pendant la journ\u00e9e, tandis que le week-end, ils ont la possibilit\u00e9 de s\u00e9journer pour la nuit. Pendant la p\u00e9riode estivale, le centre est ouvert 24\/7. Veuillez cliquer sur les onglets ci-dessous pour plus de d\u00e9tails &hellip;\" \/>\n<meta property=\"og:url\" content=\"https:\/\/centrelouisebibeau.com\/index.php\/horaire\/\" \/>\n<meta property=\"article:modified_time\" content=\"2024-07-24T18:20:11+00:00\" \/>\n<meta property=\"og:image\" content=\"https:\/\/centrelouisebibeau.com\/wp-content\/uploads\/2024\/07\/Capture-decran-le-2024-07-20-a-20.58.50-2.png\" \/>\n<meta name=\"twitter:card\" content=\"summary_large_image\" \/>\n<meta name=\"twitter:label1\" content=\"Dur\u00e9e de lecture estim\u00e9e\" \/>\n\t<meta name=\"twitter:data1\" content=\"3 minutes\" \/>\n<script type=\"application\/ld+json\" class=\"yoast-schema-graph\">{\"@context\":\"https:\/\/schema.org\",\"@graph\":[{\"@type\":\"WebPage\",\"@id\":\"https:\/\/centrelouisebibeau.com\/index.php\/horaire\/\",\"url\":\"https:\/\/centrelouisebibeau.com\/index.php\/horaire\/\",\"name\":\"Horaire des r\u00e9pits -\",\"isPartOf\":{\"@id\":\"https:\/\/centrelouisebibeau.com\/#website\"},\"datePublished\":\"2021-01-30T17:23:09+00:00\",\"dateModified\":\"2024-07-24T18:20:11+00:00\",\"breadcrumb\":{\"@id\":\"https:\/\/centrelouisebibeau.com\/index.php\/horaire\/#breadcrumb\"},\"inLanguage\":\"fr-FR\",\"potentialAction\":[{\"@type\":\"ReadAction\",\"target\":[\"https:\/\/centrelouisebibeau.com\/index.php\/horaire\/\"]}]},{\"@type\":\"BreadcrumbList\",\"@id\":\"https:\/\/centrelouisebibeau.com\/index.php\/horaire\/#breadcrumb\",\"itemListElement\":[{\"@type\":\"ListItem\",\"position\":1,\"name\":\"Accueil\",\"item\":\"https:\/\/centrelouisebibeau.com\/\"},{\"@type\":\"ListItem\",\"position\":2,\"name\":\"Horaire des r\u00e9pits\"}]},{\"@type\":\"WebSite\",\"@id\":\"https:\/\/centrelouisebibeau.com\/#website\",\"url\":\"https:\/\/centrelouisebibeau.com\/\",\"name\":\"centrelouisebibeau.com\",\"description\":\"Maison de r\u00e9pit en Mont\u00e9r\u00e9gie\",\"publisher\":{\"@id\":\"https:\/\/centrelouisebibeau.com\/#organization\"},\"potentialAction\":[{\"@type\":\"SearchAction\",\"target\":{\"@type\":\"EntryPoint\",\"urlTemplate\":\"https:\/\/centrelouisebibeau.com\/?s={search_term_string}\"},\"query-input\":\"required name=search_term_string\"}],\"inLanguage\":\"fr-FR\"},{\"@type\":\"Organization\",\"@id\":\"https:\/\/centrelouisebibeau.com\/#organization\",\"name\":\"Centre Louise Bibeau\",\"url\":\"https:\/\/centrelouisebibeau.com\/\",\"logo\":{\"@type\":\"ImageObject\",\"inLanguage\":\"fr-FR\",\"@id\":\"https:\/\/centrelouisebibeau.com\/#\/schema\/logo\/image\/\",\"url\":\"https:\/\/centrelouisebibeau.com\/wp-content\/uploads\/2024\/01\/cropped-cropped-cropped-Birthday-3-e1705004303694-1.png\",\"contentUrl\":\"https:\/\/centrelouisebibeau.com\/wp-content\/uploads\/2024\/01\/cropped-cropped-cropped-Birthday-3-e1705004303694-1.png\",\"width\":350,\"height\":350,\"caption\":\"Centre Louise Bibeau\"},\"image\":{\"@id\":\"https:\/\/centrelouisebibeau.com\/#\/schema\/logo\/image\/\"}}]}<\/script>\n<!-- \/ Yoast SEO plugin. -->","yoast_head_json":{"title":"Horaire des r\u00e9pits -","robots":{"index":"index","follow":"follow","max-snippet":"max-snippet:-1","max-image-preview":"max-image-preview:large","max-video-preview":"max-video-preview:-1"},"canonical":"https:\/\/centrelouisebibeau.com\/index.php\/horaire\/","og_locale":"fr_FR","og_type":"article","og_title":"Horaire des r\u00e9pits -","og_description":"Nos services de r\u00e9pit sont disponibles aussi bien la semaine que le week-end, cependant les horaires varient. En semaine, les usagers ne peuvent venir que pendant la journ\u00e9e, tandis que le week-end, ils ont la possibilit\u00e9 de s\u00e9journer pour la nuit. Pendant la p\u00e9riode estivale, le centre est ouvert 24\/7. Veuillez cliquer sur les onglets ci-dessous pour plus de d\u00e9tails &hellip;","og_url":"https:\/\/centrelouisebibeau.com\/index.php\/horaire\/","article_modified_time":"2024-07-24T18:20:11+00:00","og_image":[{"url":"https:\/\/centrelouisebibeau.com\/wp-content\/uploads\/2024\/07\/Capture-decran-le-2024-07-20-a-20.58.50-2.png"}],"twitter_card":"summary_large_image","twitter_misc":{"Dur\u00e9e de lecture estim\u00e9e":"3 minutes"},"schema":{"@context":"https:\/\/schema.org","@graph":[{"@type":"WebPage","@id":"https:\/\/centrelouisebibeau.com\/index.php\/horaire\/","url":"https:\/\/centrelouisebibeau.com\/index.php\/horaire\/","name":"Horaire des r\u00e9pits -","isPartOf":{"@id":"https:\/\/centrelouisebibeau.com\/#website"},"datePublished":"2021-01-30T17:23:09+00:00","dateModified":"2024-07-24T18:20:11+00:00","breadcrumb":{"@id":"https:\/\/centrelouisebibeau.com\/index.php\/horaire\/#breadcrumb"},"inLanguage":"fr-FR","potentialAction":[{"@type":"ReadAction","target":["https:\/\/centrelouisebibeau.com\/index.php\/horaire\/"]}]},{"@type":"BreadcrumbList","@id":"https:\/\/centrelouisebibeau.com\/index.php\/horaire\/#breadcrumb","itemListElement":[{"@type":"ListItem","position":1,"name":"Accueil","item":"https:\/\/centrelouisebibeau.com\/"},{"@type":"ListItem","position":2,"name":"Horaire des r\u00e9pits"}]},{"@type":"WebSite","@id":"https:\/\/centrelouisebibeau.com\/#website","url":"https:\/\/centrelouisebibeau.com\/","name":"centrelouisebibeau.com","description":"Maison de r\u00e9pit en Mont\u00e9r\u00e9gie","publisher":{"@id":"https:\/\/centrelouisebibeau.com\/#organization"},"potentialAction":[{"@type":"SearchAction","target":{"@type":"EntryPoint","urlTemplate":"https:\/\/centrelouisebibeau.com\/?s={search_term_string}"},"query-input":"required name=search_term_string"}],"inLanguage":"fr-FR"},{"@type":"Organization","@id":"https:\/\/centrelouisebibeau.com\/#organization","name":"Centre Louise Bibeau","url":"https:\/\/centrelouisebibeau.com\/","logo":{"@type":"ImageObject","inLanguage":"fr-FR","@id":"https:\/\/centrelouisebibeau.com\/#\/schema\/logo\/image\/","url":"https:\/\/centrelouisebibeau.com\/wp-content\/uploads\/2024\/01\/cropped-cropped-cropped-Birthday-3-e1705004303694-1.png","contentUrl":"https:\/\/centrelouisebibeau.com\/wp-content\/uploads\/2024\/01\/cropped-cropped-cropped-Birthday-3-e1705004303694-1.png","width":350,"height":350,"caption":"Centre Louise Bibeau"},"image":{"@id":"https:\/\/centrelouisebibeau.com\/#\/schema\/logo\/image\/"}}]}},"_links":{"self":[{"href":"https:\/\/centrelouisebibeau.com\/index.php\/wp-json\/wp\/v2\/pages\/285","targetHints":{"allow":["GET"]}}],"collection":[{"href":"https:\/\/centrelouisebibeau.com\/index.php\/wp-json\/wp\/v2\/pages"}],"about":[{"href":"https:\/\/centrelouisebibeau.com\/index.php\/wp-json\/wp\/v2\/types\/page"}],"author":[{"embeddable":true,"href":"https:\/\/centrelouisebibeau.com\/index.php\/wp-json\/wp\/v2\/users\/1"}],"replies":[{"embeddable":true,"href":"https:\/\/centrelouisebibeau.com\/index.php\/wp-json\/wp\/v2\/comments?post=285"}],"version-history":[{"count":31,"href":"https:\/\/centrelouisebibeau.com\/index.php\/wp-json\/wp\/v2\/pages\/285\/revisions"}],"predecessor-version":[{"id":1716,"href":"https:\/\/centrelouisebibeau.com\/index.php\/wp-json\/wp\/v2\/pages\/285\/revisions\/1716"}],"wp:attachment":[{"href":"https:\/\/centrelouisebibeau.com\/index.php\/wp-json\/wp\/v2\/media?parent=285"}],"curies":[{"name":"wp","href":"https:\/\/api.w.org\/{rel}","templated":true}]}}