{"id":12,"date":"2021-01-28T17:37:35","date_gmt":"2021-01-28T16:37:35","guid":{"rendered":"https:\/\/teste49410456.wordpress.com\/?page_id=6"},"modified":"2025-02-03T13:06:42","modified_gmt":"2025-02-03T18:06:42","slug":"home","status":"publish","type":"page","link":"https:\/\/centrelouisebibeau.com\/","title":{"rendered":"\u00c0 propos"},"content":{"rendered":"<div class=\"wp-block-image\">\n<figure class=\"aligncenter size-large is-resized\"><img loading=\"lazy\" decoding=\"async\" width=\"1024\" height=\"201\" src=\"https:\/\/centrelouisebibeau.com\/wp-content\/uploads\/2024\/01\/Capture-decran-le-2024-01-15-a-13.54.00-1024x201.png\" alt=\"\" class=\"wp-image-1068\" style=\"width:458px;height:auto\" srcset=\"https:\/\/centrelouisebibeau.com\/wp-content\/uploads\/2024\/01\/Capture-decran-le-2024-01-15-a-13.54.00-1024x201.png 1024w, https:\/\/centrelouisebibeau.com\/wp-content\/uploads\/2024\/01\/Capture-decran-le-2024-01-15-a-13.54.00-300x59.png 300w, https:\/\/centrelouisebibeau.com\/wp-content\/uploads\/2024\/01\/Capture-decran-le-2024-01-15-a-13.54.00-768x150.png 768w, https:\/\/centrelouisebibeau.com\/wp-content\/uploads\/2024\/01\/Capture-decran-le-2024-01-15-a-13.54.00-306x60.png 306w, https:\/\/centrelouisebibeau.com\/wp-content\/uploads\/2024\/01\/Capture-decran-le-2024-01-15-a-13.54.00.png 1144w\" sizes=\"auto, (max-width: 1024px) 100vw, 1024px\" \/><\/figure>\n<\/div>\n\n\n<figure class=\"wp-block-image size-full is-resized\"><img loading=\"lazy\" decoding=\"async\" width=\"420\" height=\"88\" src=\"https:\/\/centrelouisebibeau.com\/wp-content\/uploads\/2024\/01\/Capture-decran-le-2024-01-15-a-13.54.56.png\" alt=\"\" class=\"wp-image-1071\" style=\"width:95px;height:auto\" srcset=\"https:\/\/centrelouisebibeau.com\/wp-content\/uploads\/2024\/01\/Capture-decran-le-2024-01-15-a-13.54.56.png 420w, https:\/\/centrelouisebibeau.com\/wp-content\/uploads\/2024\/01\/Capture-decran-le-2024-01-15-a-13.54.56-300x63.png 300w, https:\/\/centrelouisebibeau.com\/wp-content\/uploads\/2024\/01\/Capture-decran-le-2024-01-15-a-13.54.56-286x60.png 286w\" sizes=\"auto, (max-width: 420px) 100vw, 420px\" \/><\/figure>\n\n\n\n<div class=\"wp-block-group is-nowrap is-layout-flex wp-container-core-group-is-layout-ad2f72ca wp-block-group-is-layout-flex\">\n<figure class=\"wp-block-image size-full is-resized\"><img loading=\"lazy\" decoding=\"async\" width=\"732\" height=\"242\" src=\"https:\/\/centrelouisebibeau.com\/wp-content\/uploads\/2024\/07\/Capture-decran-le-2024-07-30-a-14.18.50.png\" alt=\"\" class=\"wp-image-1729\" style=\"width:212px;height:auto\" srcset=\"https:\/\/centrelouisebibeau.com\/wp-content\/uploads\/2024\/07\/Capture-decran-le-2024-07-30-a-14.18.50.png 732w, https:\/\/centrelouisebibeau.com\/wp-content\/uploads\/2024\/07\/Capture-decran-le-2024-07-30-a-14.18.50-300x99.png 300w, https:\/\/centrelouisebibeau.com\/wp-content\/uploads\/2024\/07\/Capture-decran-le-2024-07-30-a-14.18.50-181x60.png 181w\" sizes=\"auto, (max-width: 732px) 100vw, 732px\" \/><\/figure>\n<\/div>\n\n\n\n<p class=\"has-text-align-left\">Le Centre Louise Bibeau est une maison de r\u00e9pit communautaire autonome qui r\u00e9pond aux besoins des familles de la Mont\u00e9r\u00e9gie ayant des proches vivant avec une d\u00e9ficience intellectuelle, avec ou sans d\u00e9ficience physique. Dans un environnement chaleureux, enrichissant et s\u00e9curis\u00e9, le Centre Louise Bibeau propose une prise en charge temporaire (appel\u00e9e r\u00e9pit), permettant aux familles de maintenir un \u00e9quilibre de vie et de pr\u00e9venir l&rsquo;\u00e9puisement.<\/p>\n\n\n<div class=\"wp-block-image\">\n<figure class=\"aligncenter size-large is-resized\"><img loading=\"lazy\" decoding=\"async\" width=\"1024\" height=\"416\" src=\"https:\/\/centrelouisebibeau.com\/wp-content\/uploads\/2024\/01\/Capture-decran-le-2024-01-15-a-13.15.00-1024x416.png\" alt=\"\" class=\"wp-image-1040\" style=\"width:629px;height:auto\" srcset=\"https:\/\/centrelouisebibeau.com\/wp-content\/uploads\/2024\/01\/Capture-decran-le-2024-01-15-a-13.15.00-1024x416.png 1024w, https:\/\/centrelouisebibeau.com\/wp-content\/uploads\/2024\/01\/Capture-decran-le-2024-01-15-a-13.15.00-300x122.png 300w, https:\/\/centrelouisebibeau.com\/wp-content\/uploads\/2024\/01\/Capture-decran-le-2024-01-15-a-13.15.00-768x312.png 768w, https:\/\/centrelouisebibeau.com\/wp-content\/uploads\/2024\/01\/Capture-decran-le-2024-01-15-a-13.15.00-148x60.png 148w, https:\/\/centrelouisebibeau.com\/wp-content\/uploads\/2024\/01\/Capture-decran-le-2024-01-15-a-13.15.00.png 1502w\" sizes=\"auto, (max-width: 1024px) 100vw, 1024px\" \/><\/figure>\n<\/div>\n\n\n<figure class=\"wp-block-image size-full is-resized\"><img loading=\"lazy\" decoding=\"async\" width=\"420\" height=\"88\" src=\"https:\/\/centrelouisebibeau.com\/wp-content\/uploads\/2024\/01\/Capture-decran-le-2024-01-15-a-13.54.56.png\" alt=\"\" class=\"wp-image-1071\" style=\"width:95px;height:auto\" srcset=\"https:\/\/centrelouisebibeau.com\/wp-content\/uploads\/2024\/01\/Capture-decran-le-2024-01-15-a-13.54.56.png 420w, https:\/\/centrelouisebibeau.com\/wp-content\/uploads\/2024\/01\/Capture-decran-le-2024-01-15-a-13.54.56-300x63.png 300w, https:\/\/centrelouisebibeau.com\/wp-content\/uploads\/2024\/01\/Capture-decran-le-2024-01-15-a-13.54.56-286x60.png 286w\" sizes=\"auto, (max-width: 420px) 100vw, 420px\" \/><\/figure>\n\n\n\n<div class=\"wp-block-group is-nowrap is-layout-flex wp-container-core-group-is-layout-ad2f72ca wp-block-group-is-layout-flex\">\n<figure class=\"wp-block-image size-full is-resized\"><img loading=\"lazy\" decoding=\"async\" width=\"394\" height=\"152\" src=\"https:\/\/centrelouisebibeau.com\/wp-content\/uploads\/2024\/07\/Capture-decran-le-2024-07-30-a-15.12.27.png\" alt=\"\" class=\"wp-image-1735\" style=\"width:218px;height:auto\" srcset=\"https:\/\/centrelouisebibeau.com\/wp-content\/uploads\/2024\/07\/Capture-decran-le-2024-07-30-a-15.12.27.png 394w, https:\/\/centrelouisebibeau.com\/wp-content\/uploads\/2024\/07\/Capture-decran-le-2024-07-30-a-15.12.27-300x116.png 300w, https:\/\/centrelouisebibeau.com\/wp-content\/uploads\/2024\/07\/Capture-decran-le-2024-07-30-a-15.12.27-156x60.png 156w\" sizes=\"auto, (max-width: 394px) 100vw, 394px\" \/><\/figure>\n<\/div>\n\n\n\n<p class=\"has-text-align-left\">Le Centre Louise Bibeau reconna\u00eet que chaque famille est unique, et que chaque membre qui la compose est une personne \u00e0 part enti\u00e8re. Notre approche, fond\u00e9e sur l&rsquo;accueil et l&rsquo;\u00e9coute attentive, vise \u00e0 r\u00e9pondre de mani\u00e8re adapt\u00e9e aux besoins sp\u00e9cifiques de r\u00e9pit de chacune des familles que nous accompagnons. Nous nous engageons \u00e0 prendre en compte l&rsquo;histoire, la culture et l&rsquo;environnement propre \u00e0 chaque famille pour offrir un soutien individualis\u00e9 et respectueux.<\/p>\n\n\n\n<figure class=\"wp-block-gallery has-nested-images columns-default is-cropped wp-block-gallery-1 is-layout-flex wp-block-gallery-is-layout-flex\">\n<figure class=\"wp-block-image size-large is-resized\"><img loading=\"lazy\" decoding=\"async\" width=\"1024\" height=\"417\" data-id=\"1042\" src=\"https:\/\/centrelouisebibeau.com\/wp-content\/uploads\/2024\/01\/Capture-decran-le-2024-01-15-a-13.15.11-1024x417.png\" alt=\"\" class=\"wp-image-1042\" style=\"width:655px;height:auto\" srcset=\"https:\/\/centrelouisebibeau.com\/wp-content\/uploads\/2024\/01\/Capture-decran-le-2024-01-15-a-13.15.11-1024x417.png 1024w, https:\/\/centrelouisebibeau.com\/wp-content\/uploads\/2024\/01\/Capture-decran-le-2024-01-15-a-13.15.11-300x122.png 300w, https:\/\/centrelouisebibeau.com\/wp-content\/uploads\/2024\/01\/Capture-decran-le-2024-01-15-a-13.15.11-768x313.png 768w, https:\/\/centrelouisebibeau.com\/wp-content\/uploads\/2024\/01\/Capture-decran-le-2024-01-15-a-13.15.11-147x60.png 147w, https:\/\/centrelouisebibeau.com\/wp-content\/uploads\/2024\/01\/Capture-decran-le-2024-01-15-a-13.15.11.png 1492w\" sizes=\"auto, (max-width: 1024px) 100vw, 1024px\" \/><\/figure>\n<\/figure>\n\n\n\n<figure class=\"wp-block-image size-full is-resized\"><img loading=\"lazy\" decoding=\"async\" width=\"420\" height=\"88\" src=\"https:\/\/centrelouisebibeau.com\/wp-content\/uploads\/2024\/01\/Capture-decran-le-2024-01-15-a-13.54.56.png\" alt=\"\" class=\"wp-image-1071\" style=\"width:95px;height:auto\" srcset=\"https:\/\/centrelouisebibeau.com\/wp-content\/uploads\/2024\/01\/Capture-decran-le-2024-01-15-a-13.54.56.png 420w, https:\/\/centrelouisebibeau.com\/wp-content\/uploads\/2024\/01\/Capture-decran-le-2024-01-15-a-13.54.56-300x63.png 300w, https:\/\/centrelouisebibeau.com\/wp-content\/uploads\/2024\/01\/Capture-decran-le-2024-01-15-a-13.54.56-286x60.png 286w\" sizes=\"auto, (max-width: 420px) 100vw, 420px\" \/><\/figure>\n\n\n\n<figure class=\"wp-block-image size-full is-resized\"><img loading=\"lazy\" decoding=\"async\" width=\"754\" height=\"244\" src=\"https:\/\/centrelouisebibeau.com\/wp-content\/uploads\/2024\/07\/Capture-decran-le-2024-07-30-a-14.18.59.png\" alt=\"\" class=\"wp-image-1730\" style=\"width:235px;height:auto\" srcset=\"https:\/\/centrelouisebibeau.com\/wp-content\/uploads\/2024\/07\/Capture-decran-le-2024-07-30-a-14.18.59.png 754w, https:\/\/centrelouisebibeau.com\/wp-content\/uploads\/2024\/07\/Capture-decran-le-2024-07-30-a-14.18.59-300x97.png 300w, https:\/\/centrelouisebibeau.com\/wp-content\/uploads\/2024\/07\/Capture-decran-le-2024-07-30-a-14.18.59-185x60.png 185w\" sizes=\"auto, (max-width: 754px) 100vw, 754px\" \/><\/figure>\n\n\n\n<p>Notre approche humaniste et ax\u00e9e sur l&rsquo;individualit\u00e9 consid\u00e8re chaque acteur qui s&rsquo;implique au centre comme un membre \u00e0 part enti\u00e8re de la soci\u00e9t\u00e9. Ensemble, nous collaborons \u00e0 am\u00e9liorer les conditions de vie des familles ayant un proche touch\u00e9 par une d\u00e9ficience intellectuelle. Ainsi, nous promouvons l&rsquo;engagement citoyen, la participation active dans la vie associative et d\u00e9mocratique, ainsi que la d\u00e9fense collective des droits de ces familles.<\/p>\n\n\n<div class=\"wp-block-image\">\n<figure class=\"aligncenter size-large is-resized\"><img loading=\"lazy\" decoding=\"async\" width=\"1024\" height=\"456\" src=\"https:\/\/centrelouisebibeau.com\/wp-content\/uploads\/2024\/01\/Capture-decran-le-2024-01-15-a-13.28.07-1024x456.png\" alt=\"\" class=\"wp-image-1046\" style=\"width:584px;height:auto\" srcset=\"https:\/\/centrelouisebibeau.com\/wp-content\/uploads\/2024\/01\/Capture-decran-le-2024-01-15-a-13.28.07-1024x456.png 1024w, https:\/\/centrelouisebibeau.com\/wp-content\/uploads\/2024\/01\/Capture-decran-le-2024-01-15-a-13.28.07-300x134.png 300w, https:\/\/centrelouisebibeau.com\/wp-content\/uploads\/2024\/01\/Capture-decran-le-2024-01-15-a-13.28.07-768x342.png 768w, https:\/\/centrelouisebibeau.com\/wp-content\/uploads\/2024\/01\/Capture-decran-le-2024-01-15-a-13.28.07-1536x684.png 1536w, https:\/\/centrelouisebibeau.com\/wp-content\/uploads\/2024\/01\/Capture-decran-le-2024-01-15-a-13.28.07-135x60.png 135w, https:\/\/centrelouisebibeau.com\/wp-content\/uploads\/2024\/01\/Capture-decran-le-2024-01-15-a-13.28.07.png 1666w\" sizes=\"auto, (max-width: 1024px) 100vw, 1024px\" \/><\/figure>\n<\/div>\n\n\n<figure class=\"wp-block-image size-large is-resized\"><img loading=\"lazy\" decoding=\"async\" width=\"1024\" height=\"131\" src=\"https:\/\/centrelouisebibeau.com\/wp-content\/uploads\/2024\/01\/Capture-decran-le-2024-01-15-a-13.37.34-1024x131.png\" alt=\"\" class=\"wp-image-1057\" style=\"width:156px;height:auto\" srcset=\"https:\/\/centrelouisebibeau.com\/wp-content\/uploads\/2024\/01\/Capture-decran-le-2024-01-15-a-13.37.34-1024x131.png 1024w, https:\/\/centrelouisebibeau.com\/wp-content\/uploads\/2024\/01\/Capture-decran-le-2024-01-15-a-13.37.34-300x38.png 300w, https:\/\/centrelouisebibeau.com\/wp-content\/uploads\/2024\/01\/Capture-decran-le-2024-01-15-a-13.37.34-768x98.png 768w, https:\/\/centrelouisebibeau.com\/wp-content\/uploads\/2024\/01\/Capture-decran-le-2024-01-15-a-13.37.34-468x60.png 468w, https:\/\/centrelouisebibeau.com\/wp-content\/uploads\/2024\/01\/Capture-decran-le-2024-01-15-a-13.37.34.png 1154w\" sizes=\"auto, (max-width: 1024px) 100vw, 1024px\" \/><\/figure>\n\n\n<div class=\"wp-block-image\">\n<figure class=\"aligncenter size-large is-resized\"><img loading=\"lazy\" decoding=\"async\" width=\"1024\" height=\"292\" src=\"https:\/\/centrelouisebibeau.com\/wp-content\/uploads\/2024\/07\/Capture-decran-le-2024-07-30-a-14.17.07-1024x292.png\" alt=\"\" class=\"wp-image-1726\" style=\"width:312px;height:auto\" srcset=\"https:\/\/centrelouisebibeau.com\/wp-content\/uploads\/2024\/07\/Capture-decran-le-2024-07-30-a-14.17.07-1024x292.png 1024w, https:\/\/centrelouisebibeau.com\/wp-content\/uploads\/2024\/07\/Capture-decran-le-2024-07-30-a-14.17.07-300x85.png 300w, https:\/\/centrelouisebibeau.com\/wp-content\/uploads\/2024\/07\/Capture-decran-le-2024-07-30-a-14.17.07-768x219.png 768w, https:\/\/centrelouisebibeau.com\/wp-content\/uploads\/2024\/07\/Capture-decran-le-2024-07-30-a-14.17.07-211x60.png 211w, https:\/\/centrelouisebibeau.com\/wp-content\/uploads\/2024\/07\/Capture-decran-le-2024-07-30-a-14.17.07.png 1124w\" sizes=\"auto, (max-width: 1024px) 100vw, 1024px\" \/><\/figure>\n<\/div>\n\n\n<p><strong>L&rsquo;accueil <\/strong>est au coeur de nos actions. Ainsi, tant aupr\u00e8s des familles et des partenaires qu&rsquo;aupr\u00e8s des acteurs qui s&rsquo;impliquent dans l&rsquo;organisme. En effet, il est de la responsabilit\u00e9 de tous d&rsquo;\u00eatre \u00e0 l&rsquo;\u00e9coute, de comprendre les diverses r\u00e9alit\u00e9s et d&rsquo;agir avec bienveillance pour maintenir les liens de confiance.<\/p>\n\n\n\n<p><strong>La s\u00e9curit\u00e9<\/strong> est le moteur de nos interventions. Nous offrons un milieu sain et adapt\u00e9 aux besoins physiques et psychologiques des personnes vivant avec une d\u00e9ficience intellectuelle. Nous favorisons le bien \u00eatre de nos usagers en leur offrant un environnement norm\u00e9, prot\u00e9g\u00e9 et stimulant.<\/p>\n\n\n\n<p><strong>La collaboration<\/strong> est au centre de nos pratiques d&rsquo;entraide. Chaque acteur qui s&rsquo;investie dans l&rsquo;organisme s&rsquo;engage \u00e0 donner le meilleur de soi-m\u00eame, de s&rsquo;impliquer dans l&rsquo;int\u00e9r\u00eat de l&rsquo;organisme et de maintenir des relations bienveillantes avec autrui. <\/p>\n\n\n\n<p><strong>L&rsquo;\u00e9thique <\/strong>est l&rsquo;assise de notre positionnement professionnel. Chaque individu, s&rsquo;impliquant de proche ou de loin ont \u00e0 coeur de maintenir la cr\u00e9dibilit\u00e9 du centre en agissant avec rigueur, int\u00e9grit\u00e9, honn\u00eatet\u00e9 et d\u00e9vouement. D&rsquo;ailleurs, chaque personne applique fid\u00e8lement le mode de gestion, les politiques, les proc\u00e9dures et les r\u00e8gles de confidentialit\u00e9.<\/p>\n\n\n<div class=\"wp-block-image\">\n<figure class=\"aligncenter size-large is-resized\"><img loading=\"lazy\" decoding=\"async\" width=\"1024\" height=\"711\" src=\"https:\/\/centrelouisebibeau.com\/wp-content\/uploads\/2024\/01\/Capture-decran-le-2024-01-15-a-13.34.45-1024x711.png\" alt=\"\" class=\"wp-image-1054\" style=\"width:454px;height:auto\" srcset=\"https:\/\/centrelouisebibeau.com\/wp-content\/uploads\/2024\/01\/Capture-decran-le-2024-01-15-a-13.34.45-1024x711.png 1024w, https:\/\/centrelouisebibeau.com\/wp-content\/uploads\/2024\/01\/Capture-decran-le-2024-01-15-a-13.34.45-300x208.png 300w, https:\/\/centrelouisebibeau.com\/wp-content\/uploads\/2024\/01\/Capture-decran-le-2024-01-15-a-13.34.45-768x534.png 768w, https:\/\/centrelouisebibeau.com\/wp-content\/uploads\/2024\/01\/Capture-decran-le-2024-01-15-a-13.34.45-86x60.png 86w, https:\/\/centrelouisebibeau.com\/wp-content\/uploads\/2024\/01\/Capture-decran-le-2024-01-15-a-13.34.45.png 1402w\" sizes=\"auto, (max-width: 1024px) 100vw, 1024px\" \/><\/figure>\n<\/div>\n\n<div class=\"wp-block-image\">\n<figure class=\"aligncenter size-full is-resized\"><img loading=\"lazy\" decoding=\"async\" width=\"424\" height=\"256\" src=\"https:\/\/centrelouisebibeau.com\/wp-content\/uploads\/2024\/01\/Capture-decran-le-2024-01-13-a-13.35.53-2.png\" alt=\"\" class=\"wp-image-934\" style=\"width:182px;height:auto\" srcset=\"https:\/\/centrelouisebibeau.com\/wp-content\/uploads\/2024\/01\/Capture-decran-le-2024-01-13-a-13.35.53-2.png 424w, https:\/\/centrelouisebibeau.com\/wp-content\/uploads\/2024\/01\/Capture-decran-le-2024-01-13-a-13.35.53-2-300x181.png 300w, https:\/\/centrelouisebibeau.com\/wp-content\/uploads\/2024\/01\/Capture-decran-le-2024-01-13-a-13.35.53-2-99x60.png 99w\" sizes=\"auto, (max-width: 424px) 100vw, 424px\" \/><\/figure>\n<\/div>\n\n\n<p><\/p>\n","protected":false},"excerpt":{"rendered":"<p>Le Centre Louise Bibeau est une maison de r\u00e9pit communautaire autonome qui r\u00e9pond aux besoins des familles de la Mont\u00e9r\u00e9gie ayant des proches vivant avec une d\u00e9ficience intellectuelle, avec ou sans d\u00e9ficience physique. Dans un environnement chaleureux, enrichissant et s\u00e9curis\u00e9, le Centre Louise Bibeau propose une prise en charge temporaire (appel\u00e9e r\u00e9pit), permettant aux familles de maintenir un \u00e9quilibre de &hellip; <\/p>\n","protected":false},"author":1,"featured_media":0,"parent":0,"menu_order":1,"comment_status":"closed","ping_status":"closed","template":"","meta":{"footnotes":""},"class_list":["post-12","page","type-page","status-publish","hentry"],"yoast_head":"<!-- This site is optimized with the Yoast SEO plugin v22.0 - https:\/\/yoast.com\/wordpress\/plugins\/seo\/ -->\n<title>\u00c0 propos -<\/title>\n<meta name=\"robots\" content=\"index, follow, max-snippet:-1, max-image-preview:large, max-video-preview:-1\" \/>\n<link rel=\"canonical\" href=\"https:\/\/centrelouisebibeau.com\/\" \/>\n<meta property=\"og:locale\" content=\"fr_FR\" \/>\n<meta property=\"og:type\" content=\"article\" \/>\n<meta property=\"og:title\" content=\"\u00c0 propos -\" \/>\n<meta property=\"og:description\" content=\"Le Centre Louise Bibeau est une maison de r\u00e9pit communautaire autonome qui r\u00e9pond aux besoins des familles de la Mont\u00e9r\u00e9gie ayant des proches vivant avec une d\u00e9ficience intellectuelle, avec ou sans d\u00e9ficience physique. Dans un environnement chaleureux, enrichissant et s\u00e9curis\u00e9, le Centre Louise Bibeau propose une prise en charge temporaire (appel\u00e9e r\u00e9pit), permettant aux familles de maintenir un \u00e9quilibre de &hellip;\" \/>\n<meta property=\"og:url\" content=\"https:\/\/centrelouisebibeau.com\/\" \/>\n<meta property=\"article:modified_time\" content=\"2025-02-03T18:06:42+00:00\" \/>\n<meta property=\"og:image\" content=\"https:\/\/centrelouisebibeau.com\/wp-content\/uploads\/2024\/01\/Capture-decran-le-2024-01-15-a-13.54.00-1024x201.png\" \/>\n<meta name=\"twitter:card\" content=\"summary_large_image\" \/>\n<meta name=\"twitter:label1\" content=\"Dur\u00e9e de lecture estim\u00e9e\" \/>\n\t<meta name=\"twitter:data1\" content=\"5 minutes\" \/>\n<script type=\"application\/ld+json\" class=\"yoast-schema-graph\">{\"@context\":\"https:\/\/schema.org\",\"@graph\":[{\"@type\":\"WebPage\",\"@id\":\"https:\/\/centrelouisebibeau.com\/\",\"url\":\"https:\/\/centrelouisebibeau.com\/\",\"name\":\"\u00c0 propos -\",\"isPartOf\":{\"@id\":\"https:\/\/centrelouisebibeau.com\/#website\"},\"datePublished\":\"2021-01-28T16:37:35+00:00\",\"dateModified\":\"2025-02-03T18:06:42+00:00\",\"breadcrumb\":{\"@id\":\"https:\/\/centrelouisebibeau.com\/#breadcrumb\"},\"inLanguage\":\"fr-FR\",\"potentialAction\":[{\"@type\":\"ReadAction\",\"target\":[\"https:\/\/centrelouisebibeau.com\/\"]}]},{\"@type\":\"BreadcrumbList\",\"@id\":\"https:\/\/centrelouisebibeau.com\/#breadcrumb\",\"itemListElement\":[{\"@type\":\"ListItem\",\"position\":1,\"name\":\"Accueil\",\"item\":\"https:\/\/centrelouisebibeau.com\/\"},{\"@type\":\"ListItem\",\"position\":2,\"name\":\"\u00c0 propos\"}]},{\"@type\":\"WebSite\",\"@id\":\"https:\/\/centrelouisebibeau.com\/#website\",\"url\":\"https:\/\/centrelouisebibeau.com\/\",\"name\":\"centrelouisebibeau.com\",\"description\":\"Maison de r\u00e9pit en Mont\u00e9r\u00e9gie\",\"publisher\":{\"@id\":\"https:\/\/centrelouisebibeau.com\/#organization\"},\"potentialAction\":[{\"@type\":\"SearchAction\",\"target\":{\"@type\":\"EntryPoint\",\"urlTemplate\":\"https:\/\/centrelouisebibeau.com\/?s={search_term_string}\"},\"query-input\":\"required name=search_term_string\"}],\"inLanguage\":\"fr-FR\"},{\"@type\":\"Organization\",\"@id\":\"https:\/\/centrelouisebibeau.com\/#organization\",\"name\":\"Centre Louise Bibeau\",\"url\":\"https:\/\/centrelouisebibeau.com\/\",\"logo\":{\"@type\":\"ImageObject\",\"inLanguage\":\"fr-FR\",\"@id\":\"https:\/\/centrelouisebibeau.com\/#\/schema\/logo\/image\/\",\"url\":\"https:\/\/centrelouisebibeau.com\/wp-content\/uploads\/2024\/01\/cropped-cropped-cropped-Birthday-3-e1705004303694-1.png\",\"contentUrl\":\"https:\/\/centrelouisebibeau.com\/wp-content\/uploads\/2024\/01\/cropped-cropped-cropped-Birthday-3-e1705004303694-1.png\",\"width\":350,\"height\":350,\"caption\":\"Centre Louise Bibeau\"},\"image\":{\"@id\":\"https:\/\/centrelouisebibeau.com\/#\/schema\/logo\/image\/\"}}]}<\/script>\n<!-- \/ Yoast SEO plugin. -->","yoast_head_json":{"title":"\u00c0 propos -","robots":{"index":"index","follow":"follow","max-snippet":"max-snippet:-1","max-image-preview":"max-image-preview:large","max-video-preview":"max-video-preview:-1"},"canonical":"https:\/\/centrelouisebibeau.com\/","og_locale":"fr_FR","og_type":"article","og_title":"\u00c0 propos -","og_description":"Le Centre Louise Bibeau est une maison de r\u00e9pit communautaire autonome qui r\u00e9pond aux besoins des familles de la Mont\u00e9r\u00e9gie ayant des proches vivant avec une d\u00e9ficience intellectuelle, avec ou sans d\u00e9ficience physique. Dans un environnement chaleureux, enrichissant et s\u00e9curis\u00e9, le Centre Louise Bibeau propose une prise en charge temporaire (appel\u00e9e r\u00e9pit), permettant aux familles de maintenir un \u00e9quilibre de &hellip;","og_url":"https:\/\/centrelouisebibeau.com\/","article_modified_time":"2025-02-03T18:06:42+00:00","og_image":[{"url":"https:\/\/centrelouisebibeau.com\/wp-content\/uploads\/2024\/01\/Capture-decran-le-2024-01-15-a-13.54.00-1024x201.png"}],"twitter_card":"summary_large_image","twitter_misc":{"Dur\u00e9e de lecture estim\u00e9e":"5 minutes"},"schema":{"@context":"https:\/\/schema.org","@graph":[{"@type":"WebPage","@id":"https:\/\/centrelouisebibeau.com\/","url":"https:\/\/centrelouisebibeau.com\/","name":"\u00c0 propos -","isPartOf":{"@id":"https:\/\/centrelouisebibeau.com\/#website"},"datePublished":"2021-01-28T16:37:35+00:00","dateModified":"2025-02-03T18:06:42+00:00","breadcrumb":{"@id":"https:\/\/centrelouisebibeau.com\/#breadcrumb"},"inLanguage":"fr-FR","potentialAction":[{"@type":"ReadAction","target":["https:\/\/centrelouisebibeau.com\/"]}]},{"@type":"BreadcrumbList","@id":"https:\/\/centrelouisebibeau.com\/#breadcrumb","itemListElement":[{"@type":"ListItem","position":1,"name":"Accueil","item":"https:\/\/centrelouisebibeau.com\/"},{"@type":"ListItem","position":2,"name":"\u00c0 propos"}]},{"@type":"WebSite","@id":"https:\/\/centrelouisebibeau.com\/#website","url":"https:\/\/centrelouisebibeau.com\/","name":"centrelouisebibeau.com","description":"Maison de r\u00e9pit en Mont\u00e9r\u00e9gie","publisher":{"@id":"https:\/\/centrelouisebibeau.com\/#organization"},"potentialAction":[{"@type":"SearchAction","target":{"@type":"EntryPoint","urlTemplate":"https:\/\/centrelouisebibeau.com\/?s={search_term_string}"},"query-input":"required name=search_term_string"}],"inLanguage":"fr-FR"},{"@type":"Organization","@id":"https:\/\/centrelouisebibeau.com\/#organization","name":"Centre Louise Bibeau","url":"https:\/\/centrelouisebibeau.com\/","logo":{"@type":"ImageObject","inLanguage":"fr-FR","@id":"https:\/\/centrelouisebibeau.com\/#\/schema\/logo\/image\/","url":"https:\/\/centrelouisebibeau.com\/wp-content\/uploads\/2024\/01\/cropped-cropped-cropped-Birthday-3-e1705004303694-1.png","contentUrl":"https:\/\/centrelouisebibeau.com\/wp-content\/uploads\/2024\/01\/cropped-cropped-cropped-Birthday-3-e1705004303694-1.png","width":350,"height":350,"caption":"Centre Louise Bibeau"},"image":{"@id":"https:\/\/centrelouisebibeau.com\/#\/schema\/logo\/image\/"}}]}},"_links":{"self":[{"href":"https:\/\/centrelouisebibeau.com\/index.php\/wp-json\/wp\/v2\/pages\/12","targetHints":{"allow":["GET"]}}],"collection":[{"href":"https:\/\/centrelouisebibeau.com\/index.php\/wp-json\/wp\/v2\/pages"}],"about":[{"href":"https:\/\/centrelouisebibeau.com\/index.php\/wp-json\/wp\/v2\/types\/page"}],"author":[{"embeddable":true,"href":"https:\/\/centrelouisebibeau.com\/index.php\/wp-json\/wp\/v2\/users\/1"}],"replies":[{"embeddable":true,"href":"https:\/\/centrelouisebibeau.com\/index.php\/wp-json\/wp\/v2\/comments?post=12"}],"version-history":[{"count":106,"href":"https:\/\/centrelouisebibeau.com\/index.php\/wp-json\/wp\/v2\/pages\/12\/revisions"}],"predecessor-version":[{"id":1736,"href":"https:\/\/centrelouisebibeau.com\/index.php\/wp-json\/wp\/v2\/pages\/12\/revisions\/1736"}],"wp:attachment":[{"href":"https:\/\/centrelouisebibeau.com\/index.php\/wp-json\/wp\/v2\/media?parent=12"}],"curies":[{"name":"wp","href":"https:\/\/api.w.org\/{rel}","templated":true}]}}